{"id":87,"date":"2022-10-03T20:24:11","date_gmt":"2022-10-03T18:24:11","guid":{"rendered":"https:\/\/davidsibieude.art\/?page_id=87"},"modified":"2022-11-09T21:54:01","modified_gmt":"2022-11-09T20:54:01","slug":"entre-2-zwischen-2-premiere-partie","status":"publish","type":"page","link":"https:\/\/davidsibieude.art\/index.php\/entre-2-zwischen-2-premiere-partie\/","title":{"rendered":"Exposition Entre 2 \/ Zwischen 2 (premi\u00e8re partie)"},"content":{"rendered":"\n<p>Jardin des Deux Rives \u00e0 Strasbourg, France &#8211; du 21 mai 2022 au 14 octobre 2022<\/p>\n\n\n\n<div style=\"height:100px\" aria-hidden=\"true\" class=\"wp-block-spacer\"><\/div>\n\n\n\n<p><em>Entre 2 \/ Zwischen 2<\/em> est une exposition, mont\u00e9e par l&rsquo;association Quinz&rsquo;art en partenariat avec la Galerie municipale de Offenbourg (Allemagne), qui invitait 10 artistes fran\u00e7ais et allemands \u00e0 se rencontrer et \u00e0 cr\u00e9er chacun sur de grands panneaux de bois, le temps d&rsquo;un week-end, une \u0153uvre autour de la th\u00e9matique de la m\u00e9moire. L&rsquo;objectif de ce projet collaboratif \u00e9tait de renforcer les liens d&rsquo;amitit\u00e9 qui unissent depuis longtemps la France et l&rsquo;Allemagne. Les diff\u00e9rentes \u0153uvres ont \u00e9t\u00e9 expos\u00e9es plus de 4 mois au Jardin des Deux Rives \u00e0 Strasbourg.<br><br>La peinture que j&rsquo;ai r\u00e9alis\u00e9 pour cette occasion se nomme <em>\u00c9closion d&rsquo;un souvenir<\/em>. C&rsquo;est une peinture \u00e0 l&rsquo;acrylique qui mesure 2,60 m de hauteur x 3,60 m de largeur.<br><br>Cette <a href=\"https:\/\/davidsibieude.art\/index.php\/peinture-abstraite\/\"><em>peinture abstraite<\/em><\/a> exprime le double mouvement simulatn\u00e9 du monde. Celui d&rsquo;une d\u00e9couverte que l&rsquo;on oublie, ou d&rsquo;une amn\u00e9sie qui nous revient \u00e0 la m\u00e9moire. <br>  <\/p>\n\n\n\n<div style=\"height:100px\" aria-hidden=\"true\" class=\"wp-block-spacer\"><\/div>\n\n\n\n<figure class=\"wp-block-image size-large\"><img data-recalc-dims=\"1\" loading=\"lazy\" decoding=\"async\" width=\"1024\" height=\"768\" src=\"https:\/\/i0.wp.com\/davidsibieude.art\/wp-content\/uploads\/2022\/10\/eclosion-dun-souvenir-site-web-.jpg?resize=1024%2C768&#038;ssl=1\" alt=\"\" class=\"wp-image-89\" srcset=\"https:\/\/i0.wp.com\/davidsibieude.art\/wp-content\/uploads\/2022\/10\/eclosion-dun-souvenir-site-web-.jpg?resize=1024%2C768&amp;ssl=1 1024w, https:\/\/i0.wp.com\/davidsibieude.art\/wp-content\/uploads\/2022\/10\/eclosion-dun-souvenir-site-web-.jpg?resize=300%2C225&amp;ssl=1 300w, https:\/\/i0.wp.com\/davidsibieude.art\/wp-content\/uploads\/2022\/10\/eclosion-dun-souvenir-site-web-.jpg?resize=768%2C576&amp;ssl=1 768w, https:\/\/i0.wp.com\/davidsibieude.art\/wp-content\/uploads\/2022\/10\/eclosion-dun-souvenir-site-web-.jpg?w=1181&amp;ssl=1 1181w\" sizes=\"auto, (max-width: 1024px) 100vw, 1024px\" \/><figcaption class=\"wp-element-caption\"><strong>Exposition Entre 2 \/ Zwischen 2<\/strong> <strong>(premi\u00e8re partie)<\/strong> \/ \u00c9closion d&rsquo;un souvenir &#8211; 2022<\/figcaption><\/figure>\n\n\n\n<div style=\"height:100px\" aria-hidden=\"true\" class=\"wp-block-spacer\"><\/div>\n\n\n\n<figure class=\"wp-block-image size-large\"><img data-recalc-dims=\"1\" loading=\"lazy\" decoding=\"async\" width=\"1024\" height=\"726\" src=\"https:\/\/i0.wp.com\/davidsibieude.art\/wp-content\/uploads\/2022\/10\/carton-dinvitation-Entre-2_-site-web.jpg?resize=1024%2C726&#038;ssl=1\" alt=\"\" class=\"wp-image-260\" srcset=\"https:\/\/i0.wp.com\/davidsibieude.art\/wp-content\/uploads\/2022\/10\/carton-dinvitation-Entre-2_-site-web.jpg?resize=1024%2C726&amp;ssl=1 1024w, https:\/\/i0.wp.com\/davidsibieude.art\/wp-content\/uploads\/2022\/10\/carton-dinvitation-Entre-2_-site-web.jpg?resize=300%2C213&amp;ssl=1 300w, https:\/\/i0.wp.com\/davidsibieude.art\/wp-content\/uploads\/2022\/10\/carton-dinvitation-Entre-2_-site-web.jpg?resize=768%2C545&amp;ssl=1 768w, https:\/\/i0.wp.com\/davidsibieude.art\/wp-content\/uploads\/2022\/10\/carton-dinvitation-Entre-2_-site-web.jpg?w=1410&amp;ssl=1 1410w\" sizes=\"auto, (max-width: 1024px) 100vw, 1024px\" \/><figcaption class=\"wp-element-caption\"><strong>Exposition Entre 2 \/ Zwischen 2<\/strong> <strong>(premi\u00e8re partie)<\/strong> \/ Carton d&rsquo;invitation &#8211; 2022<\/figcaption><\/figure>\n","protected":false},"excerpt":{"rendered":"<p>Jardin des Deux Rives \u00e0 Strasbourg, France &#8211; du 21 mai 2022 au 14 octobre 2022 Entre 2 \/ Zwischen 2 est une exposition, mont\u00e9e par l&rsquo;association Quinz&rsquo;art en partenariat avec la Galerie municipale de Offenbourg (Allemagne), qui invitait 10 artistes fran\u00e7ais et allemands \u00e0 se rencontrer et \u00e0 cr\u00e9er chacun sur de grands panneaux &#8230; <a title=\"Exposition Entre 2 \/ Zwischen 2 (premi\u00e8re partie)\" class=\"read-more\" href=\"https:\/\/davidsibieude.art\/index.php\/entre-2-zwischen-2-premiere-partie\/\" aria-label=\"En savoir plus sur Exposition Entre 2 \/ Zwischen 2 (premi\u00e8re partie)\">Lire la suite<\/a><\/p>\n","protected":false},"author":1,"featured_media":0,"parent":0,"menu_order":0,"comment_status":"closed","ping_status":"closed","template":"","meta":{"footnotes":""},"class_list":["post-87","page","type-page","status-publish"],"yoast_head":"<!-- This site is optimized with the Yoast SEO plugin v26.0 - https:\/\/yoast.com\/wordpress\/plugins\/seo\/ -->\n<title>Exposition Entre 2 \/ Zwischen 2 (premi\u00e8re partie) - David Sibieude<\/title>\n<meta name=\"robots\" content=\"index, follow, max-snippet:-1, max-image-preview:large, max-video-preview:-1\" \/>\n<link rel=\"canonical\" href=\"https:\/\/davidsibieude.art\/index.php\/entre-2-zwischen-2-premiere-partie\/\" \/>\n<meta property=\"og:locale\" content=\"fr_FR\" \/>\n<meta property=\"og:type\" content=\"article\" \/>\n<meta property=\"og:title\" content=\"Exposition Entre 2 \/ Zwischen 2 (premi\u00e8re partie) - David Sibieude\" \/>\n<meta property=\"og:description\" content=\"Jardin des Deux Rives \u00e0 Strasbourg, France &#8211; du 21 mai 2022 au 14 octobre 2022 Entre 2 \/ Zwischen 2 est une exposition, mont\u00e9e par l&rsquo;association Quinz&rsquo;art en partenariat avec la Galerie municipale de Offenbourg (Allemagne), qui invitait 10 artistes fran\u00e7ais et allemands \u00e0 se rencontrer et \u00e0 cr\u00e9er chacun sur de grands panneaux ... Lire la suite\" \/>\n<meta property=\"og:url\" content=\"https:\/\/davidsibieude.art\/index.php\/entre-2-zwischen-2-premiere-partie\/\" \/>\n<meta property=\"og:site_name\" content=\"David Sibieude\" \/>\n<meta property=\"article:modified_time\" content=\"2022-11-09T20:54:01+00:00\" \/>\n<meta property=\"og:image\" content=\"https:\/\/davidsibieude.art\/wp-content\/uploads\/2022\/10\/eclosion-dun-souvenir-site-web--1024x768.jpg\" \/>\n<meta name=\"twitter:card\" content=\"summary_large_image\" \/>\n<meta name=\"twitter:label1\" content=\"Dur\u00e9e de lecture estim\u00e9e\" \/>\n\t<meta name=\"twitter:data1\" content=\"1 minute\" \/>\n<script type=\"application\/ld+json\" class=\"yoast-schema-graph\">{\"@context\":\"https:\/\/schema.org\",\"@graph\":[{\"@type\":\"WebPage\",\"@id\":\"https:\/\/davidsibieude.art\/index.php\/entre-2-zwischen-2-premiere-partie\/\",\"url\":\"https:\/\/davidsibieude.art\/index.php\/entre-2-zwischen-2-premiere-partie\/\",\"name\":\"Exposition Entre 2 \/ Zwischen 2 (premi\u00e8re partie) - David Sibieude\",\"isPartOf\":{\"@id\":\"https:\/\/davidsibieude.art\/#website\"},\"primaryImageOfPage\":{\"@id\":\"https:\/\/davidsibieude.art\/index.php\/entre-2-zwischen-2-premiere-partie\/#primaryimage\"},\"image\":{\"@id\":\"https:\/\/davidsibieude.art\/index.php\/entre-2-zwischen-2-premiere-partie\/#primaryimage\"},\"thumbnailUrl\":\"https:\/\/davidsibieude.art\/wp-content\/uploads\/2022\/10\/eclosion-dun-souvenir-site-web--1024x768.jpg\",\"datePublished\":\"2022-10-03T18:24:11+00:00\",\"dateModified\":\"2022-11-09T20:54:01+00:00\",\"breadcrumb\":{\"@id\":\"https:\/\/davidsibieude.art\/index.php\/entre-2-zwischen-2-premiere-partie\/#breadcrumb\"},\"inLanguage\":\"fr-FR\",\"potentialAction\":[{\"@type\":\"ReadAction\",\"target\":[\"https:\/\/davidsibieude.art\/index.php\/entre-2-zwischen-2-premiere-partie\/\"]}]},{\"@type\":\"ImageObject\",\"inLanguage\":\"fr-FR\",\"@id\":\"https:\/\/davidsibieude.art\/index.php\/entre-2-zwischen-2-premiere-partie\/#primaryimage\",\"url\":\"https:\/\/i0.wp.com\/davidsibieude.art\/wp-content\/uploads\/2022\/10\/eclosion-dun-souvenir-site-web-.jpg?fit=1181%2C886&ssl=1\",\"contentUrl\":\"https:\/\/i0.wp.com\/davidsibieude.art\/wp-content\/uploads\/2022\/10\/eclosion-dun-souvenir-site-web-.jpg?fit=1181%2C886&ssl=1\",\"width\":1181,\"height\":886},{\"@type\":\"BreadcrumbList\",\"@id\":\"https:\/\/davidsibieude.art\/index.php\/entre-2-zwischen-2-premiere-partie\/#breadcrumb\",\"itemListElement\":[{\"@type\":\"ListItem\",\"position\":1,\"name\":\"Accueil\",\"item\":\"https:\/\/davidsibieude.art\/\"},{\"@type\":\"ListItem\",\"position\":2,\"name\":\"Exposition Entre 2 \/ Zwischen 2 (premi\u00e8re partie)\"}]},{\"@type\":\"WebSite\",\"@id\":\"https:\/\/davidsibieude.art\/#website\",\"url\":\"https:\/\/davidsibieude.art\/\",\"name\":\"David Sibieude\",\"description\":\"artiste peintre\",\"potentialAction\":[{\"@type\":\"SearchAction\",\"target\":{\"@type\":\"EntryPoint\",\"urlTemplate\":\"https:\/\/davidsibieude.art\/?s={search_term_string}\"},\"query-input\":{\"@type\":\"PropertyValueSpecification\",\"valueRequired\":true,\"valueName\":\"search_term_string\"}}],\"inLanguage\":\"fr-FR\"}]}<\/script>\n<!-- \/ Yoast SEO plugin. -->","yoast_head_json":{"title":"Exposition Entre 2 \/ Zwischen 2 (premi\u00e8re partie) - David Sibieude","robots":{"index":"index","follow":"follow","max-snippet":"max-snippet:-1","max-image-preview":"max-image-preview:large","max-video-preview":"max-video-preview:-1"},"canonical":"https:\/\/davidsibieude.art\/index.php\/entre-2-zwischen-2-premiere-partie\/","og_locale":"fr_FR","og_type":"article","og_title":"Exposition Entre 2 \/ Zwischen 2 (premi\u00e8re partie) - David Sibieude","og_description":"Jardin des Deux Rives \u00e0 Strasbourg, France &#8211; du 21 mai 2022 au 14 octobre 2022 Entre 2 \/ Zwischen 2 est une exposition, mont\u00e9e par l&rsquo;association Quinz&rsquo;art en partenariat avec la Galerie municipale de Offenbourg (Allemagne), qui invitait 10 artistes fran\u00e7ais et allemands \u00e0 se rencontrer et \u00e0 cr\u00e9er chacun sur de grands panneaux ... Lire la suite","og_url":"https:\/\/davidsibieude.art\/index.php\/entre-2-zwischen-2-premiere-partie\/","og_site_name":"David Sibieude","article_modified_time":"2022-11-09T20:54:01+00:00","og_image":[{"url":"https:\/\/davidsibieude.art\/wp-content\/uploads\/2022\/10\/eclosion-dun-souvenir-site-web--1024x768.jpg","type":"","width":"","height":""}],"twitter_card":"summary_large_image","twitter_misc":{"Dur\u00e9e de lecture estim\u00e9e":"1 minute"},"schema":{"@context":"https:\/\/schema.org","@graph":[{"@type":"WebPage","@id":"https:\/\/davidsibieude.art\/index.php\/entre-2-zwischen-2-premiere-partie\/","url":"https:\/\/davidsibieude.art\/index.php\/entre-2-zwischen-2-premiere-partie\/","name":"Exposition Entre 2 \/ Zwischen 2 (premi\u00e8re partie) - David Sibieude","isPartOf":{"@id":"https:\/\/davidsibieude.art\/#website"},"primaryImageOfPage":{"@id":"https:\/\/davidsibieude.art\/index.php\/entre-2-zwischen-2-premiere-partie\/#primaryimage"},"image":{"@id":"https:\/\/davidsibieude.art\/index.php\/entre-2-zwischen-2-premiere-partie\/#primaryimage"},"thumbnailUrl":"https:\/\/davidsibieude.art\/wp-content\/uploads\/2022\/10\/eclosion-dun-souvenir-site-web--1024x768.jpg","datePublished":"2022-10-03T18:24:11+00:00","dateModified":"2022-11-09T20:54:01+00:00","breadcrumb":{"@id":"https:\/\/davidsibieude.art\/index.php\/entre-2-zwischen-2-premiere-partie\/#breadcrumb"},"inLanguage":"fr-FR","potentialAction":[{"@type":"ReadAction","target":["https:\/\/davidsibieude.art\/index.php\/entre-2-zwischen-2-premiere-partie\/"]}]},{"@type":"ImageObject","inLanguage":"fr-FR","@id":"https:\/\/davidsibieude.art\/index.php\/entre-2-zwischen-2-premiere-partie\/#primaryimage","url":"https:\/\/i0.wp.com\/davidsibieude.art\/wp-content\/uploads\/2022\/10\/eclosion-dun-souvenir-site-web-.jpg?fit=1181%2C886&ssl=1","contentUrl":"https:\/\/i0.wp.com\/davidsibieude.art\/wp-content\/uploads\/2022\/10\/eclosion-dun-souvenir-site-web-.jpg?fit=1181%2C886&ssl=1","width":1181,"height":886},{"@type":"BreadcrumbList","@id":"https:\/\/davidsibieude.art\/index.php\/entre-2-zwischen-2-premiere-partie\/#breadcrumb","itemListElement":[{"@type":"ListItem","position":1,"name":"Accueil","item":"https:\/\/davidsibieude.art\/"},{"@type":"ListItem","position":2,"name":"Exposition Entre 2 \/ Zwischen 2 (premi\u00e8re partie)"}]},{"@type":"WebSite","@id":"https:\/\/davidsibieude.art\/#website","url":"https:\/\/davidsibieude.art\/","name":"David Sibieude","description":"artiste peintre","potentialAction":[{"@type":"SearchAction","target":{"@type":"EntryPoint","urlTemplate":"https:\/\/davidsibieude.art\/?s={search_term_string}"},"query-input":{"@type":"PropertyValueSpecification","valueRequired":true,"valueName":"search_term_string"}}],"inLanguage":"fr-FR"}]}},"jetpack_sharing_enabled":true,"_links":{"self":[{"href":"https:\/\/davidsibieude.art\/index.php\/wp-json\/wp\/v2\/pages\/87","targetHints":{"allow":["GET"]}}],"collection":[{"href":"https:\/\/davidsibieude.art\/index.php\/wp-json\/wp\/v2\/pages"}],"about":[{"href":"https:\/\/davidsibieude.art\/index.php\/wp-json\/wp\/v2\/types\/page"}],"author":[{"embeddable":true,"href":"https:\/\/davidsibieude.art\/index.php\/wp-json\/wp\/v2\/users\/1"}],"replies":[{"embeddable":true,"href":"https:\/\/davidsibieude.art\/index.php\/wp-json\/wp\/v2\/comments?post=87"}],"version-history":[{"count":42,"href":"https:\/\/davidsibieude.art\/index.php\/wp-json\/wp\/v2\/pages\/87\/revisions"}],"predecessor-version":[{"id":2172,"href":"https:\/\/davidsibieude.art\/index.php\/wp-json\/wp\/v2\/pages\/87\/revisions\/2172"}],"wp:attachment":[{"href":"https:\/\/davidsibieude.art\/index.php\/wp-json\/wp\/v2\/media?parent=87"}],"curies":[{"name":"wp","href":"https:\/\/api.w.org\/{rel}","templated":true}]}}