{"id":742,"date":"2022-11-02T08:59:41","date_gmt":"2022-11-02T07:59:41","guid":{"rendered":"https:\/\/davidsibieude.art\/?page_id=742"},"modified":"2022-11-09T21:00:28","modified_gmt":"2022-11-09T20:00:28","slug":"exposition-retour-aux-sources","status":"publish","type":"page","link":"https:\/\/davidsibieude.art\/index.php\/exposition-retour-aux-sources\/","title":{"rendered":"Exposition Retour aux sources"},"content":{"rendered":"\n<p>Maison Onslow &#8211; 12, place Edouard Onslow \u00e0 Blesle, France &#8211; du 29 juillet au 6 septembre 2017<\/p>\n\n\n\n<div style=\"height:100px\" aria-hidden=\"true\" class=\"wp-block-spacer\"><\/div>\n\n\n\n<p><em>Retour aux sources<\/em>, est une exposition individuelle qui s&rsquo;est tenue \u00e0 la Maison Onslow \u00e0 Blesle suite \u00e0 l&rsquo;invitation de Marie-Claire et Dominique Barr\u00e8s. J&rsquo;y ai pr\u00e9sent\u00e9 plusieurs peintures sur toile r\u00e9alis\u00e9es pendant la p\u00e9riode de ma retraite artistique auvergnate entre 2016 et 2017. <br><br>Le titre de cette exposition renvoie au temps que je me suis accord\u00e9 pour me consacrer pleinement \u00e0 ma peinture dans ce village d&rsquo;Auvergne o\u00f9 plusieurs g\u00e9n\u00e9rations de mes anc\u00e8tres ont v\u00e9cu. C&rsquo;est un endroit o\u00f9 j&rsquo;appr\u00e9cie me ressourcer. La nature environnante y \u00e9veille en moi un sentiment de pl\u00e9nitude propice \u00e0 l&rsquo;introspection que n\u00e9cessite la recherche artistique.<br><br>La Maison Onslow est b\u00e2timent class\u00e9 et le lieu o\u00f9 v\u00e9cu au 19\u00e8me si\u00e8cle le peintre auvergnat Edouard Onslow.<\/p>\n\n\n\n<div style=\"height:100px\" aria-hidden=\"true\" class=\"wp-block-spacer\"><\/div>\n\n\n\n<figure class=\"wp-block-image size-large is-resized\"><img data-recalc-dims=\"1\" loading=\"lazy\" decoding=\"async\" src=\"https:\/\/i0.wp.com\/davidsibieude.art\/wp-content\/uploads\/2022\/11\/affiche-Onslow-web-RVB-1.jpg?resize=920%2C1301&#038;ssl=1\" alt=\"\" class=\"wp-image-751\" width=\"920\" height=\"1301\" srcset=\"https:\/\/i0.wp.com\/davidsibieude.art\/wp-content\/uploads\/2022\/11\/affiche-Onslow-web-RVB-1.jpg?resize=724%2C1024&amp;ssl=1 724w, https:\/\/i0.wp.com\/davidsibieude.art\/wp-content\/uploads\/2022\/11\/affiche-Onslow-web-RVB-1.jpg?resize=212%2C300&amp;ssl=1 212w, https:\/\/i0.wp.com\/davidsibieude.art\/wp-content\/uploads\/2022\/11\/affiche-Onslow-web-RVB-1.jpg?resize=768%2C1086&amp;ssl=1 768w, https:\/\/i0.wp.com\/davidsibieude.art\/wp-content\/uploads\/2022\/11\/affiche-Onslow-web-RVB-1.jpg?resize=1087%2C1536&amp;ssl=1 1087w, https:\/\/i0.wp.com\/davidsibieude.art\/wp-content\/uploads\/2022\/11\/affiche-Onslow-web-RVB-1.jpg?w=1240&amp;ssl=1 1240w\" sizes=\"auto, (max-width: 920px) 100vw, 920px\" \/><figcaption class=\"wp-element-caption\"><strong>Exposition Retour aux sources<\/strong> \/ Affiche &#8211; 2017<\/figcaption><\/figure>\n\n\n\n<div style=\"height:100px\" aria-hidden=\"true\" class=\"wp-block-spacer\"><\/div>\n\n\n\n<figure class=\"wp-block-image size-large\"><img data-recalc-dims=\"1\" loading=\"lazy\" decoding=\"async\" width=\"1024\" height=\"682\" src=\"https:\/\/i0.wp.com\/davidsibieude.art\/wp-content\/uploads\/2022\/11\/IMG_0634-1.jpg?resize=1024%2C682&#038;ssl=1\" alt=\"\" class=\"wp-image-763\" srcset=\"https:\/\/i0.wp.com\/davidsibieude.art\/wp-content\/uploads\/2022\/11\/IMG_0634-1.jpg?resize=1024%2C682&amp;ssl=1 1024w, https:\/\/i0.wp.com\/davidsibieude.art\/wp-content\/uploads\/2022\/11\/IMG_0634-1.jpg?resize=300%2C200&amp;ssl=1 300w, https:\/\/i0.wp.com\/davidsibieude.art\/wp-content\/uploads\/2022\/11\/IMG_0634-1.jpg?resize=768%2C512&amp;ssl=1 768w, https:\/\/i0.wp.com\/davidsibieude.art\/wp-content\/uploads\/2022\/11\/IMG_0634-1.jpg?w=1181&amp;ssl=1 1181w\" sizes=\"auto, (max-width: 1024px) 100vw, 1024px\" \/><figcaption class=\"wp-element-caption\"><strong><strong>Exposition Retour aux sources<\/strong><\/strong> \/ Vue ext\u00e9rieure Maison Onslow &#8211; 2017<\/figcaption><\/figure>\n\n\n\n<div style=\"height:100px\" aria-hidden=\"true\" class=\"wp-block-spacer\"><\/div>\n\n\n\n<figure class=\"wp-block-image size-large\"><img data-recalc-dims=\"1\" loading=\"lazy\" decoding=\"async\" width=\"1024\" height=\"682\" src=\"https:\/\/i0.wp.com\/davidsibieude.art\/wp-content\/uploads\/2022\/11\/IMG_0637-2.jpg?resize=1024%2C682&#038;ssl=1\" alt=\"\" class=\"wp-image-765\" srcset=\"https:\/\/i0.wp.com\/davidsibieude.art\/wp-content\/uploads\/2022\/11\/IMG_0637-2.jpg?resize=1024%2C682&amp;ssl=1 1024w, https:\/\/i0.wp.com\/davidsibieude.art\/wp-content\/uploads\/2022\/11\/IMG_0637-2.jpg?resize=300%2C200&amp;ssl=1 300w, https:\/\/i0.wp.com\/davidsibieude.art\/wp-content\/uploads\/2022\/11\/IMG_0637-2.jpg?resize=768%2C512&amp;ssl=1 768w, https:\/\/i0.wp.com\/davidsibieude.art\/wp-content\/uploads\/2022\/11\/IMG_0637-2.jpg?w=1181&amp;ssl=1 1181w\" sizes=\"auto, (max-width: 1024px) 100vw, 1024px\" \/><figcaption class=\"wp-element-caption\"><strong>Exposition Retour aux sources<\/strong> \/ Sans titre &#8211; 2017<\/figcaption><\/figure>\n\n\n\n<div style=\"height:100px\" aria-hidden=\"true\" class=\"wp-block-spacer\"><\/div>\n\n\n\n<figure class=\"wp-block-image size-large is-resized\"><img data-recalc-dims=\"1\" loading=\"lazy\" decoding=\"async\" src=\"https:\/\/i0.wp.com\/davidsibieude.art\/wp-content\/uploads\/2022\/11\/IMG_0638.jpg?resize=919%2C1380&#038;ssl=1\" alt=\"\" class=\"wp-image-767\" width=\"919\" height=\"1380\" srcset=\"https:\/\/i0.wp.com\/davidsibieude.art\/wp-content\/uploads\/2022\/11\/IMG_0638.jpg?resize=682%2C1024&amp;ssl=1 682w, https:\/\/i0.wp.com\/davidsibieude.art\/wp-content\/uploads\/2022\/11\/IMG_0638.jpg?resize=200%2C300&amp;ssl=1 200w, https:\/\/i0.wp.com\/davidsibieude.art\/wp-content\/uploads\/2022\/11\/IMG_0638.jpg?resize=768%2C1152&amp;ssl=1 768w, https:\/\/i0.wp.com\/davidsibieude.art\/wp-content\/uploads\/2022\/11\/IMG_0638.jpg?w=787&amp;ssl=1 787w\" sizes=\"auto, (max-width: 919px) 100vw, 919px\" \/><figcaption class=\"wp-element-caption\"><strong><strong>Exposition Retour aux sources<\/strong><\/strong> \/ \u00c9mergence visuelle &#8211; 2017<\/figcaption><\/figure>\n\n\n\n<div style=\"height:100px\" aria-hidden=\"true\" class=\"wp-block-spacer\"><\/div>\n\n\n\n<figure class=\"wp-block-image size-large is-resized\"><img data-recalc-dims=\"1\" loading=\"lazy\" decoding=\"async\" src=\"https:\/\/i0.wp.com\/davidsibieude.art\/wp-content\/uploads\/2022\/11\/IMG_0639.jpg?resize=920%2C1381&#038;ssl=1\" alt=\"\" class=\"wp-image-770\" width=\"920\" height=\"1381\" srcset=\"https:\/\/i0.wp.com\/davidsibieude.art\/wp-content\/uploads\/2022\/11\/IMG_0639.jpg?resize=682%2C1024&amp;ssl=1 682w, https:\/\/i0.wp.com\/davidsibieude.art\/wp-content\/uploads\/2022\/11\/IMG_0639.jpg?resize=200%2C300&amp;ssl=1 200w, https:\/\/i0.wp.com\/davidsibieude.art\/wp-content\/uploads\/2022\/11\/IMG_0639.jpg?resize=768%2C1152&amp;ssl=1 768w, https:\/\/i0.wp.com\/davidsibieude.art\/wp-content\/uploads\/2022\/11\/IMG_0639.jpg?resize=1024%2C1536&amp;ssl=1 1024w, https:\/\/i0.wp.com\/davidsibieude.art\/wp-content\/uploads\/2022\/11\/IMG_0639.jpg?w=1181&amp;ssl=1 1181w\" sizes=\"auto, (max-width: 920px) 100vw, 920px\" \/><figcaption class=\"wp-element-caption\"><strong><strong>Exposition Retour aux sources<\/strong><\/strong> \/ Sans titre &#8211; 2017<\/figcaption><\/figure>\n\n\n\n<div style=\"height:100px\" aria-hidden=\"true\" class=\"wp-block-spacer\"><\/div>\n\n\n\n<figure class=\"wp-block-image size-large\"><img data-recalc-dims=\"1\" loading=\"lazy\" decoding=\"async\" width=\"1024\" height=\"682\" src=\"https:\/\/i0.wp.com\/davidsibieude.art\/wp-content\/uploads\/2022\/11\/IMG_0641.jpg?resize=1024%2C682&#038;ssl=1\" alt=\"\" class=\"wp-image-772\" srcset=\"https:\/\/i0.wp.com\/davidsibieude.art\/wp-content\/uploads\/2022\/11\/IMG_0641.jpg?resize=1024%2C682&amp;ssl=1 1024w, https:\/\/i0.wp.com\/davidsibieude.art\/wp-content\/uploads\/2022\/11\/IMG_0641.jpg?resize=300%2C200&amp;ssl=1 300w, https:\/\/i0.wp.com\/davidsibieude.art\/wp-content\/uploads\/2022\/11\/IMG_0641.jpg?resize=768%2C512&amp;ssl=1 768w, https:\/\/i0.wp.com\/davidsibieude.art\/wp-content\/uploads\/2022\/11\/IMG_0641.jpg?w=1181&amp;ssl=1 1181w\" sizes=\"auto, (max-width: 1024px) 100vw, 1024px\" \/><figcaption class=\"wp-element-caption\"><strong><strong>Exposition Retour aux sources<\/strong><\/strong> \/ Sans titre &#8211; 2017<\/figcaption><\/figure>\n\n\n\n<div style=\"height:100px\" aria-hidden=\"true\" class=\"wp-block-spacer\"><\/div>\n\n\n\n<figure class=\"wp-block-image size-large is-resized\"><img data-recalc-dims=\"1\" loading=\"lazy\" decoding=\"async\" src=\"https:\/\/i0.wp.com\/davidsibieude.art\/wp-content\/uploads\/2022\/11\/IMG_0642.jpg?resize=919%2C1380&#038;ssl=1\" alt=\"\" class=\"wp-image-774\" width=\"919\" height=\"1380\" srcset=\"https:\/\/i0.wp.com\/davidsibieude.art\/wp-content\/uploads\/2022\/11\/IMG_0642.jpg?resize=682%2C1024&amp;ssl=1 682w, https:\/\/i0.wp.com\/davidsibieude.art\/wp-content\/uploads\/2022\/11\/IMG_0642.jpg?resize=200%2C300&amp;ssl=1 200w, https:\/\/i0.wp.com\/davidsibieude.art\/wp-content\/uploads\/2022\/11\/IMG_0642.jpg?resize=768%2C1152&amp;ssl=1 768w, https:\/\/i0.wp.com\/davidsibieude.art\/wp-content\/uploads\/2022\/11\/IMG_0642.jpg?w=787&amp;ssl=1 787w\" sizes=\"auto, (max-width: 919px) 100vw, 919px\" \/><figcaption class=\"wp-element-caption\"><strong><strong>Exposition Retour aux sources<\/strong><\/strong> \/ Figure abstraite &#8211; 2017<\/figcaption><\/figure>\n\n\n\n<div style=\"height:100px\" aria-hidden=\"true\" class=\"wp-block-spacer\"><\/div>\n\n\n\n<figure class=\"wp-block-image size-large is-resized\"><img data-recalc-dims=\"1\" loading=\"lazy\" decoding=\"async\" src=\"https:\/\/i0.wp.com\/davidsibieude.art\/wp-content\/uploads\/2022\/11\/IMG_0647.jpg?resize=920%2C1381&#038;ssl=1\" alt=\"\" class=\"wp-image-776\" width=\"920\" height=\"1381\" srcset=\"https:\/\/i0.wp.com\/davidsibieude.art\/wp-content\/uploads\/2022\/11\/IMG_0647.jpg?resize=682%2C1024&amp;ssl=1 682w, https:\/\/i0.wp.com\/davidsibieude.art\/wp-content\/uploads\/2022\/11\/IMG_0647.jpg?resize=200%2C300&amp;ssl=1 200w, https:\/\/i0.wp.com\/davidsibieude.art\/wp-content\/uploads\/2022\/11\/IMG_0647.jpg?resize=768%2C1152&amp;ssl=1 768w, https:\/\/i0.wp.com\/davidsibieude.art\/wp-content\/uploads\/2022\/11\/IMG_0647.jpg?w=787&amp;ssl=1 787w\" sizes=\"auto, (max-width: 920px) 100vw, 920px\" \/><figcaption class=\"wp-element-caption\"><strong><strong>Exposition Retour aux sources<\/strong><\/strong> \/ Sans titre &#8211; 2017<\/figcaption><\/figure>\n\n\n\n<div style=\"height:100px\" aria-hidden=\"true\" class=\"wp-block-spacer\"><\/div>\n\n\n\n<figure class=\"wp-block-image size-large is-resized\"><img data-recalc-dims=\"1\" loading=\"lazy\" decoding=\"async\" src=\"https:\/\/i0.wp.com\/davidsibieude.art\/wp-content\/uploads\/2022\/11\/IMG_0646.jpg?resize=921%2C1383&#038;ssl=1\" alt=\"\" class=\"wp-image-778\" width=\"921\" height=\"1383\" srcset=\"https:\/\/i0.wp.com\/davidsibieude.art\/wp-content\/uploads\/2022\/11\/IMG_0646.jpg?resize=682%2C1024&amp;ssl=1 682w, https:\/\/i0.wp.com\/davidsibieude.art\/wp-content\/uploads\/2022\/11\/IMG_0646.jpg?resize=200%2C300&amp;ssl=1 200w, https:\/\/i0.wp.com\/davidsibieude.art\/wp-content\/uploads\/2022\/11\/IMG_0646.jpg?resize=768%2C1152&amp;ssl=1 768w, https:\/\/i0.wp.com\/davidsibieude.art\/wp-content\/uploads\/2022\/11\/IMG_0646.jpg?w=787&amp;ssl=1 787w\" sizes=\"auto, (max-width: 921px) 100vw, 921px\" \/><figcaption class=\"wp-element-caption\"><strong><strong>Exposition Retour aux sources<\/strong><\/strong> \/ Sans titre &#8211; 2017<\/figcaption><\/figure>\n","protected":false},"excerpt":{"rendered":"<p>Maison Onslow &#8211; 12, place Edouard Onslow \u00e0 Blesle, France &#8211; du 29 juillet au 6 septembre 2017 Retour aux sources, est une exposition individuelle qui s&rsquo;est tenue \u00e0 la Maison Onslow \u00e0 Blesle suite \u00e0 l&rsquo;invitation de Marie-Claire et Dominique Barr\u00e8s. J&rsquo;y ai pr\u00e9sent\u00e9 plusieurs peintures sur toile r\u00e9alis\u00e9es pendant la p\u00e9riode de ma &#8230; <a title=\"Exposition Retour aux sources\" class=\"read-more\" href=\"https:\/\/davidsibieude.art\/index.php\/exposition-retour-aux-sources\/\" aria-label=\"En savoir plus sur Exposition Retour aux sources\">Lire la suite<\/a><\/p>\n","protected":false},"author":1,"featured_media":0,"parent":0,"menu_order":0,"comment_status":"closed","ping_status":"closed","template":"","meta":{"footnotes":""},"class_list":["post-742","page","type-page","status-publish"],"yoast_head":"<!-- This site is optimized with the Yoast SEO plugin v26.0 - https:\/\/yoast.com\/wordpress\/plugins\/seo\/ -->\n<title>Exposition Retour aux sources - David Sibieude<\/title>\n<meta name=\"robots\" content=\"index, follow, max-snippet:-1, max-image-preview:large, max-video-preview:-1\" \/>\n<link rel=\"canonical\" href=\"https:\/\/davidsibieude.art\/index.php\/exposition-retour-aux-sources\/\" \/>\n<meta property=\"og:locale\" content=\"fr_FR\" \/>\n<meta property=\"og:type\" content=\"article\" \/>\n<meta property=\"og:title\" content=\"Exposition Retour aux sources - David Sibieude\" \/>\n<meta property=\"og:description\" content=\"Maison Onslow &#8211; 12, place Edouard Onslow \u00e0 Blesle, France &#8211; du 29 juillet au 6 septembre 2017 Retour aux sources, est une exposition individuelle qui s&rsquo;est tenue \u00e0 la Maison Onslow \u00e0 Blesle suite \u00e0 l&rsquo;invitation de Marie-Claire et Dominique Barr\u00e8s. J&rsquo;y ai pr\u00e9sent\u00e9 plusieurs peintures sur toile r\u00e9alis\u00e9es pendant la p\u00e9riode de ma ... Lire la suite\" \/>\n<meta property=\"og:url\" content=\"https:\/\/davidsibieude.art\/index.php\/exposition-retour-aux-sources\/\" \/>\n<meta property=\"og:site_name\" content=\"David Sibieude\" \/>\n<meta property=\"article:modified_time\" content=\"2022-11-09T20:00:28+00:00\" \/>\n<meta property=\"og:image\" content=\"https:\/\/davidsibieude.art\/wp-content\/uploads\/2022\/11\/affiche-Onslow-web-RVB-1-724x1024.jpg\" \/>\n<meta name=\"twitter:card\" content=\"summary_large_image\" \/>\n<meta name=\"twitter:label1\" content=\"Dur\u00e9e de lecture estim\u00e9e\" \/>\n\t<meta name=\"twitter:data1\" content=\"1 minute\" \/>\n<script type=\"application\/ld+json\" class=\"yoast-schema-graph\">{\"@context\":\"https:\/\/schema.org\",\"@graph\":[{\"@type\":\"WebPage\",\"@id\":\"https:\/\/davidsibieude.art\/index.php\/exposition-retour-aux-sources\/\",\"url\":\"https:\/\/davidsibieude.art\/index.php\/exposition-retour-aux-sources\/\",\"name\":\"Exposition Retour aux sources - David Sibieude\",\"isPartOf\":{\"@id\":\"https:\/\/davidsibieude.art\/#website\"},\"primaryImageOfPage\":{\"@id\":\"https:\/\/davidsibieude.art\/index.php\/exposition-retour-aux-sources\/#primaryimage\"},\"image\":{\"@id\":\"https:\/\/davidsibieude.art\/index.php\/exposition-retour-aux-sources\/#primaryimage\"},\"thumbnailUrl\":\"https:\/\/davidsibieude.art\/wp-content\/uploads\/2022\/11\/affiche-Onslow-web-RVB-1-724x1024.jpg\",\"datePublished\":\"2022-11-02T07:59:41+00:00\",\"dateModified\":\"2022-11-09T20:00:28+00:00\",\"breadcrumb\":{\"@id\":\"https:\/\/davidsibieude.art\/index.php\/exposition-retour-aux-sources\/#breadcrumb\"},\"inLanguage\":\"fr-FR\",\"potentialAction\":[{\"@type\":\"ReadAction\",\"target\":[\"https:\/\/davidsibieude.art\/index.php\/exposition-retour-aux-sources\/\"]}]},{\"@type\":\"ImageObject\",\"inLanguage\":\"fr-FR\",\"@id\":\"https:\/\/davidsibieude.art\/index.php\/exposition-retour-aux-sources\/#primaryimage\",\"url\":\"https:\/\/i0.wp.com\/davidsibieude.art\/wp-content\/uploads\/2022\/11\/affiche-Onslow-web-RVB-1.jpg?fit=1240%2C1753&ssl=1\",\"contentUrl\":\"https:\/\/i0.wp.com\/davidsibieude.art\/wp-content\/uploads\/2022\/11\/affiche-Onslow-web-RVB-1.jpg?fit=1240%2C1753&ssl=1\",\"width\":1240,\"height\":1753},{\"@type\":\"BreadcrumbList\",\"@id\":\"https:\/\/davidsibieude.art\/index.php\/exposition-retour-aux-sources\/#breadcrumb\",\"itemListElement\":[{\"@type\":\"ListItem\",\"position\":1,\"name\":\"Accueil\",\"item\":\"https:\/\/davidsibieude.art\/\"},{\"@type\":\"ListItem\",\"position\":2,\"name\":\"Exposition Retour aux sources\"}]},{\"@type\":\"WebSite\",\"@id\":\"https:\/\/davidsibieude.art\/#website\",\"url\":\"https:\/\/davidsibieude.art\/\",\"name\":\"David Sibieude\",\"description\":\"artiste peintre\",\"potentialAction\":[{\"@type\":\"SearchAction\",\"target\":{\"@type\":\"EntryPoint\",\"urlTemplate\":\"https:\/\/davidsibieude.art\/?s={search_term_string}\"},\"query-input\":{\"@type\":\"PropertyValueSpecification\",\"valueRequired\":true,\"valueName\":\"search_term_string\"}}],\"inLanguage\":\"fr-FR\"}]}<\/script>\n<!-- \/ Yoast SEO plugin. -->","yoast_head_json":{"title":"Exposition Retour aux sources - David Sibieude","robots":{"index":"index","follow":"follow","max-snippet":"max-snippet:-1","max-image-preview":"max-image-preview:large","max-video-preview":"max-video-preview:-1"},"canonical":"https:\/\/davidsibieude.art\/index.php\/exposition-retour-aux-sources\/","og_locale":"fr_FR","og_type":"article","og_title":"Exposition Retour aux sources - David Sibieude","og_description":"Maison Onslow &#8211; 12, place Edouard Onslow \u00e0 Blesle, France &#8211; du 29 juillet au 6 septembre 2017 Retour aux sources, est une exposition individuelle qui s&rsquo;est tenue \u00e0 la Maison Onslow \u00e0 Blesle suite \u00e0 l&rsquo;invitation de Marie-Claire et Dominique Barr\u00e8s. J&rsquo;y ai pr\u00e9sent\u00e9 plusieurs peintures sur toile r\u00e9alis\u00e9es pendant la p\u00e9riode de ma ... Lire la suite","og_url":"https:\/\/davidsibieude.art\/index.php\/exposition-retour-aux-sources\/","og_site_name":"David Sibieude","article_modified_time":"2022-11-09T20:00:28+00:00","og_image":[{"url":"https:\/\/davidsibieude.art\/wp-content\/uploads\/2022\/11\/affiche-Onslow-web-RVB-1-724x1024.jpg","type":"","width":"","height":""}],"twitter_card":"summary_large_image","twitter_misc":{"Dur\u00e9e de lecture estim\u00e9e":"1 minute"},"schema":{"@context":"https:\/\/schema.org","@graph":[{"@type":"WebPage","@id":"https:\/\/davidsibieude.art\/index.php\/exposition-retour-aux-sources\/","url":"https:\/\/davidsibieude.art\/index.php\/exposition-retour-aux-sources\/","name":"Exposition Retour aux sources - David Sibieude","isPartOf":{"@id":"https:\/\/davidsibieude.art\/#website"},"primaryImageOfPage":{"@id":"https:\/\/davidsibieude.art\/index.php\/exposition-retour-aux-sources\/#primaryimage"},"image":{"@id":"https:\/\/davidsibieude.art\/index.php\/exposition-retour-aux-sources\/#primaryimage"},"thumbnailUrl":"https:\/\/davidsibieude.art\/wp-content\/uploads\/2022\/11\/affiche-Onslow-web-RVB-1-724x1024.jpg","datePublished":"2022-11-02T07:59:41+00:00","dateModified":"2022-11-09T20:00:28+00:00","breadcrumb":{"@id":"https:\/\/davidsibieude.art\/index.php\/exposition-retour-aux-sources\/#breadcrumb"},"inLanguage":"fr-FR","potentialAction":[{"@type":"ReadAction","target":["https:\/\/davidsibieude.art\/index.php\/exposition-retour-aux-sources\/"]}]},{"@type":"ImageObject","inLanguage":"fr-FR","@id":"https:\/\/davidsibieude.art\/index.php\/exposition-retour-aux-sources\/#primaryimage","url":"https:\/\/i0.wp.com\/davidsibieude.art\/wp-content\/uploads\/2022\/11\/affiche-Onslow-web-RVB-1.jpg?fit=1240%2C1753&ssl=1","contentUrl":"https:\/\/i0.wp.com\/davidsibieude.art\/wp-content\/uploads\/2022\/11\/affiche-Onslow-web-RVB-1.jpg?fit=1240%2C1753&ssl=1","width":1240,"height":1753},{"@type":"BreadcrumbList","@id":"https:\/\/davidsibieude.art\/index.php\/exposition-retour-aux-sources\/#breadcrumb","itemListElement":[{"@type":"ListItem","position":1,"name":"Accueil","item":"https:\/\/davidsibieude.art\/"},{"@type":"ListItem","position":2,"name":"Exposition Retour aux sources"}]},{"@type":"WebSite","@id":"https:\/\/davidsibieude.art\/#website","url":"https:\/\/davidsibieude.art\/","name":"David Sibieude","description":"artiste peintre","potentialAction":[{"@type":"SearchAction","target":{"@type":"EntryPoint","urlTemplate":"https:\/\/davidsibieude.art\/?s={search_term_string}"},"query-input":{"@type":"PropertyValueSpecification","valueRequired":true,"valueName":"search_term_string"}}],"inLanguage":"fr-FR"}]}},"jetpack_sharing_enabled":true,"_links":{"self":[{"href":"https:\/\/davidsibieude.art\/index.php\/wp-json\/wp\/v2\/pages\/742","targetHints":{"allow":["GET"]}}],"collection":[{"href":"https:\/\/davidsibieude.art\/index.php\/wp-json\/wp\/v2\/pages"}],"about":[{"href":"https:\/\/davidsibieude.art\/index.php\/wp-json\/wp\/v2\/types\/page"}],"author":[{"embeddable":true,"href":"https:\/\/davidsibieude.art\/index.php\/wp-json\/wp\/v2\/users\/1"}],"replies":[{"embeddable":true,"href":"https:\/\/davidsibieude.art\/index.php\/wp-json\/wp\/v2\/comments?post=742"}],"version-history":[{"count":16,"href":"https:\/\/davidsibieude.art\/index.php\/wp-json\/wp\/v2\/pages\/742\/revisions"}],"predecessor-version":[{"id":2114,"href":"https:\/\/davidsibieude.art\/index.php\/wp-json\/wp\/v2\/pages\/742\/revisions\/2114"}],"wp:attachment":[{"href":"https:\/\/davidsibieude.art\/index.php\/wp-json\/wp\/v2\/media?parent=742"}],"curies":[{"name":"wp","href":"https:\/\/api.w.org\/{rel}","templated":true}]}}