{"id":710,"date":"2022-11-02T07:19:48","date_gmt":"2022-11-02T06:19:48","guid":{"rendered":"https:\/\/davidsibieude.art\/?page_id=710"},"modified":"2022-11-09T21:55:10","modified_gmt":"2022-11-09T20:55:10","slug":"exposition-collective","status":"publish","type":"page","link":"https:\/\/davidsibieude.art\/index.php\/exposition-collective\/","title":{"rendered":"Exposition collective"},"content":{"rendered":"\n<p>Les Serres municipales de la ville de Bischheim &#8211; Rue du Cimeti\u00e8re \u00e0 Bischheim, France &#8211; 6 et 7 juin 2009<\/p>\n\n\n\n<div style=\"height:100px\" aria-hidden=\"true\" class=\"wp-block-spacer\"><\/div>\n\n\n\n<p>Cette exposition collective organis\u00e9e annuellement par le collectif d&rsquo;artistes strasbourgeois Lulu et les six gouttes r\u00e9unissait une quizaine d&rsquo;artistes dans les serres municipales de la ville de Bischheim. J&rsquo;ai eu l&rsquo;occasion, le temps d&rsquo;un week-end, d&rsquo;y pr\u00e9senter ma s\u00e9rie <a href=\"https:\/\/davidsibieude.art\/wp-admin\/post.php?post=1099&amp;action=edit\"><em>Peinture sans peinture<\/em><\/a>.<\/p>\n\n\n\n<div style=\"height:100px\" aria-hidden=\"true\" class=\"wp-block-spacer\"><\/div>\n\n\n\n<figure class=\"wp-block-image size-large\"><img data-recalc-dims=\"1\" loading=\"lazy\" decoding=\"async\" width=\"1024\" height=\"577\" src=\"https:\/\/i0.wp.com\/davidsibieude.art\/wp-content\/uploads\/2022\/11\/P1000425-1.jpg?resize=1024%2C577&#038;ssl=1\" alt=\"\" class=\"wp-image-715\" srcset=\"https:\/\/i0.wp.com\/davidsibieude.art\/wp-content\/uploads\/2022\/11\/P1000425-1-scaled.jpg?resize=1024%2C577&amp;ssl=1 1024w, https:\/\/i0.wp.com\/davidsibieude.art\/wp-content\/uploads\/2022\/11\/P1000425-1-scaled.jpg?resize=300%2C169&amp;ssl=1 300w, https:\/\/i0.wp.com\/davidsibieude.art\/wp-content\/uploads\/2022\/11\/P1000425-1-scaled.jpg?resize=768%2C433&amp;ssl=1 768w, https:\/\/i0.wp.com\/davidsibieude.art\/wp-content\/uploads\/2022\/11\/P1000425-1-scaled.jpg?resize=1536%2C866&amp;ssl=1 1536w, https:\/\/i0.wp.com\/davidsibieude.art\/wp-content\/uploads\/2022\/11\/P1000425-1-scaled.jpg?resize=2048%2C1154&amp;ssl=1 2048w, https:\/\/i0.wp.com\/davidsibieude.art\/wp-content\/uploads\/2022\/11\/P1000425-1-scaled.jpg?w=2400&amp;ssl=1 2400w\" sizes=\"auto, (max-width: 1024px) 100vw, 1024px\" \/><figcaption class=\"wp-element-caption\"><strong>Exposition collective<\/strong> \/ S\u00e9rie Peinture sans peinture &#8211; 2009<\/figcaption><\/figure>\n\n\n\n<div style=\"height:100px\" aria-hidden=\"true\" class=\"wp-block-spacer\"><\/div>\n\n\n\n<figure class=\"wp-block-image size-large\"><img data-recalc-dims=\"1\" loading=\"lazy\" decoding=\"async\" width=\"1024\" height=\"768\" src=\"https:\/\/i0.wp.com\/davidsibieude.art\/wp-content\/uploads\/2022\/11\/P1000473-1.jpg?resize=1024%2C768&#038;ssl=1\" alt=\"\" class=\"wp-image-716\" srcset=\"https:\/\/i0.wp.com\/davidsibieude.art\/wp-content\/uploads\/2022\/11\/P1000473-1-scaled.jpg?resize=1024%2C768&amp;ssl=1 1024w, https:\/\/i0.wp.com\/davidsibieude.art\/wp-content\/uploads\/2022\/11\/P1000473-1-scaled.jpg?resize=300%2C225&amp;ssl=1 300w, https:\/\/i0.wp.com\/davidsibieude.art\/wp-content\/uploads\/2022\/11\/P1000473-1-scaled.jpg?resize=768%2C576&amp;ssl=1 768w, https:\/\/i0.wp.com\/davidsibieude.art\/wp-content\/uploads\/2022\/11\/P1000473-1-scaled.jpg?resize=1536%2C1152&amp;ssl=1 1536w, https:\/\/i0.wp.com\/davidsibieude.art\/wp-content\/uploads\/2022\/11\/P1000473-1-scaled.jpg?resize=2048%2C1536&amp;ssl=1 2048w, https:\/\/i0.wp.com\/davidsibieude.art\/wp-content\/uploads\/2022\/11\/P1000473-1-scaled.jpg?w=2400&amp;ssl=1 2400w\" sizes=\"auto, (max-width: 1024px) 100vw, 1024px\" \/><figcaption class=\"wp-element-caption\"><strong><strong>Exposition collective<\/strong><\/strong> \/ S\u00e9rie Peinture sans peinture &#8211; 2009<\/figcaption><\/figure>\n\n\n\n<div style=\"height:100px\" aria-hidden=\"true\" class=\"wp-block-spacer\"><\/div>\n\n\n\n<figure class=\"wp-block-image size-large\"><img data-recalc-dims=\"1\" loading=\"lazy\" decoding=\"async\" width=\"1024\" height=\"577\" src=\"https:\/\/i0.wp.com\/davidsibieude.art\/wp-content\/uploads\/2022\/11\/P1000491-1.jpg?resize=1024%2C577&#038;ssl=1\" alt=\"\" class=\"wp-image-718\" srcset=\"https:\/\/i0.wp.com\/davidsibieude.art\/wp-content\/uploads\/2022\/11\/P1000491-1-scaled.jpg?resize=1024%2C577&amp;ssl=1 1024w, https:\/\/i0.wp.com\/davidsibieude.art\/wp-content\/uploads\/2022\/11\/P1000491-1-scaled.jpg?resize=300%2C169&amp;ssl=1 300w, https:\/\/i0.wp.com\/davidsibieude.art\/wp-content\/uploads\/2022\/11\/P1000491-1-scaled.jpg?resize=768%2C433&amp;ssl=1 768w, https:\/\/i0.wp.com\/davidsibieude.art\/wp-content\/uploads\/2022\/11\/P1000491-1-scaled.jpg?resize=1536%2C866&amp;ssl=1 1536w, https:\/\/i0.wp.com\/davidsibieude.art\/wp-content\/uploads\/2022\/11\/P1000491-1-scaled.jpg?resize=2048%2C1154&amp;ssl=1 2048w, https:\/\/i0.wp.com\/davidsibieude.art\/wp-content\/uploads\/2022\/11\/P1000491-1-scaled.jpg?w=2400&amp;ssl=1 2400w\" sizes=\"auto, (max-width: 1024px) 100vw, 1024px\" \/><figcaption class=\"wp-element-caption\"><strong>Exposition collective<\/strong> \/ Vue exposition serre &#8211; 2009<\/figcaption><\/figure>\n\n\n\n<div style=\"height:100px\" aria-hidden=\"true\" class=\"wp-block-spacer\"><\/div>\n\n\n","protected":false},"excerpt":{"rendered":"<p>Les Serres municipales de la ville de Bischheim &#8211; Rue du Cimeti\u00e8re \u00e0 Bischheim, France &#8211; 6 et 7 juin 2009 Cette exposition collective organis\u00e9e annuellement par le collectif d&rsquo;artistes strasbourgeois Lulu et les six gouttes r\u00e9unissait une quizaine d&rsquo;artistes dans les serres municipales de la ville de Bischheim. J&rsquo;ai eu l&rsquo;occasion, le temps d&rsquo;un &#8230; <a title=\"Exposition collective\" class=\"read-more\" href=\"https:\/\/davidsibieude.art\/index.php\/exposition-collective\/\" aria-label=\"En savoir plus sur Exposition collective\">Lire la suite<\/a><\/p>\n","protected":false},"author":1,"featured_media":0,"parent":0,"menu_order":0,"comment_status":"closed","ping_status":"closed","template":"","meta":{"footnotes":""},"class_list":["post-710","page","type-page","status-publish"],"yoast_head":"<!-- This site is optimized with the Yoast SEO plugin v26.0 - https:\/\/yoast.com\/wordpress\/plugins\/seo\/ -->\n<title>Exposition collective - David Sibieude<\/title>\n<meta name=\"robots\" content=\"index, follow, max-snippet:-1, max-image-preview:large, max-video-preview:-1\" \/>\n<link rel=\"canonical\" href=\"https:\/\/davidsibieude.art\/index.php\/exposition-collective\/\" \/>\n<meta property=\"og:locale\" content=\"fr_FR\" \/>\n<meta property=\"og:type\" content=\"article\" \/>\n<meta property=\"og:title\" content=\"Exposition collective - David Sibieude\" \/>\n<meta property=\"og:description\" content=\"Les Serres municipales de la ville de Bischheim &#8211; Rue du Cimeti\u00e8re \u00e0 Bischheim, France &#8211; 6 et 7 juin 2009 Cette exposition collective organis\u00e9e annuellement par le collectif d&rsquo;artistes strasbourgeois Lulu et les six gouttes r\u00e9unissait une quizaine d&rsquo;artistes dans les serres municipales de la ville de Bischheim. J&rsquo;ai eu l&rsquo;occasion, le temps d&rsquo;un ... Lire la suite\" \/>\n<meta property=\"og:url\" content=\"https:\/\/davidsibieude.art\/index.php\/exposition-collective\/\" \/>\n<meta property=\"og:site_name\" content=\"David Sibieude\" \/>\n<meta property=\"article:modified_time\" content=\"2022-11-09T20:55:10+00:00\" \/>\n<meta property=\"og:image\" content=\"https:\/\/davidsibieude.art\/wp-content\/uploads\/2022\/11\/P1000425-1-1024x577.jpg\" \/>\n<meta name=\"twitter:card\" content=\"summary_large_image\" \/>\n<script type=\"application\/ld+json\" class=\"yoast-schema-graph\">{\"@context\":\"https:\/\/schema.org\",\"@graph\":[{\"@type\":\"WebPage\",\"@id\":\"https:\/\/davidsibieude.art\/index.php\/exposition-collective\/\",\"url\":\"https:\/\/davidsibieude.art\/index.php\/exposition-collective\/\",\"name\":\"Exposition collective - David Sibieude\",\"isPartOf\":{\"@id\":\"https:\/\/davidsibieude.art\/#website\"},\"primaryImageOfPage\":{\"@id\":\"https:\/\/davidsibieude.art\/index.php\/exposition-collective\/#primaryimage\"},\"image\":{\"@id\":\"https:\/\/davidsibieude.art\/index.php\/exposition-collective\/#primaryimage\"},\"thumbnailUrl\":\"https:\/\/davidsibieude.art\/wp-content\/uploads\/2022\/11\/P1000425-1-1024x577.jpg\",\"datePublished\":\"2022-11-02T06:19:48+00:00\",\"dateModified\":\"2022-11-09T20:55:10+00:00\",\"breadcrumb\":{\"@id\":\"https:\/\/davidsibieude.art\/index.php\/exposition-collective\/#breadcrumb\"},\"inLanguage\":\"fr-FR\",\"potentialAction\":[{\"@type\":\"ReadAction\",\"target\":[\"https:\/\/davidsibieude.art\/index.php\/exposition-collective\/\"]}]},{\"@type\":\"ImageObject\",\"inLanguage\":\"fr-FR\",\"@id\":\"https:\/\/davidsibieude.art\/index.php\/exposition-collective\/#primaryimage\",\"url\":\"https:\/\/i0.wp.com\/davidsibieude.art\/wp-content\/uploads\/2022\/11\/P1000425-1-scaled.jpg?fit=2560%2C1443&ssl=1\",\"contentUrl\":\"https:\/\/i0.wp.com\/davidsibieude.art\/wp-content\/uploads\/2022\/11\/P1000425-1-scaled.jpg?fit=2560%2C1443&ssl=1\",\"width\":2560,\"height\":1443},{\"@type\":\"BreadcrumbList\",\"@id\":\"https:\/\/davidsibieude.art\/index.php\/exposition-collective\/#breadcrumb\",\"itemListElement\":[{\"@type\":\"ListItem\",\"position\":1,\"name\":\"Accueil\",\"item\":\"https:\/\/davidsibieude.art\/\"},{\"@type\":\"ListItem\",\"position\":2,\"name\":\"Exposition collective\"}]},{\"@type\":\"WebSite\",\"@id\":\"https:\/\/davidsibieude.art\/#website\",\"url\":\"https:\/\/davidsibieude.art\/\",\"name\":\"David Sibieude\",\"description\":\"artiste peintre\",\"potentialAction\":[{\"@type\":\"SearchAction\",\"target\":{\"@type\":\"EntryPoint\",\"urlTemplate\":\"https:\/\/davidsibieude.art\/?s={search_term_string}\"},\"query-input\":{\"@type\":\"PropertyValueSpecification\",\"valueRequired\":true,\"valueName\":\"search_term_string\"}}],\"inLanguage\":\"fr-FR\"}]}<\/script>\n<!-- \/ Yoast SEO plugin. -->","yoast_head_json":{"title":"Exposition collective - David Sibieude","robots":{"index":"index","follow":"follow","max-snippet":"max-snippet:-1","max-image-preview":"max-image-preview:large","max-video-preview":"max-video-preview:-1"},"canonical":"https:\/\/davidsibieude.art\/index.php\/exposition-collective\/","og_locale":"fr_FR","og_type":"article","og_title":"Exposition collective - David Sibieude","og_description":"Les Serres municipales de la ville de Bischheim &#8211; Rue du Cimeti\u00e8re \u00e0 Bischheim, France &#8211; 6 et 7 juin 2009 Cette exposition collective organis\u00e9e annuellement par le collectif d&rsquo;artistes strasbourgeois Lulu et les six gouttes r\u00e9unissait une quizaine d&rsquo;artistes dans les serres municipales de la ville de Bischheim. J&rsquo;ai eu l&rsquo;occasion, le temps d&rsquo;un ... Lire la suite","og_url":"https:\/\/davidsibieude.art\/index.php\/exposition-collective\/","og_site_name":"David Sibieude","article_modified_time":"2022-11-09T20:55:10+00:00","og_image":[{"url":"https:\/\/davidsibieude.art\/wp-content\/uploads\/2022\/11\/P1000425-1-1024x577.jpg","type":"","width":"","height":""}],"twitter_card":"summary_large_image","schema":{"@context":"https:\/\/schema.org","@graph":[{"@type":"WebPage","@id":"https:\/\/davidsibieude.art\/index.php\/exposition-collective\/","url":"https:\/\/davidsibieude.art\/index.php\/exposition-collective\/","name":"Exposition collective - David Sibieude","isPartOf":{"@id":"https:\/\/davidsibieude.art\/#website"},"primaryImageOfPage":{"@id":"https:\/\/davidsibieude.art\/index.php\/exposition-collective\/#primaryimage"},"image":{"@id":"https:\/\/davidsibieude.art\/index.php\/exposition-collective\/#primaryimage"},"thumbnailUrl":"https:\/\/davidsibieude.art\/wp-content\/uploads\/2022\/11\/P1000425-1-1024x577.jpg","datePublished":"2022-11-02T06:19:48+00:00","dateModified":"2022-11-09T20:55:10+00:00","breadcrumb":{"@id":"https:\/\/davidsibieude.art\/index.php\/exposition-collective\/#breadcrumb"},"inLanguage":"fr-FR","potentialAction":[{"@type":"ReadAction","target":["https:\/\/davidsibieude.art\/index.php\/exposition-collective\/"]}]},{"@type":"ImageObject","inLanguage":"fr-FR","@id":"https:\/\/davidsibieude.art\/index.php\/exposition-collective\/#primaryimage","url":"https:\/\/i0.wp.com\/davidsibieude.art\/wp-content\/uploads\/2022\/11\/P1000425-1-scaled.jpg?fit=2560%2C1443&ssl=1","contentUrl":"https:\/\/i0.wp.com\/davidsibieude.art\/wp-content\/uploads\/2022\/11\/P1000425-1-scaled.jpg?fit=2560%2C1443&ssl=1","width":2560,"height":1443},{"@type":"BreadcrumbList","@id":"https:\/\/davidsibieude.art\/index.php\/exposition-collective\/#breadcrumb","itemListElement":[{"@type":"ListItem","position":1,"name":"Accueil","item":"https:\/\/davidsibieude.art\/"},{"@type":"ListItem","position":2,"name":"Exposition collective"}]},{"@type":"WebSite","@id":"https:\/\/davidsibieude.art\/#website","url":"https:\/\/davidsibieude.art\/","name":"David Sibieude","description":"artiste peintre","potentialAction":[{"@type":"SearchAction","target":{"@type":"EntryPoint","urlTemplate":"https:\/\/davidsibieude.art\/?s={search_term_string}"},"query-input":{"@type":"PropertyValueSpecification","valueRequired":true,"valueName":"search_term_string"}}],"inLanguage":"fr-FR"}]}},"jetpack_sharing_enabled":true,"_links":{"self":[{"href":"https:\/\/davidsibieude.art\/index.php\/wp-json\/wp\/v2\/pages\/710","targetHints":{"allow":["GET"]}}],"collection":[{"href":"https:\/\/davidsibieude.art\/index.php\/wp-json\/wp\/v2\/pages"}],"about":[{"href":"https:\/\/davidsibieude.art\/index.php\/wp-json\/wp\/v2\/types\/page"}],"author":[{"embeddable":true,"href":"https:\/\/davidsibieude.art\/index.php\/wp-json\/wp\/v2\/users\/1"}],"replies":[{"embeddable":true,"href":"https:\/\/davidsibieude.art\/index.php\/wp-json\/wp\/v2\/comments?post=710"}],"version-history":[{"count":12,"href":"https:\/\/davidsibieude.art\/index.php\/wp-json\/wp\/v2\/pages\/710\/revisions"}],"predecessor-version":[{"id":2175,"href":"https:\/\/davidsibieude.art\/index.php\/wp-json\/wp\/v2\/pages\/710\/revisions\/2175"}],"wp:attachment":[{"href":"https:\/\/davidsibieude.art\/index.php\/wp-json\/wp\/v2\/media?parent=710"}],"curies":[{"name":"wp","href":"https:\/\/api.w.org\/{rel}","templated":true}]}}