{"id":583,"date":"2022-11-01T18:25:55","date_gmt":"2022-11-01T17:25:55","guid":{"rendered":"https:\/\/davidsibieude.art\/?page_id=583"},"modified":"2022-11-09T21:56:56","modified_gmt":"2022-11-09T20:56:56","slug":"exposition-ateliers-ouverts-2016","status":"publish","type":"page","link":"https:\/\/davidsibieude.art\/index.php\/exposition-ateliers-ouverts-2016\/","title":{"rendered":"Exposition Ateliers Ouverts"},"content":{"rendered":"\n<p>Bastion 14 &#8211; 14, rue du Rempart \u00e0 Strasbourg, France &#8211; 21,22 et 28,29 mai 2016<\/p>\n\n\n\n<div style=\"height:100px\" aria-hidden=\"true\" class=\"wp-block-spacer\"><\/div>\n\n\n\n<p><em>Les Ateliers Ouverts<\/em> est une manifestation organis\u00e9e par l&rsquo;association Acc\u00e9l\u00e9rateur de Particules qui promeut l&rsquo;art et qui est destin\u00e9e \u00e0 ouvrir au grand public les ateliers des artistes strasbourgeois (et alsaciens de mani\u00e8re g\u00e9n\u00e9rale). Cet \u00e9v\u00e8nement se d\u00e9roule chaque ann\u00e9e depuis 1992 et propose de d\u00e9couvrir, sur deux week-end du mois de mai, la cr\u00e9ation artistique locale.<br>C&rsquo;est suite \u00e0 l&rsquo;invitation de Jean-Baptiste Defrance, artiste peintre r\u00e9sident au Bastion 14 (grand atelier collectif g\u00e9r\u00e9 par la ville de Strasbourg) \u00e0 cette \u00e9poque, que j&rsquo;ai eu l&rsquo;occasion d&rsquo;y pr\u00e9senter certaines de mes \u0153uvres de la s\u00e9rie <a href=\"https:\/\/davidsibieude.art\/index.php\/peinture-sans-support-peinture-installee\/\"><em>Peinture sans support \/ Peinture install\u00e9e<\/em><\/a>. <\/p>\n\n\n\n<div style=\"height:100px\" aria-hidden=\"true\" class=\"wp-block-spacer\"><\/div>\n\n\n\n<figure class=\"wp-block-image size-large\"><img data-recalc-dims=\"1\" loading=\"lazy\" decoding=\"async\" width=\"1024\" height=\"768\" src=\"https:\/\/i0.wp.com\/davidsibieude.art\/wp-content\/uploads\/2022\/11\/P5211815-1.jpg?resize=1024%2C768&#038;ssl=1\" alt=\"\" class=\"wp-image-1381\" srcset=\"https:\/\/i0.wp.com\/davidsibieude.art\/wp-content\/uploads\/2022\/11\/P5211815-1.jpg?resize=1024%2C768&amp;ssl=1 1024w, https:\/\/i0.wp.com\/davidsibieude.art\/wp-content\/uploads\/2022\/11\/P5211815-1.jpg?resize=300%2C225&amp;ssl=1 300w, https:\/\/i0.wp.com\/davidsibieude.art\/wp-content\/uploads\/2022\/11\/P5211815-1.jpg?resize=768%2C576&amp;ssl=1 768w, https:\/\/i0.wp.com\/davidsibieude.art\/wp-content\/uploads\/2022\/11\/P5211815-1.jpg?resize=1536%2C1151&amp;ssl=1 1536w, https:\/\/i0.wp.com\/davidsibieude.art\/wp-content\/uploads\/2022\/11\/P5211815-1.jpg?w=1969&amp;ssl=1 1969w\" sizes=\"auto, (max-width: 1024px) 100vw, 1024px\" \/><figcaption class=\"wp-element-caption\"><strong>Exposition Ateliers Ouverts<\/strong> \/ Vue installation &#8211; 2016<\/figcaption><\/figure>\n\n\n\n<div style=\"height:100px\" aria-hidden=\"true\" class=\"wp-block-spacer\"><\/div>\n\n\n\n<figure class=\"wp-block-image size-large\"><img data-recalc-dims=\"1\" loading=\"lazy\" decoding=\"async\" width=\"1024\" height=\"768\" src=\"https:\/\/i0.wp.com\/davidsibieude.art\/wp-content\/uploads\/2022\/11\/P5211814-1.jpg?resize=1024%2C768&#038;ssl=1\" alt=\"\" class=\"wp-image-1383\" srcset=\"https:\/\/i0.wp.com\/davidsibieude.art\/wp-content\/uploads\/2022\/11\/P5211814-1.jpg?resize=1024%2C768&amp;ssl=1 1024w, https:\/\/i0.wp.com\/davidsibieude.art\/wp-content\/uploads\/2022\/11\/P5211814-1.jpg?resize=300%2C225&amp;ssl=1 300w, https:\/\/i0.wp.com\/davidsibieude.art\/wp-content\/uploads\/2022\/11\/P5211814-1.jpg?resize=768%2C576&amp;ssl=1 768w, https:\/\/i0.wp.com\/davidsibieude.art\/wp-content\/uploads\/2022\/11\/P5211814-1.jpg?resize=1536%2C1151&amp;ssl=1 1536w, https:\/\/i0.wp.com\/davidsibieude.art\/wp-content\/uploads\/2022\/11\/P5211814-1.jpg?w=1969&amp;ssl=1 1969w\" sizes=\"auto, (max-width: 1024px) 100vw, 1024px\" \/><figcaption class=\"wp-element-caption\"><strong>Exposition Ateliers Ouverts<\/strong> \/ Sans titre &#8211; 2016<\/figcaption><\/figure>\n\n\n\n<div style=\"height:100px\" aria-hidden=\"true\" class=\"wp-block-spacer\"><\/div>\n\n\n\n<figure class=\"wp-block-image size-large\"><img data-recalc-dims=\"1\" loading=\"lazy\" decoding=\"async\" width=\"1024\" height=\"768\" src=\"https:\/\/i0.wp.com\/davidsibieude.art\/wp-content\/uploads\/2022\/11\/P5211813-1.jpg?resize=1024%2C768&#038;ssl=1\" alt=\"\" class=\"wp-image-1380\" srcset=\"https:\/\/i0.wp.com\/davidsibieude.art\/wp-content\/uploads\/2022\/11\/P5211813-1.jpg?resize=1024%2C768&amp;ssl=1 1024w, https:\/\/i0.wp.com\/davidsibieude.art\/wp-content\/uploads\/2022\/11\/P5211813-1.jpg?resize=300%2C225&amp;ssl=1 300w, https:\/\/i0.wp.com\/davidsibieude.art\/wp-content\/uploads\/2022\/11\/P5211813-1.jpg?resize=768%2C576&amp;ssl=1 768w, https:\/\/i0.wp.com\/davidsibieude.art\/wp-content\/uploads\/2022\/11\/P5211813-1.jpg?resize=1536%2C1151&amp;ssl=1 1536w, https:\/\/i0.wp.com\/davidsibieude.art\/wp-content\/uploads\/2022\/11\/P5211813-1.jpg?w=1969&amp;ssl=1 1969w\" sizes=\"auto, (max-width: 1024px) 100vw, 1024px\" \/><figcaption class=\"wp-element-caption\"><strong>Exposition Ateliers Ouverts<\/strong> \/ Vue installation &#8211; 2016<\/figcaption><\/figure>\n\n\n\n<div style=\"height:100px\" aria-hidden=\"true\" class=\"wp-block-spacer\"><\/div>\n\n\n\n<figure class=\"wp-block-image size-large is-resized\"><img data-recalc-dims=\"1\" loading=\"lazy\" decoding=\"async\" src=\"https:\/\/i0.wp.com\/davidsibieude.art\/wp-content\/uploads\/2022\/11\/affiche-ateliers-ouverts-2016.jpg?resize=920%2C1301&#038;ssl=1\" alt=\"\" class=\"wp-image-605\" width=\"920\" height=\"1301\" srcset=\"https:\/\/i0.wp.com\/davidsibieude.art\/wp-content\/uploads\/2022\/11\/affiche-ateliers-ouverts-2016-scaled.jpg?resize=724%2C1024&amp;ssl=1 724w, https:\/\/i0.wp.com\/davidsibieude.art\/wp-content\/uploads\/2022\/11\/affiche-ateliers-ouverts-2016-scaled.jpg?resize=212%2C300&amp;ssl=1 212w, https:\/\/i0.wp.com\/davidsibieude.art\/wp-content\/uploads\/2022\/11\/affiche-ateliers-ouverts-2016-scaled.jpg?resize=768%2C1086&amp;ssl=1 768w, https:\/\/i0.wp.com\/davidsibieude.art\/wp-content\/uploads\/2022\/11\/affiche-ateliers-ouverts-2016-scaled.jpg?resize=1086%2C1536&amp;ssl=1 1086w, https:\/\/i0.wp.com\/davidsibieude.art\/wp-content\/uploads\/2022\/11\/affiche-ateliers-ouverts-2016-scaled.jpg?resize=1448%2C2048&amp;ssl=1 1448w, https:\/\/i0.wp.com\/davidsibieude.art\/wp-content\/uploads\/2022\/11\/affiche-ateliers-ouverts-2016-scaled.jpg?w=1810&amp;ssl=1 1810w\" sizes=\"auto, (max-width: 920px) 100vw, 920px\" \/><figcaption class=\"wp-element-caption\"><strong>Exposition Ateliers Ouverts<\/strong> \/ Affiche &#8211; 2016<\/figcaption><\/figure>\n","protected":false},"excerpt":{"rendered":"<p>Bastion 14 &#8211; 14, rue du Rempart \u00e0 Strasbourg, France &#8211; 21,22 et 28,29 mai 2016 Les Ateliers Ouverts est une manifestation organis\u00e9e par l&rsquo;association Acc\u00e9l\u00e9rateur de Particules qui promeut l&rsquo;art et qui est destin\u00e9e \u00e0 ouvrir au grand public les ateliers des artistes strasbourgeois (et alsaciens de mani\u00e8re g\u00e9n\u00e9rale). Cet \u00e9v\u00e8nement se d\u00e9roule chaque &#8230; <a title=\"Exposition Ateliers Ouverts\" class=\"read-more\" href=\"https:\/\/davidsibieude.art\/index.php\/exposition-ateliers-ouverts-2016\/\" aria-label=\"En savoir plus sur Exposition Ateliers Ouverts\">Lire la suite<\/a><\/p>\n","protected":false},"author":1,"featured_media":0,"parent":0,"menu_order":0,"comment_status":"closed","ping_status":"closed","template":"","meta":{"footnotes":""},"class_list":["post-583","page","type-page","status-publish"],"yoast_head":"<!-- This site is optimized with the Yoast SEO plugin v26.0 - https:\/\/yoast.com\/wordpress\/plugins\/seo\/ -->\n<title>Exposition Ateliers Ouverts - David Sibieude<\/title>\n<meta name=\"robots\" content=\"index, follow, max-snippet:-1, max-image-preview:large, max-video-preview:-1\" \/>\n<link rel=\"canonical\" href=\"https:\/\/davidsibieude.art\/index.php\/exposition-ateliers-ouverts-2016\/\" \/>\n<meta property=\"og:locale\" content=\"fr_FR\" \/>\n<meta property=\"og:type\" content=\"article\" \/>\n<meta property=\"og:title\" content=\"Exposition Ateliers Ouverts - David Sibieude\" \/>\n<meta property=\"og:description\" content=\"Bastion 14 &#8211; 14, rue du Rempart \u00e0 Strasbourg, France &#8211; 21,22 et 28,29 mai 2016 Les Ateliers Ouverts est une manifestation organis\u00e9e par l&rsquo;association Acc\u00e9l\u00e9rateur de Particules qui promeut l&rsquo;art et qui est destin\u00e9e \u00e0 ouvrir au grand public les ateliers des artistes strasbourgeois (et alsaciens de mani\u00e8re g\u00e9n\u00e9rale). Cet \u00e9v\u00e8nement se d\u00e9roule chaque ... Lire la suite\" \/>\n<meta property=\"og:url\" content=\"https:\/\/davidsibieude.art\/index.php\/exposition-ateliers-ouverts-2016\/\" \/>\n<meta property=\"og:site_name\" content=\"David Sibieude\" \/>\n<meta property=\"article:modified_time\" content=\"2022-11-09T20:56:56+00:00\" \/>\n<meta property=\"og:image\" content=\"https:\/\/davidsibieude.art\/wp-content\/uploads\/2022\/11\/P5211815-1-1024x768.jpg\" \/>\n<meta name=\"twitter:card\" content=\"summary_large_image\" \/>\n<meta name=\"twitter:label1\" content=\"Dur\u00e9e de lecture estim\u00e9e\" \/>\n\t<meta name=\"twitter:data1\" content=\"1 minute\" \/>\n<script type=\"application\/ld+json\" class=\"yoast-schema-graph\">{\"@context\":\"https:\/\/schema.org\",\"@graph\":[{\"@type\":\"WebPage\",\"@id\":\"https:\/\/davidsibieude.art\/index.php\/exposition-ateliers-ouverts-2016\/\",\"url\":\"https:\/\/davidsibieude.art\/index.php\/exposition-ateliers-ouverts-2016\/\",\"name\":\"Exposition Ateliers Ouverts - David Sibieude\",\"isPartOf\":{\"@id\":\"https:\/\/davidsibieude.art\/#website\"},\"primaryImageOfPage\":{\"@id\":\"https:\/\/davidsibieude.art\/index.php\/exposition-ateliers-ouverts-2016\/#primaryimage\"},\"image\":{\"@id\":\"https:\/\/davidsibieude.art\/index.php\/exposition-ateliers-ouverts-2016\/#primaryimage\"},\"thumbnailUrl\":\"https:\/\/davidsibieude.art\/wp-content\/uploads\/2022\/11\/P5211815-1-1024x768.jpg\",\"datePublished\":\"2022-11-01T17:25:55+00:00\",\"dateModified\":\"2022-11-09T20:56:56+00:00\",\"breadcrumb\":{\"@id\":\"https:\/\/davidsibieude.art\/index.php\/exposition-ateliers-ouverts-2016\/#breadcrumb\"},\"inLanguage\":\"fr-FR\",\"potentialAction\":[{\"@type\":\"ReadAction\",\"target\":[\"https:\/\/davidsibieude.art\/index.php\/exposition-ateliers-ouverts-2016\/\"]}]},{\"@type\":\"ImageObject\",\"inLanguage\":\"fr-FR\",\"@id\":\"https:\/\/davidsibieude.art\/index.php\/exposition-ateliers-ouverts-2016\/#primaryimage\",\"url\":\"https:\/\/i0.wp.com\/davidsibieude.art\/wp-content\/uploads\/2022\/11\/P5211815-1.jpg?fit=1969%2C1476&ssl=1\",\"contentUrl\":\"https:\/\/i0.wp.com\/davidsibieude.art\/wp-content\/uploads\/2022\/11\/P5211815-1.jpg?fit=1969%2C1476&ssl=1\",\"width\":1969,\"height\":1476,\"caption\":\"OLYMPUS DIGITAL CAMERA\"},{\"@type\":\"BreadcrumbList\",\"@id\":\"https:\/\/davidsibieude.art\/index.php\/exposition-ateliers-ouverts-2016\/#breadcrumb\",\"itemListElement\":[{\"@type\":\"ListItem\",\"position\":1,\"name\":\"Accueil\",\"item\":\"https:\/\/davidsibieude.art\/\"},{\"@type\":\"ListItem\",\"position\":2,\"name\":\"Exposition Ateliers Ouverts\"}]},{\"@type\":\"WebSite\",\"@id\":\"https:\/\/davidsibieude.art\/#website\",\"url\":\"https:\/\/davidsibieude.art\/\",\"name\":\"David Sibieude\",\"description\":\"artiste peintre\",\"potentialAction\":[{\"@type\":\"SearchAction\",\"target\":{\"@type\":\"EntryPoint\",\"urlTemplate\":\"https:\/\/davidsibieude.art\/?s={search_term_string}\"},\"query-input\":{\"@type\":\"PropertyValueSpecification\",\"valueRequired\":true,\"valueName\":\"search_term_string\"}}],\"inLanguage\":\"fr-FR\"}]}<\/script>\n<!-- \/ Yoast SEO plugin. -->","yoast_head_json":{"title":"Exposition Ateliers Ouverts - David Sibieude","robots":{"index":"index","follow":"follow","max-snippet":"max-snippet:-1","max-image-preview":"max-image-preview:large","max-video-preview":"max-video-preview:-1"},"canonical":"https:\/\/davidsibieude.art\/index.php\/exposition-ateliers-ouverts-2016\/","og_locale":"fr_FR","og_type":"article","og_title":"Exposition Ateliers Ouverts - David Sibieude","og_description":"Bastion 14 &#8211; 14, rue du Rempart \u00e0 Strasbourg, France &#8211; 21,22 et 28,29 mai 2016 Les Ateliers Ouverts est une manifestation organis\u00e9e par l&rsquo;association Acc\u00e9l\u00e9rateur de Particules qui promeut l&rsquo;art et qui est destin\u00e9e \u00e0 ouvrir au grand public les ateliers des artistes strasbourgeois (et alsaciens de mani\u00e8re g\u00e9n\u00e9rale). Cet \u00e9v\u00e8nement se d\u00e9roule chaque ... Lire la suite","og_url":"https:\/\/davidsibieude.art\/index.php\/exposition-ateliers-ouverts-2016\/","og_site_name":"David Sibieude","article_modified_time":"2022-11-09T20:56:56+00:00","og_image":[{"url":"https:\/\/davidsibieude.art\/wp-content\/uploads\/2022\/11\/P5211815-1-1024x768.jpg","type":"","width":"","height":""}],"twitter_card":"summary_large_image","twitter_misc":{"Dur\u00e9e de lecture estim\u00e9e":"1 minute"},"schema":{"@context":"https:\/\/schema.org","@graph":[{"@type":"WebPage","@id":"https:\/\/davidsibieude.art\/index.php\/exposition-ateliers-ouverts-2016\/","url":"https:\/\/davidsibieude.art\/index.php\/exposition-ateliers-ouverts-2016\/","name":"Exposition Ateliers Ouverts - David Sibieude","isPartOf":{"@id":"https:\/\/davidsibieude.art\/#website"},"primaryImageOfPage":{"@id":"https:\/\/davidsibieude.art\/index.php\/exposition-ateliers-ouverts-2016\/#primaryimage"},"image":{"@id":"https:\/\/davidsibieude.art\/index.php\/exposition-ateliers-ouverts-2016\/#primaryimage"},"thumbnailUrl":"https:\/\/davidsibieude.art\/wp-content\/uploads\/2022\/11\/P5211815-1-1024x768.jpg","datePublished":"2022-11-01T17:25:55+00:00","dateModified":"2022-11-09T20:56:56+00:00","breadcrumb":{"@id":"https:\/\/davidsibieude.art\/index.php\/exposition-ateliers-ouverts-2016\/#breadcrumb"},"inLanguage":"fr-FR","potentialAction":[{"@type":"ReadAction","target":["https:\/\/davidsibieude.art\/index.php\/exposition-ateliers-ouverts-2016\/"]}]},{"@type":"ImageObject","inLanguage":"fr-FR","@id":"https:\/\/davidsibieude.art\/index.php\/exposition-ateliers-ouverts-2016\/#primaryimage","url":"https:\/\/i0.wp.com\/davidsibieude.art\/wp-content\/uploads\/2022\/11\/P5211815-1.jpg?fit=1969%2C1476&ssl=1","contentUrl":"https:\/\/i0.wp.com\/davidsibieude.art\/wp-content\/uploads\/2022\/11\/P5211815-1.jpg?fit=1969%2C1476&ssl=1","width":1969,"height":1476,"caption":"OLYMPUS DIGITAL CAMERA"},{"@type":"BreadcrumbList","@id":"https:\/\/davidsibieude.art\/index.php\/exposition-ateliers-ouverts-2016\/#breadcrumb","itemListElement":[{"@type":"ListItem","position":1,"name":"Accueil","item":"https:\/\/davidsibieude.art\/"},{"@type":"ListItem","position":2,"name":"Exposition Ateliers Ouverts"}]},{"@type":"WebSite","@id":"https:\/\/davidsibieude.art\/#website","url":"https:\/\/davidsibieude.art\/","name":"David Sibieude","description":"artiste peintre","potentialAction":[{"@type":"SearchAction","target":{"@type":"EntryPoint","urlTemplate":"https:\/\/davidsibieude.art\/?s={search_term_string}"},"query-input":{"@type":"PropertyValueSpecification","valueRequired":true,"valueName":"search_term_string"}}],"inLanguage":"fr-FR"}]}},"jetpack_sharing_enabled":true,"_links":{"self":[{"href":"https:\/\/davidsibieude.art\/index.php\/wp-json\/wp\/v2\/pages\/583","targetHints":{"allow":["GET"]}}],"collection":[{"href":"https:\/\/davidsibieude.art\/index.php\/wp-json\/wp\/v2\/pages"}],"about":[{"href":"https:\/\/davidsibieude.art\/index.php\/wp-json\/wp\/v2\/types\/page"}],"author":[{"embeddable":true,"href":"https:\/\/davidsibieude.art\/index.php\/wp-json\/wp\/v2\/users\/1"}],"replies":[{"embeddable":true,"href":"https:\/\/davidsibieude.art\/index.php\/wp-json\/wp\/v2\/comments?post=583"}],"version-history":[{"count":20,"href":"https:\/\/davidsibieude.art\/index.php\/wp-json\/wp\/v2\/pages\/583\/revisions"}],"predecessor-version":[{"id":2178,"href":"https:\/\/davidsibieude.art\/index.php\/wp-json\/wp\/v2\/pages\/583\/revisions\/2178"}],"wp:attachment":[{"href":"https:\/\/davidsibieude.art\/index.php\/wp-json\/wp\/v2\/media?parent=583"}],"curies":[{"name":"wp","href":"https:\/\/api.w.org\/{rel}","templated":true}]}}