{"id":472,"date":"2022-11-01T09:54:14","date_gmt":"2022-11-01T08:54:14","guid":{"rendered":"https:\/\/davidsibieude.art\/?page_id=472"},"modified":"2022-11-17T15:39:04","modified_gmt":"2022-11-17T14:39:04","slug":"le-grand-detournement","status":"publish","type":"page","link":"https:\/\/davidsibieude.art\/index.php\/le-grand-detournement\/","title":{"rendered":"Le grand d\u00e9tournement"},"content":{"rendered":"\n<div style=\"height:100px\" aria-hidden=\"true\" class=\"wp-block-spacer\"><\/div>\n\n\n\n<p><em>Le grand d\u00e9tournement<\/em> est une performance que j&rsquo;ai r\u00e9alis\u00e9e en 2013 \u00e0 Strasbourg dans diff\u00e9rents lieux (plusieurs rues du centre ville, parc de l&rsquo;Orangerie, place de Zurich).<br><br>L&rsquo;id\u00e9e initiale est n\u00e9e d&rsquo;un dessin que j&rsquo;ai fait pendant mon ann\u00e9e d&rsquo;\u00e9tude \u00e0 l&rsquo;\u00c9cole des Beaux-Arts de Saint-\u00c9tienne en 2005. On y voit un personnage qui joue au basket sur des panneaux de signalisation de sens interdit. En effet, s&rsquo;amuser, jouer avec les sens interdits, les id\u00e9es proscrites, les significations cach\u00e9es, les acceptions dissimul\u00e9es ou encore les interpr\u00e9tations bannies du langage,  n&rsquo;\u00e9tait-ce pas l\u00e0 l&rsquo;un des r\u00f4les essentiels d\u00e9volu aux artistes? Je trouvais la m\u00e9taphore visuelle pertinente. <br><br>Cette performance a \u00e9t\u00e9 r\u00e9alis\u00e9e sur diff\u00e9rents cat\u00e9gories d&rsquo;objets pr\u00e9sents dans l&rsquo;espace public comme des panneaux de signalisation de sens interdit, des lampadaires, un panneau de basketball, une sculpture (L&rsquo;ange d&rsquo;\u00c9mile Gilioli situ\u00e9e avenue du G\u00e9n\u00e9ral de Gaulle \u00e0 Strasbourg) et sur une statue (statue de Pierre Pflimlin du sculpteur Thierry Delorme au parc de l&rsquo;Orangerie \u00e0 Strasbourg).<br><br>La performance fonctionne avec un kit compos\u00e9 : <br>&#8211; d&rsquo;un anneau de basketball rouge et son filet rouge (r\u00e9alis\u00e9 par mes soins), agr\u00e9ment\u00e9 de deux sangles rouges n\u00e9cessaires pour l&rsquo;attacher \u00e0 ce que je souhaite<br>&#8211; d&rsquo;un ballon de basketball rouge<br>&#8211; d&rsquo;un tabouret rouge qui facilite l&rsquo;accrochage de l&rsquo;anneau en hauteur et qui peut servir \u00e9galement \u00e0 moduler les jeux permis par ce dispositif.<br><br>Le choix de la couleur rouge se r\u00e9f\u00e8re \u00e0 l&rsquo;id\u00e9e initiale consistant \u00e0 jouer sur des panneaux de signalisation de sens interdit de cette couleur.<\/p>\n\n\n\n<div style=\"height:100px\" aria-hidden=\"true\" class=\"wp-block-spacer\"><\/div>\n\n\n\n<figure class=\"wp-block-image size-large\"><img data-recalc-dims=\"1\" loading=\"lazy\" decoding=\"async\" width=\"1024\" height=\"758\" src=\"https:\/\/i0.wp.com\/davidsibieude.art\/wp-content\/uploads\/2022\/11\/dessin-initial-Le-grand-detournement-2005.jpg?resize=1024%2C758&#038;ssl=1\" alt=\"\" class=\"wp-image-528\" srcset=\"https:\/\/i0.wp.com\/davidsibieude.art\/wp-content\/uploads\/2022\/11\/dessin-initial-Le-grand-detournement-2005.jpg?resize=1024%2C758&amp;ssl=1 1024w, https:\/\/i0.wp.com\/davidsibieude.art\/wp-content\/uploads\/2022\/11\/dessin-initial-Le-grand-detournement-2005.jpg?resize=300%2C222&amp;ssl=1 300w, https:\/\/i0.wp.com\/davidsibieude.art\/wp-content\/uploads\/2022\/11\/dessin-initial-Le-grand-detournement-2005.jpg?resize=768%2C568&amp;ssl=1 768w, https:\/\/i0.wp.com\/davidsibieude.art\/wp-content\/uploads\/2022\/11\/dessin-initial-Le-grand-detournement-2005.jpg?resize=1536%2C1137&amp;ssl=1 1536w, https:\/\/i0.wp.com\/davidsibieude.art\/wp-content\/uploads\/2022\/11\/dessin-initial-Le-grand-detournement-2005.jpg?resize=2048%2C1516&amp;ssl=1 2048w\" sizes=\"auto, (max-width: 1024px) 100vw, 1024px\" \/><figcaption class=\"wp-element-caption\"><strong>Le grand d\u00e9tournement<\/strong> \/ Dessin initial &#8211; 2005<\/figcaption><\/figure>\n\n\n\n<div style=\"height:100px\" aria-hidden=\"true\" class=\"wp-block-spacer\"><\/div>\n\n\n\n<figure class=\"wp-block-image size-large is-resized\"><img data-recalc-dims=\"1\" loading=\"lazy\" decoding=\"async\" src=\"https:\/\/i0.wp.com\/davidsibieude.art\/wp-content\/uploads\/2022\/11\/CIMG3617.jpg?resize=920%2C1227&#038;ssl=1\" alt=\"\" class=\"wp-image-487\" width=\"920\" height=\"1227\" srcset=\"https:\/\/i0.wp.com\/davidsibieude.art\/wp-content\/uploads\/2022\/11\/CIMG3617.jpg?resize=768%2C1024&amp;ssl=1 768w, https:\/\/i0.wp.com\/davidsibieude.art\/wp-content\/uploads\/2022\/11\/CIMG3617.jpg?resize=225%2C300&amp;ssl=1 225w, https:\/\/i0.wp.com\/davidsibieude.art\/wp-content\/uploads\/2022\/11\/CIMG3617.jpg?resize=1152%2C1536&amp;ssl=1 1152w, https:\/\/i0.wp.com\/davidsibieude.art\/wp-content\/uploads\/2022\/11\/CIMG3617.jpg?resize=1536%2C2048&amp;ssl=1 1536w, https:\/\/i0.wp.com\/davidsibieude.art\/wp-content\/uploads\/2022\/11\/CIMG3617.jpg?w=1920&amp;ssl=1 1920w\" sizes=\"auto, (max-width: 920px) 100vw, 920px\" \/><figcaption class=\"wp-element-caption\"><strong>Le grand d\u00e9tournement<\/strong> \/ Performance, angle rue des Planches et rue des Balayeurs \u00e0 Strasbourg &#8211; 2013<\/figcaption><\/figure>\n\n\n\n<div style=\"height:100px\" aria-hidden=\"true\" class=\"wp-block-spacer\"><\/div>\n\n\n\n<figure class=\"wp-block-video\"><video height=\"480\" style=\"aspect-ratio: 640 \/ 480;\" width=\"640\" controls src=\"https:\/\/davidsibieude.art\/wp-content\/uploads\/2022\/11\/Le-grand-detournement-performance-David-Sibieude-place-de-Zurich-Strasbourg-Extrait-27-secondes.mp4\"><\/video><figcaption class=\"wp-element-caption\"><strong>Le grand d\u00e9tournement<\/strong> \/ Performance, place de Zurich \u00e0 Strasbourg, extrait 30 secondes &#8211; 2013<\/figcaption><\/figure>\n\n\n\n<div style=\"height:100px\" aria-hidden=\"true\" class=\"wp-block-spacer\"><\/div>\n\n\n\n<figure class=\"wp-block-image size-large is-resized\"><img data-recalc-dims=\"1\" loading=\"lazy\" decoding=\"async\" src=\"https:\/\/i0.wp.com\/davidsibieude.art\/wp-content\/uploads\/2022\/11\/CIMG3611.jpg?resize=921%2C1228&#038;ssl=1\" alt=\"\" class=\"wp-image-484\" width=\"921\" height=\"1228\" srcset=\"https:\/\/i0.wp.com\/davidsibieude.art\/wp-content\/uploads\/2022\/11\/CIMG3611.jpg?resize=768%2C1024&amp;ssl=1 768w, https:\/\/i0.wp.com\/davidsibieude.art\/wp-content\/uploads\/2022\/11\/CIMG3611.jpg?resize=225%2C300&amp;ssl=1 225w, https:\/\/i0.wp.com\/davidsibieude.art\/wp-content\/uploads\/2022\/11\/CIMG3611.jpg?resize=1152%2C1536&amp;ssl=1 1152w, https:\/\/i0.wp.com\/davidsibieude.art\/wp-content\/uploads\/2022\/11\/CIMG3611.jpg?resize=1536%2C2048&amp;ssl=1 1536w, https:\/\/i0.wp.com\/davidsibieude.art\/wp-content\/uploads\/2022\/11\/CIMG3611.jpg?w=1920&amp;ssl=1 1920w\" sizes=\"auto, (max-width: 921px) 100vw, 921px\" \/><figcaption class=\"wp-element-caption\"><strong>Le grand d\u00e9tournement<\/strong> \/ Performance, installation du kit, all\u00e9e du Schluthfeld \u00e0 Strasbourg &#8211; 2013<\/figcaption><\/figure>\n\n\n\n<div style=\"height:100px\" aria-hidden=\"true\" class=\"wp-block-spacer\"><\/div>\n\n\n\n<figure class=\"wp-block-image size-large is-resized\"><img data-recalc-dims=\"1\" loading=\"lazy\" decoding=\"async\" src=\"https:\/\/i0.wp.com\/davidsibieude.art\/wp-content\/uploads\/2022\/11\/CIMG3614.jpg?resize=921%2C1228&#038;ssl=1\" alt=\"\" class=\"wp-image-486\" width=\"921\" height=\"1228\" srcset=\"https:\/\/i0.wp.com\/davidsibieude.art\/wp-content\/uploads\/2022\/11\/CIMG3614.jpg?resize=768%2C1024&amp;ssl=1 768w, https:\/\/i0.wp.com\/davidsibieude.art\/wp-content\/uploads\/2022\/11\/CIMG3614.jpg?resize=225%2C300&amp;ssl=1 225w, https:\/\/i0.wp.com\/davidsibieude.art\/wp-content\/uploads\/2022\/11\/CIMG3614.jpg?resize=1152%2C1536&amp;ssl=1 1152w, https:\/\/i0.wp.com\/davidsibieude.art\/wp-content\/uploads\/2022\/11\/CIMG3614.jpg?resize=1536%2C2048&amp;ssl=1 1536w, https:\/\/i0.wp.com\/davidsibieude.art\/wp-content\/uploads\/2022\/11\/CIMG3614.jpg?w=1920&amp;ssl=1 1920w\" sizes=\"auto, (max-width: 921px) 100vw, 921px\" \/><figcaption class=\"wp-element-caption\"><strong>Le grand d\u00e9tournement<\/strong> \/ Performance, route de Vienne, en face de la Mairie de Strasbourg &#8211; 2013<\/figcaption><\/figure>\n\n\n\n<div style=\"height:100px\" aria-hidden=\"true\" class=\"wp-block-spacer\"><\/div>\n\n\n\n<figure class=\"wp-block-image size-large is-resized\"><img data-recalc-dims=\"1\" loading=\"lazy\" decoding=\"async\" src=\"https:\/\/i0.wp.com\/davidsibieude.art\/wp-content\/uploads\/2022\/11\/CIMG3615.jpg?resize=921%2C1228&#038;ssl=1\" alt=\"\" class=\"wp-image-488\" width=\"921\" height=\"1228\" srcset=\"https:\/\/i0.wp.com\/davidsibieude.art\/wp-content\/uploads\/2022\/11\/CIMG3615.jpg?resize=768%2C1024&amp;ssl=1 768w, https:\/\/i0.wp.com\/davidsibieude.art\/wp-content\/uploads\/2022\/11\/CIMG3615.jpg?resize=225%2C300&amp;ssl=1 225w, https:\/\/i0.wp.com\/davidsibieude.art\/wp-content\/uploads\/2022\/11\/CIMG3615.jpg?resize=1152%2C1536&amp;ssl=1 1152w, https:\/\/i0.wp.com\/davidsibieude.art\/wp-content\/uploads\/2022\/11\/CIMG3615.jpg?resize=1536%2C2048&amp;ssl=1 1536w, https:\/\/i0.wp.com\/davidsibieude.art\/wp-content\/uploads\/2022\/11\/CIMG3615.jpg?w=1920&amp;ssl=1 1920w\" sizes=\"auto, (max-width: 921px) 100vw, 921px\" \/><figcaption class=\"wp-element-caption\"><strong>Le grand d\u00e9tournement<\/strong> \/ Performance, quai du G\u00e9n\u00e9ral Koenig \u00e0 Strasbourg &#8211; 2013<\/figcaption><\/figure>\n\n\n\n<div style=\"height:100px\" aria-hidden=\"true\" class=\"wp-block-spacer\"><\/div>\n\n\n\n<figure class=\"wp-block-image size-large\"><img data-recalc-dims=\"1\" loading=\"lazy\" decoding=\"async\" width=\"1024\" height=\"768\" src=\"https:\/\/i0.wp.com\/davidsibieude.art\/wp-content\/uploads\/2022\/11\/P1010265.jpg?resize=1024%2C768&#038;ssl=1\" alt=\"\" class=\"wp-image-489\" srcset=\"https:\/\/i0.wp.com\/davidsibieude.art\/wp-content\/uploads\/2022\/11\/P1010265.jpg?resize=1024%2C768&amp;ssl=1 1024w, https:\/\/i0.wp.com\/davidsibieude.art\/wp-content\/uploads\/2022\/11\/P1010265.jpg?resize=300%2C225&amp;ssl=1 300w, https:\/\/i0.wp.com\/davidsibieude.art\/wp-content\/uploads\/2022\/11\/P1010265.jpg?resize=768%2C576&amp;ssl=1 768w, https:\/\/i0.wp.com\/davidsibieude.art\/wp-content\/uploads\/2022\/11\/P1010265.jpg?resize=1536%2C1152&amp;ssl=1 1536w, https:\/\/i0.wp.com\/davidsibieude.art\/wp-content\/uploads\/2022\/11\/P1010265.jpg?w=2048&amp;ssl=1 2048w\" sizes=\"auto, (max-width: 1024px) 100vw, 1024px\" \/><figcaption class=\"wp-element-caption\"><strong>Le grand d\u00e9tournement<\/strong> \/ Performance, avenue du G\u00e9n\u00e9ral De Gaulle \u00e0 Strasbourg &#8211; 2013<\/figcaption><\/figure>\n\n\n\n<div style=\"height:100px\" aria-hidden=\"true\" class=\"wp-block-spacer\"><\/div>\n\n\n\n<figure class=\"wp-block-image size-large is-resized\"><img data-recalc-dims=\"1\" loading=\"lazy\" decoding=\"async\" src=\"https:\/\/i0.wp.com\/davidsibieude.art\/wp-content\/uploads\/2022\/11\/P1010264.jpg?resize=921%2C1634&#038;ssl=1\" alt=\"\" class=\"wp-image-490\" width=\"921\" height=\"1634\" srcset=\"https:\/\/i0.wp.com\/davidsibieude.art\/wp-content\/uploads\/2022\/11\/P1010264-scaled.jpg?resize=577%2C1024&amp;ssl=1 577w, https:\/\/i0.wp.com\/davidsibieude.art\/wp-content\/uploads\/2022\/11\/P1010264-scaled.jpg?resize=169%2C300&amp;ssl=1 169w, https:\/\/i0.wp.com\/davidsibieude.art\/wp-content\/uploads\/2022\/11\/P1010264-scaled.jpg?resize=768%2C1363&amp;ssl=1 768w, https:\/\/i0.wp.com\/davidsibieude.art\/wp-content\/uploads\/2022\/11\/P1010264-scaled.jpg?resize=866%2C1536&amp;ssl=1 866w, https:\/\/i0.wp.com\/davidsibieude.art\/wp-content\/uploads\/2022\/11\/P1010264-scaled.jpg?resize=1154%2C2048&amp;ssl=1 1154w, https:\/\/i0.wp.com\/davidsibieude.art\/wp-content\/uploads\/2022\/11\/P1010264-scaled.jpg?w=1443&amp;ssl=1 1443w\" sizes=\"auto, (max-width: 921px) 100vw, 921px\" \/><figcaption class=\"wp-element-caption\"><strong>Le grand d\u00e9tournement<\/strong> \/ Performance, place de l&rsquo;Esplanade \u00e0 Strasbourg &#8211; 2013<\/figcaption><\/figure>\n\n\n\n<div style=\"height:100px\" aria-hidden=\"true\" class=\"wp-block-spacer\"><\/div>\n\n\n\n<figure class=\"wp-block-image size-large\"><img data-recalc-dims=\"1\" loading=\"lazy\" decoding=\"async\" width=\"1024\" height=\"768\" src=\"https:\/\/i0.wp.com\/davidsibieude.art\/wp-content\/uploads\/2022\/11\/P1010262.jpg?resize=1024%2C768&#038;ssl=1\" alt=\"\" class=\"wp-image-491\" srcset=\"https:\/\/i0.wp.com\/davidsibieude.art\/wp-content\/uploads\/2022\/11\/P1010262.jpg?resize=1024%2C768&amp;ssl=1 1024w, https:\/\/i0.wp.com\/davidsibieude.art\/wp-content\/uploads\/2022\/11\/P1010262.jpg?resize=300%2C225&amp;ssl=1 300w, https:\/\/i0.wp.com\/davidsibieude.art\/wp-content\/uploads\/2022\/11\/P1010262.jpg?resize=768%2C576&amp;ssl=1 768w, https:\/\/i0.wp.com\/davidsibieude.art\/wp-content\/uploads\/2022\/11\/P1010262.jpg?resize=1536%2C1152&amp;ssl=1 1536w, https:\/\/i0.wp.com\/davidsibieude.art\/wp-content\/uploads\/2022\/11\/P1010262.jpg?w=2048&amp;ssl=1 2048w\" sizes=\"auto, (max-width: 1024px) 100vw, 1024px\" \/><figcaption class=\"wp-element-caption\"><strong>Le grand d\u00e9tournement<\/strong> \/ Performance, terrain de basketball au parc de la Citadelle \u00e0 Strasbourg &#8211; 2013<\/figcaption><\/figure>\n","protected":false},"excerpt":{"rendered":"<p>Le grand d\u00e9tournement est une performance que j&rsquo;ai r\u00e9alis\u00e9e en 2013 \u00e0 Strasbourg dans diff\u00e9rents lieux (plusieurs rues du centre ville, parc de l&rsquo;Orangerie, place de Zurich). L&rsquo;id\u00e9e initiale est n\u00e9e d&rsquo;un dessin que j&rsquo;ai fait pendant mon ann\u00e9e d&rsquo;\u00e9tude \u00e0 l&rsquo;\u00c9cole des Beaux-Arts de Saint-\u00c9tienne en 2005. On y voit un personnage qui joue &#8230; <a title=\"Le grand d\u00e9tournement\" class=\"read-more\" href=\"https:\/\/davidsibieude.art\/index.php\/le-grand-detournement\/\" aria-label=\"En savoir plus sur Le grand d\u00e9tournement\">Lire la suite<\/a><\/p>\n","protected":false},"author":1,"featured_media":0,"parent":0,"menu_order":0,"comment_status":"closed","ping_status":"closed","template":"","meta":{"footnotes":""},"class_list":["post-472","page","type-page","status-publish"],"yoast_head":"<!-- This site is optimized with the Yoast SEO plugin v26.0 - https:\/\/yoast.com\/wordpress\/plugins\/seo\/ -->\n<title>Le grand d\u00e9tournement - David Sibieude<\/title>\n<meta name=\"robots\" content=\"index, follow, max-snippet:-1, max-image-preview:large, max-video-preview:-1\" \/>\n<link rel=\"canonical\" href=\"https:\/\/davidsibieude.art\/index.php\/le-grand-detournement\/\" \/>\n<meta property=\"og:locale\" content=\"fr_FR\" \/>\n<meta property=\"og:type\" content=\"article\" \/>\n<meta property=\"og:title\" content=\"Le grand d\u00e9tournement - David Sibieude\" \/>\n<meta property=\"og:description\" content=\"Le grand d\u00e9tournement est une performance que j&rsquo;ai r\u00e9alis\u00e9e en 2013 \u00e0 Strasbourg dans diff\u00e9rents lieux (plusieurs rues du centre ville, parc de l&rsquo;Orangerie, place de Zurich). L&rsquo;id\u00e9e initiale est n\u00e9e d&rsquo;un dessin que j&rsquo;ai fait pendant mon ann\u00e9e d&rsquo;\u00e9tude \u00e0 l&rsquo;\u00c9cole des Beaux-Arts de Saint-\u00c9tienne en 2005. On y voit un personnage qui joue ... Lire la suite\" \/>\n<meta property=\"og:url\" content=\"https:\/\/davidsibieude.art\/index.php\/le-grand-detournement\/\" \/>\n<meta property=\"og:site_name\" content=\"David Sibieude\" \/>\n<meta property=\"article:modified_time\" content=\"2022-11-17T14:39:04+00:00\" \/>\n<meta property=\"og:image\" content=\"https:\/\/davidsibieude.art\/wp-content\/uploads\/2022\/11\/dessin-initial-Le-grand-detournement-2005-1024x758.jpg\" \/>\n<meta name=\"twitter:card\" content=\"summary_large_image\" \/>\n<meta name=\"twitter:label1\" content=\"Dur\u00e9e de lecture estim\u00e9e\" \/>\n\t<meta name=\"twitter:data1\" content=\"2 minutes\" \/>\n<script type=\"application\/ld+json\" class=\"yoast-schema-graph\">{\"@context\":\"https:\/\/schema.org\",\"@graph\":[{\"@type\":\"WebPage\",\"@id\":\"https:\/\/davidsibieude.art\/index.php\/le-grand-detournement\/\",\"url\":\"https:\/\/davidsibieude.art\/index.php\/le-grand-detournement\/\",\"name\":\"Le grand d\u00e9tournement - David Sibieude\",\"isPartOf\":{\"@id\":\"https:\/\/davidsibieude.art\/#website\"},\"primaryImageOfPage\":{\"@id\":\"https:\/\/davidsibieude.art\/index.php\/le-grand-detournement\/#primaryimage\"},\"image\":{\"@id\":\"https:\/\/davidsibieude.art\/index.php\/le-grand-detournement\/#primaryimage\"},\"thumbnailUrl\":\"https:\/\/davidsibieude.art\/wp-content\/uploads\/2022\/11\/dessin-initial-Le-grand-detournement-2005-1024x758.jpg\",\"datePublished\":\"2022-11-01T08:54:14+00:00\",\"dateModified\":\"2022-11-17T14:39:04+00:00\",\"breadcrumb\":{\"@id\":\"https:\/\/davidsibieude.art\/index.php\/le-grand-detournement\/#breadcrumb\"},\"inLanguage\":\"fr-FR\",\"potentialAction\":[{\"@type\":\"ReadAction\",\"target\":[\"https:\/\/davidsibieude.art\/index.php\/le-grand-detournement\/\"]}]},{\"@type\":\"ImageObject\",\"inLanguage\":\"fr-FR\",\"@id\":\"https:\/\/davidsibieude.art\/index.php\/le-grand-detournement\/#primaryimage\",\"url\":\"https:\/\/i0.wp.com\/davidsibieude.art\/wp-content\/uploads\/2022\/11\/dessin-initial-Le-grand-detournement-2005.jpg?fit=2362%2C1748&ssl=1\",\"contentUrl\":\"https:\/\/i0.wp.com\/davidsibieude.art\/wp-content\/uploads\/2022\/11\/dessin-initial-Le-grand-detournement-2005.jpg?fit=2362%2C1748&ssl=1\",\"width\":2362,\"height\":1748},{\"@type\":\"BreadcrumbList\",\"@id\":\"https:\/\/davidsibieude.art\/index.php\/le-grand-detournement\/#breadcrumb\",\"itemListElement\":[{\"@type\":\"ListItem\",\"position\":1,\"name\":\"Accueil\",\"item\":\"https:\/\/davidsibieude.art\/\"},{\"@type\":\"ListItem\",\"position\":2,\"name\":\"Le grand d\u00e9tournement\"}]},{\"@type\":\"WebSite\",\"@id\":\"https:\/\/davidsibieude.art\/#website\",\"url\":\"https:\/\/davidsibieude.art\/\",\"name\":\"David Sibieude\",\"description\":\"artiste peintre\",\"potentialAction\":[{\"@type\":\"SearchAction\",\"target\":{\"@type\":\"EntryPoint\",\"urlTemplate\":\"https:\/\/davidsibieude.art\/?s={search_term_string}\"},\"query-input\":{\"@type\":\"PropertyValueSpecification\",\"valueRequired\":true,\"valueName\":\"search_term_string\"}}],\"inLanguage\":\"fr-FR\"}]}<\/script>\n<!-- \/ Yoast SEO plugin. -->","yoast_head_json":{"title":"Le grand d\u00e9tournement - David Sibieude","robots":{"index":"index","follow":"follow","max-snippet":"max-snippet:-1","max-image-preview":"max-image-preview:large","max-video-preview":"max-video-preview:-1"},"canonical":"https:\/\/davidsibieude.art\/index.php\/le-grand-detournement\/","og_locale":"fr_FR","og_type":"article","og_title":"Le grand d\u00e9tournement - David Sibieude","og_description":"Le grand d\u00e9tournement est une performance que j&rsquo;ai r\u00e9alis\u00e9e en 2013 \u00e0 Strasbourg dans diff\u00e9rents lieux (plusieurs rues du centre ville, parc de l&rsquo;Orangerie, place de Zurich). L&rsquo;id\u00e9e initiale est n\u00e9e d&rsquo;un dessin que j&rsquo;ai fait pendant mon ann\u00e9e d&rsquo;\u00e9tude \u00e0 l&rsquo;\u00c9cole des Beaux-Arts de Saint-\u00c9tienne en 2005. On y voit un personnage qui joue ... Lire la suite","og_url":"https:\/\/davidsibieude.art\/index.php\/le-grand-detournement\/","og_site_name":"David Sibieude","article_modified_time":"2022-11-17T14:39:04+00:00","og_image":[{"url":"https:\/\/davidsibieude.art\/wp-content\/uploads\/2022\/11\/dessin-initial-Le-grand-detournement-2005-1024x758.jpg","type":"","width":"","height":""}],"twitter_card":"summary_large_image","twitter_misc":{"Dur\u00e9e de lecture estim\u00e9e":"2 minutes"},"schema":{"@context":"https:\/\/schema.org","@graph":[{"@type":"WebPage","@id":"https:\/\/davidsibieude.art\/index.php\/le-grand-detournement\/","url":"https:\/\/davidsibieude.art\/index.php\/le-grand-detournement\/","name":"Le grand d\u00e9tournement - David Sibieude","isPartOf":{"@id":"https:\/\/davidsibieude.art\/#website"},"primaryImageOfPage":{"@id":"https:\/\/davidsibieude.art\/index.php\/le-grand-detournement\/#primaryimage"},"image":{"@id":"https:\/\/davidsibieude.art\/index.php\/le-grand-detournement\/#primaryimage"},"thumbnailUrl":"https:\/\/davidsibieude.art\/wp-content\/uploads\/2022\/11\/dessin-initial-Le-grand-detournement-2005-1024x758.jpg","datePublished":"2022-11-01T08:54:14+00:00","dateModified":"2022-11-17T14:39:04+00:00","breadcrumb":{"@id":"https:\/\/davidsibieude.art\/index.php\/le-grand-detournement\/#breadcrumb"},"inLanguage":"fr-FR","potentialAction":[{"@type":"ReadAction","target":["https:\/\/davidsibieude.art\/index.php\/le-grand-detournement\/"]}]},{"@type":"ImageObject","inLanguage":"fr-FR","@id":"https:\/\/davidsibieude.art\/index.php\/le-grand-detournement\/#primaryimage","url":"https:\/\/i0.wp.com\/davidsibieude.art\/wp-content\/uploads\/2022\/11\/dessin-initial-Le-grand-detournement-2005.jpg?fit=2362%2C1748&ssl=1","contentUrl":"https:\/\/i0.wp.com\/davidsibieude.art\/wp-content\/uploads\/2022\/11\/dessin-initial-Le-grand-detournement-2005.jpg?fit=2362%2C1748&ssl=1","width":2362,"height":1748},{"@type":"BreadcrumbList","@id":"https:\/\/davidsibieude.art\/index.php\/le-grand-detournement\/#breadcrumb","itemListElement":[{"@type":"ListItem","position":1,"name":"Accueil","item":"https:\/\/davidsibieude.art\/"},{"@type":"ListItem","position":2,"name":"Le grand d\u00e9tournement"}]},{"@type":"WebSite","@id":"https:\/\/davidsibieude.art\/#website","url":"https:\/\/davidsibieude.art\/","name":"David Sibieude","description":"artiste peintre","potentialAction":[{"@type":"SearchAction","target":{"@type":"EntryPoint","urlTemplate":"https:\/\/davidsibieude.art\/?s={search_term_string}"},"query-input":{"@type":"PropertyValueSpecification","valueRequired":true,"valueName":"search_term_string"}}],"inLanguage":"fr-FR"}]}},"jetpack_sharing_enabled":true,"_links":{"self":[{"href":"https:\/\/davidsibieude.art\/index.php\/wp-json\/wp\/v2\/pages\/472","targetHints":{"allow":["GET"]}}],"collection":[{"href":"https:\/\/davidsibieude.art\/index.php\/wp-json\/wp\/v2\/pages"}],"about":[{"href":"https:\/\/davidsibieude.art\/index.php\/wp-json\/wp\/v2\/types\/page"}],"author":[{"embeddable":true,"href":"https:\/\/davidsibieude.art\/index.php\/wp-json\/wp\/v2\/users\/1"}],"replies":[{"embeddable":true,"href":"https:\/\/davidsibieude.art\/index.php\/wp-json\/wp\/v2\/comments?post=472"}],"version-history":[{"count":23,"href":"https:\/\/davidsibieude.art\/index.php\/wp-json\/wp\/v2\/pages\/472\/revisions"}],"predecessor-version":[{"id":2307,"href":"https:\/\/davidsibieude.art\/index.php\/wp-json\/wp\/v2\/pages\/472\/revisions\/2307"}],"wp:attachment":[{"href":"https:\/\/davidsibieude.art\/index.php\/wp-json\/wp\/v2\/media?parent=472"}],"curies":[{"name":"wp","href":"https:\/\/api.w.org\/{rel}","templated":true}]}}