{"id":285,"date":"2022-10-31T10:54:36","date_gmt":"2022-10-31T09:54:36","guid":{"rendered":"https:\/\/davidsibieude.art\/?page_id=285"},"modified":"2022-12-26T20:01:08","modified_gmt":"2022-12-26T19:01:08","slug":"repas","status":"publish","type":"page","link":"https:\/\/davidsibieude.art\/index.php\/repas\/","title":{"rendered":"Repas"},"content":{"rendered":"\n<div style=\"height:100px\" aria-hidden=\"true\" class=\"wp-block-spacer\"><\/div>\n\n\n\n<p><em>Repas<\/em> est une vid\u00e9o d&rsquo;une dur\u00e9e de 3 minutes et 31 secondes que j&rsquo;ai r\u00e9alis\u00e9e \u00e0 l&rsquo;aide d&rsquo;une cam\u00e9ra DV en 2010. J&rsquo;ai \u00e9galement con\u00e7u la bande sonore qui accompagne celle-ci. Elle fait partie d&rsquo;une ensemble de trois vid\u00e9o, avec <a href=\"https:\/\/davidsibieude.art\/index.php\/maquillage-2010\/\"><em>Maquillage<\/em><\/a> et <a href=\"https:\/\/davidsibieude.art\/index.php\/basketball-2010\/\"><em>Basketball<\/em><\/a>, qui traitent de la dimension r\u00e9p\u00e9titive et absurde de nos gestes quotidiens. <br><br>Cette vid\u00e9o traite de la solitude inh\u00e9rente \u00e0 nos modes de vie contemporains. On y voit un homme seul (moi-m\u00eame) en train de prendre son repas, identique \u00e0 chaque instant, consomm\u00e9 \u00e0 diff\u00e9rents moments de la journ\u00e9e symbolis\u00e9s par l&rsquo;aternance des v\u00eatements que je porte. C&rsquo;est comme si ce personnage se trouvait face \u00e0 un \u00e9cran de t\u00e9l\u00e9vision ou d&rsquo;ordinateur. Ce dispositif g\u00e9n\u00e8re une frontalit\u00e9 presque angoissante, un effet trouble comme le reflet d&rsquo;un miroir entre le spectateur et ce personnage film\u00e9 dans une attitude si commune de nos jours. L&rsquo;\u00e9cran physique et symbolique ne nous prot\u00e8ge plus dans ce face-\u00e0-face inqui\u00e9tant.<br>La dimension r\u00e9p\u00e9titive des gestes \u00e9voque l&rsquo;aberrante incongruit\u00e9 de la situation. Celle-ci nous semble toujours l\u00e9g\u00e8rement diff\u00e9rente et en m\u00eame temps analogue dans la torpeur qu&rsquo;elle induit, qu&rsquo;elle provoque. <br>C&rsquo;est une lassitude contamment renouvel\u00e9e que l&rsquo;on cherche \u00e0 tromper par des subterfuges malhabiles.<br>Cette vid\u00e9o est le pendant de <a href=\"https:\/\/davidsibieude.art\/wp-admin\/post.php?post=298&amp;action=edit\"><em>Maquillage<\/em><\/a> dans sa version alimentaire.<br><br>Je n&rsquo;ai pr\u00e9sent\u00e9 cette vid\u00e9o, \u00e0 ce jour, qu&rsquo;une seule fois lors d&rsquo;une <a href=\"https:\/\/davidsibieude.art\/index.php\/premiere-exposition-individuelle\/\"><em>exposition indivduelle<\/em><\/a> que j&rsquo;avais organis\u00e9e dans mon appartement en juin 2010. <\/p>\n\n\n\n<div style=\"height:100px\" aria-hidden=\"true\" class=\"wp-block-spacer\"><\/div>\n\n\n\n<figure class=\"wp-block-video\"><video height=\"480\" style=\"aspect-ratio: 720 \/ 480;\" width=\"720\" controls src=\"https:\/\/davidsibieude.art\/wp-content\/uploads\/2022\/10\/Repas-video-David-Sibieude-extrait-1-min.mp4\"><\/video><figcaption class=\"wp-element-caption\"><strong>Repas<\/strong> \/ Extrait, 1 minute &#8211; 2010<\/figcaption><\/figure>\n","protected":false},"excerpt":{"rendered":"<p>Repas est une vid\u00e9o d&rsquo;une dur\u00e9e de 3 minutes et 31 secondes que j&rsquo;ai r\u00e9alis\u00e9e \u00e0 l&rsquo;aide d&rsquo;une cam\u00e9ra DV en 2010. J&rsquo;ai \u00e9galement con\u00e7u la bande sonore qui accompagne celle-ci. Elle fait partie d&rsquo;une ensemble de trois vid\u00e9o, avec Maquillage et Basketball, qui traitent de la dimension r\u00e9p\u00e9titive et absurde de nos gestes quotidiens. &#8230; <a title=\"Repas\" class=\"read-more\" href=\"https:\/\/davidsibieude.art\/index.php\/repas\/\" aria-label=\"En savoir plus sur Repas\">Lire la suite<\/a><\/p>\n","protected":false},"author":1,"featured_media":0,"parent":0,"menu_order":0,"comment_status":"closed","ping_status":"closed","template":"","meta":{"footnotes":""},"class_list":["post-285","page","type-page","status-publish"],"yoast_head":"<!-- This site is optimized with the Yoast SEO plugin v26.0 - https:\/\/yoast.com\/wordpress\/plugins\/seo\/ -->\n<title>Repas - David Sibieude<\/title>\n<meta name=\"robots\" content=\"index, follow, max-snippet:-1, max-image-preview:large, max-video-preview:-1\" \/>\n<link rel=\"canonical\" href=\"https:\/\/davidsibieude.art\/index.php\/repas\/\" \/>\n<meta property=\"og:locale\" content=\"fr_FR\" \/>\n<meta property=\"og:type\" content=\"article\" \/>\n<meta property=\"og:title\" content=\"Repas - David Sibieude\" \/>\n<meta property=\"og:description\" content=\"Repas est une vid\u00e9o d&rsquo;une dur\u00e9e de 3 minutes et 31 secondes que j&rsquo;ai r\u00e9alis\u00e9e \u00e0 l&rsquo;aide d&rsquo;une cam\u00e9ra DV en 2010. J&rsquo;ai \u00e9galement con\u00e7u la bande sonore qui accompagne celle-ci. Elle fait partie d&rsquo;une ensemble de trois vid\u00e9o, avec Maquillage et Basketball, qui traitent de la dimension r\u00e9p\u00e9titive et absurde de nos gestes quotidiens. ... Lire la suite\" \/>\n<meta property=\"og:url\" content=\"https:\/\/davidsibieude.art\/index.php\/repas\/\" \/>\n<meta property=\"og:site_name\" content=\"David Sibieude\" \/>\n<meta property=\"article:modified_time\" content=\"2022-12-26T19:01:08+00:00\" \/>\n<meta name=\"twitter:card\" content=\"summary_large_image\" \/>\n<meta name=\"twitter:label1\" content=\"Dur\u00e9e de lecture estim\u00e9e\" \/>\n\t<meta name=\"twitter:data1\" content=\"2 minutes\" \/>\n<script type=\"application\/ld+json\" class=\"yoast-schema-graph\">{\"@context\":\"https:\/\/schema.org\",\"@graph\":[{\"@type\":\"WebPage\",\"@id\":\"https:\/\/davidsibieude.art\/index.php\/repas\/\",\"url\":\"https:\/\/davidsibieude.art\/index.php\/repas\/\",\"name\":\"Repas - David Sibieude\",\"isPartOf\":{\"@id\":\"https:\/\/davidsibieude.art\/#website\"},\"datePublished\":\"2022-10-31T09:54:36+00:00\",\"dateModified\":\"2022-12-26T19:01:08+00:00\",\"breadcrumb\":{\"@id\":\"https:\/\/davidsibieude.art\/index.php\/repas\/#breadcrumb\"},\"inLanguage\":\"fr-FR\",\"potentialAction\":[{\"@type\":\"ReadAction\",\"target\":[\"https:\/\/davidsibieude.art\/index.php\/repas\/\"]}]},{\"@type\":\"BreadcrumbList\",\"@id\":\"https:\/\/davidsibieude.art\/index.php\/repas\/#breadcrumb\",\"itemListElement\":[{\"@type\":\"ListItem\",\"position\":1,\"name\":\"Accueil\",\"item\":\"https:\/\/davidsibieude.art\/\"},{\"@type\":\"ListItem\",\"position\":2,\"name\":\"Repas\"}]},{\"@type\":\"WebSite\",\"@id\":\"https:\/\/davidsibieude.art\/#website\",\"url\":\"https:\/\/davidsibieude.art\/\",\"name\":\"David Sibieude\",\"description\":\"artiste peintre\",\"potentialAction\":[{\"@type\":\"SearchAction\",\"target\":{\"@type\":\"EntryPoint\",\"urlTemplate\":\"https:\/\/davidsibieude.art\/?s={search_term_string}\"},\"query-input\":{\"@type\":\"PropertyValueSpecification\",\"valueRequired\":true,\"valueName\":\"search_term_string\"}}],\"inLanguage\":\"fr-FR\"}]}<\/script>\n<!-- \/ Yoast SEO plugin. -->","yoast_head_json":{"title":"Repas - David Sibieude","robots":{"index":"index","follow":"follow","max-snippet":"max-snippet:-1","max-image-preview":"max-image-preview:large","max-video-preview":"max-video-preview:-1"},"canonical":"https:\/\/davidsibieude.art\/index.php\/repas\/","og_locale":"fr_FR","og_type":"article","og_title":"Repas - David Sibieude","og_description":"Repas est une vid\u00e9o d&rsquo;une dur\u00e9e de 3 minutes et 31 secondes que j&rsquo;ai r\u00e9alis\u00e9e \u00e0 l&rsquo;aide d&rsquo;une cam\u00e9ra DV en 2010. J&rsquo;ai \u00e9galement con\u00e7u la bande sonore qui accompagne celle-ci. Elle fait partie d&rsquo;une ensemble de trois vid\u00e9o, avec Maquillage et Basketball, qui traitent de la dimension r\u00e9p\u00e9titive et absurde de nos gestes quotidiens. ... Lire la suite","og_url":"https:\/\/davidsibieude.art\/index.php\/repas\/","og_site_name":"David Sibieude","article_modified_time":"2022-12-26T19:01:08+00:00","twitter_card":"summary_large_image","twitter_misc":{"Dur\u00e9e de lecture estim\u00e9e":"2 minutes"},"schema":{"@context":"https:\/\/schema.org","@graph":[{"@type":"WebPage","@id":"https:\/\/davidsibieude.art\/index.php\/repas\/","url":"https:\/\/davidsibieude.art\/index.php\/repas\/","name":"Repas - David Sibieude","isPartOf":{"@id":"https:\/\/davidsibieude.art\/#website"},"datePublished":"2022-10-31T09:54:36+00:00","dateModified":"2022-12-26T19:01:08+00:00","breadcrumb":{"@id":"https:\/\/davidsibieude.art\/index.php\/repas\/#breadcrumb"},"inLanguage":"fr-FR","potentialAction":[{"@type":"ReadAction","target":["https:\/\/davidsibieude.art\/index.php\/repas\/"]}]},{"@type":"BreadcrumbList","@id":"https:\/\/davidsibieude.art\/index.php\/repas\/#breadcrumb","itemListElement":[{"@type":"ListItem","position":1,"name":"Accueil","item":"https:\/\/davidsibieude.art\/"},{"@type":"ListItem","position":2,"name":"Repas"}]},{"@type":"WebSite","@id":"https:\/\/davidsibieude.art\/#website","url":"https:\/\/davidsibieude.art\/","name":"David Sibieude","description":"artiste peintre","potentialAction":[{"@type":"SearchAction","target":{"@type":"EntryPoint","urlTemplate":"https:\/\/davidsibieude.art\/?s={search_term_string}"},"query-input":{"@type":"PropertyValueSpecification","valueRequired":true,"valueName":"search_term_string"}}],"inLanguage":"fr-FR"}]}},"jetpack_sharing_enabled":true,"_links":{"self":[{"href":"https:\/\/davidsibieude.art\/index.php\/wp-json\/wp\/v2\/pages\/285","targetHints":{"allow":["GET"]}}],"collection":[{"href":"https:\/\/davidsibieude.art\/index.php\/wp-json\/wp\/v2\/pages"}],"about":[{"href":"https:\/\/davidsibieude.art\/index.php\/wp-json\/wp\/v2\/types\/page"}],"author":[{"embeddable":true,"href":"https:\/\/davidsibieude.art\/index.php\/wp-json\/wp\/v2\/users\/1"}],"replies":[{"embeddable":true,"href":"https:\/\/davidsibieude.art\/index.php\/wp-json\/wp\/v2\/comments?post=285"}],"version-history":[{"count":13,"href":"https:\/\/davidsibieude.art\/index.php\/wp-json\/wp\/v2\/pages\/285\/revisions"}],"predecessor-version":[{"id":2373,"href":"https:\/\/davidsibieude.art\/index.php\/wp-json\/wp\/v2\/pages\/285\/revisions\/2373"}],"wp:attachment":[{"href":"https:\/\/davidsibieude.art\/index.php\/wp-json\/wp\/v2\/media?parent=285"}],"curies":[{"name":"wp","href":"https:\/\/api.w.org\/{rel}","templated":true}]}}