{"id":188,"date":"2022-10-10T15:39:23","date_gmt":"2022-10-10T13:39:23","guid":{"rendered":"https:\/\/davidsibieude.art\/?page_id=188"},"modified":"2022-11-09T21:28:28","modified_gmt":"2022-11-09T20:28:28","slug":"paysages-interieurs","status":"publish","type":"page","link":"https:\/\/davidsibieude.art\/index.php\/paysages-interieurs\/","title":{"rendered":"Paysages int\u00e9rieurs"},"content":{"rendered":"\n<div style=\"height:100px\" aria-hidden=\"true\" class=\"wp-block-spacer\"><\/div>\n\n\n\n<p><em>Paysages int\u00e9rieurs<\/em> est une s\u00e9rie de peintures \u00e0 l&rsquo;acrylique sur toiles r\u00e9alis\u00e9es en 2017, p\u00e9riode \u00e0 laquelle je suis parti pendant une ann\u00e9e m&rsquo;isoler en Auvergne, pour me consacrer \u00e0 ma peinture. <br>Ce sont de toiles que j&rsquo;ai peintes \u00e0 l&rsquo;atelier et qui sont impr\u00e9gni\u00e9es de mes p\u00e9r\u00e9grinations mentales et des observations que j&rsquo;ai faites lors de mes promenades sur les chemins de randonn\u00e9es qui avoisinent le village dans lequel je s\u00e9journais.<br>La violence du rapport entre le ciel m\u00e9tallique et les t\u00e2ches color\u00e9es exprime le contratse des \u00e9motions que j&rsquo;ai ressenties entre ce temps que j&rsquo;avais pass\u00e9 \u00e0 la campagne et le mois durant lequel j&rsquo;ai s\u00e9journ\u00e9, cette m\u00eame ann\u00e9e, \u00e0 Berlin pour d\u00e9courvir la ville et ressentir l&rsquo;effervescence cr\u00e9ative qu&rsquo;il y r\u00e8gne.<br>Ces \u0153uvres ont \u00e9t\u00e9 peintes sur des toiles que mon oncle, Pierre Sibieude, qui \u00e9tait \u00e9galement artiste peintre, avait mont\u00e9 lui-m\u00eame. Il y a, dans ce geste, l&rsquo;expression d&rsquo;une filiation entre lui et moi. J&rsquo;ai accord\u00e9 une grande importance \u00e0 peindre sur ces toiles car elles symbolisaient le relais que je prenais \u00e0 mon tour dans cette histoire familiale autour de la peinture.<\/p>\n\n\n\n<div style=\"height:100px\" aria-hidden=\"true\" class=\"wp-block-spacer\"><\/div>\n\n\n\n<figure class=\"wp-block-image size-large\"><img data-recalc-dims=\"1\" loading=\"lazy\" decoding=\"async\" width=\"1024\" height=\"683\" src=\"https:\/\/i0.wp.com\/davidsibieude.art\/wp-content\/uploads\/2022\/10\/paysage-interieur-1.jpg?resize=1024%2C683&#038;ssl=1\" alt=\"\" class=\"wp-image-192\" srcset=\"https:\/\/i0.wp.com\/davidsibieude.art\/wp-content\/uploads\/2022\/10\/paysage-interieur-1.jpg?resize=1024%2C683&amp;ssl=1 1024w, https:\/\/i0.wp.com\/davidsibieude.art\/wp-content\/uploads\/2022\/10\/paysage-interieur-1.jpg?resize=300%2C200&amp;ssl=1 300w, https:\/\/i0.wp.com\/davidsibieude.art\/wp-content\/uploads\/2022\/10\/paysage-interieur-1.jpg?resize=768%2C512&amp;ssl=1 768w, https:\/\/i0.wp.com\/davidsibieude.art\/wp-content\/uploads\/2022\/10\/paysage-interieur-1.jpg?w=1170&amp;ssl=1 1170w\" sizes=\"auto, (max-width: 1024px) 100vw, 1024px\" \/><figcaption class=\"wp-element-caption\"><strong>Paysages int\u00e9rieurs<\/strong> \/ Paysage int\u00e9rieur 1 &#8211; 50 cm x 65 cm &#8211; 2017<\/figcaption><\/figure>\n\n\n\n<div style=\"height:100px\" aria-hidden=\"true\" class=\"wp-block-spacer\"><\/div>\n\n\n\n<figure class=\"wp-block-image size-large\"><img data-recalc-dims=\"1\" loading=\"lazy\" decoding=\"async\" width=\"1024\" height=\"683\" src=\"https:\/\/i0.wp.com\/davidsibieude.art\/wp-content\/uploads\/2022\/10\/paysage-interieur-2.jpg?resize=1024%2C683&#038;ssl=1\" alt=\"\" class=\"wp-image-193\" srcset=\"https:\/\/i0.wp.com\/davidsibieude.art\/wp-content\/uploads\/2022\/10\/paysage-interieur-2.jpg?resize=1024%2C683&amp;ssl=1 1024w, https:\/\/i0.wp.com\/davidsibieude.art\/wp-content\/uploads\/2022\/10\/paysage-interieur-2.jpg?resize=300%2C200&amp;ssl=1 300w, https:\/\/i0.wp.com\/davidsibieude.art\/wp-content\/uploads\/2022\/10\/paysage-interieur-2.jpg?resize=768%2C512&amp;ssl=1 768w, https:\/\/i0.wp.com\/davidsibieude.art\/wp-content\/uploads\/2022\/10\/paysage-interieur-2.jpg?w=1170&amp;ssl=1 1170w\" sizes=\"auto, (max-width: 1024px) 100vw, 1024px\" \/><figcaption class=\"wp-element-caption\"><strong>Paysages int\u00e9rieurs<\/strong> \/ Paysage int\u00e9rieur 2 &#8211; 50 cm x 65 cm &#8211; 2017<\/figcaption><\/figure>\n\n\n\n<div style=\"height:100px\" aria-hidden=\"true\" class=\"wp-block-spacer\"><\/div>\n\n\n\n<figure class=\"wp-block-image size-large\"><img data-recalc-dims=\"1\" loading=\"lazy\" decoding=\"async\" width=\"1024\" height=\"683\" src=\"https:\/\/i0.wp.com\/davidsibieude.art\/wp-content\/uploads\/2022\/10\/paysage-interieur-6.jpg?resize=1024%2C683&#038;ssl=1\" alt=\"\" class=\"wp-image-194\" srcset=\"https:\/\/i0.wp.com\/davidsibieude.art\/wp-content\/uploads\/2022\/10\/paysage-interieur-6.jpg?resize=1024%2C683&amp;ssl=1 1024w, https:\/\/i0.wp.com\/davidsibieude.art\/wp-content\/uploads\/2022\/10\/paysage-interieur-6.jpg?resize=300%2C200&amp;ssl=1 300w, https:\/\/i0.wp.com\/davidsibieude.art\/wp-content\/uploads\/2022\/10\/paysage-interieur-6.jpg?resize=768%2C512&amp;ssl=1 768w, https:\/\/i0.wp.com\/davidsibieude.art\/wp-content\/uploads\/2022\/10\/paysage-interieur-6.jpg?w=1170&amp;ssl=1 1170w\" sizes=\"auto, (max-width: 1024px) 100vw, 1024px\" \/><figcaption class=\"wp-element-caption\"><strong><strong>Paysages int\u00e9rieurs<\/strong><\/strong> \/ Paysage int\u00e9rieur 6 &#8211; 50 cm x 65 cm &#8211; 2017<\/figcaption><\/figure>\n\n\n\n<div style=\"height:100px\" aria-hidden=\"true\" class=\"wp-block-spacer\"><\/div>\n\n\n\n<figure class=\"wp-block-image size-large\"><img data-recalc-dims=\"1\" loading=\"lazy\" decoding=\"async\" width=\"1024\" height=\"683\" src=\"https:\/\/i0.wp.com\/davidsibieude.art\/wp-content\/uploads\/2022\/10\/paysage-interieur-9.jpg?resize=1024%2C683&#038;ssl=1\" alt=\"\" class=\"wp-image-197\" srcset=\"https:\/\/i0.wp.com\/davidsibieude.art\/wp-content\/uploads\/2022\/10\/paysage-interieur-9.jpg?resize=1024%2C683&amp;ssl=1 1024w, https:\/\/i0.wp.com\/davidsibieude.art\/wp-content\/uploads\/2022\/10\/paysage-interieur-9.jpg?resize=300%2C200&amp;ssl=1 300w, https:\/\/i0.wp.com\/davidsibieude.art\/wp-content\/uploads\/2022\/10\/paysage-interieur-9.jpg?resize=768%2C512&amp;ssl=1 768w, https:\/\/i0.wp.com\/davidsibieude.art\/wp-content\/uploads\/2022\/10\/paysage-interieur-9.jpg?w=1170&amp;ssl=1 1170w\" sizes=\"auto, (max-width: 1024px) 100vw, 1024px\" \/><figcaption class=\"wp-element-caption\"><strong>Paysages int\u00e9rieurs<\/strong> \/ Paysage int\u00e9rieur 9 &#8211; 22 cm x 35 cm &#8211; 2017<\/figcaption><\/figure>\n\n\n\n<div style=\"height:100px\" aria-hidden=\"true\" class=\"wp-block-spacer\"><\/div>\n\n\n\n<figure class=\"wp-block-image size-large\"><img data-recalc-dims=\"1\" loading=\"lazy\" decoding=\"async\" width=\"1024\" height=\"683\" src=\"https:\/\/i0.wp.com\/davidsibieude.art\/wp-content\/uploads\/2022\/10\/paysage-interieur-10.jpg?resize=1024%2C683&#038;ssl=1\" alt=\"\" class=\"wp-image-198\" srcset=\"https:\/\/i0.wp.com\/davidsibieude.art\/wp-content\/uploads\/2022\/10\/paysage-interieur-10.jpg?resize=1024%2C683&amp;ssl=1 1024w, https:\/\/i0.wp.com\/davidsibieude.art\/wp-content\/uploads\/2022\/10\/paysage-interieur-10.jpg?resize=300%2C200&amp;ssl=1 300w, https:\/\/i0.wp.com\/davidsibieude.art\/wp-content\/uploads\/2022\/10\/paysage-interieur-10.jpg?resize=768%2C512&amp;ssl=1 768w, https:\/\/i0.wp.com\/davidsibieude.art\/wp-content\/uploads\/2022\/10\/paysage-interieur-10.jpg?w=1170&amp;ssl=1 1170w\" sizes=\"auto, (max-width: 1024px) 100vw, 1024px\" \/><figcaption class=\"wp-element-caption\"><strong>Paysages int\u00e9rieurs<\/strong> \/ Paysage int\u00e9rieur 10 &#8211; 50 cm x 60 cm &#8211; 2017<\/figcaption><\/figure>\n","protected":false},"excerpt":{"rendered":"<p>Paysages int\u00e9rieurs est une s\u00e9rie de peintures \u00e0 l&rsquo;acrylique sur toiles r\u00e9alis\u00e9es en 2017, p\u00e9riode \u00e0 laquelle je suis parti pendant une ann\u00e9e m&rsquo;isoler en Auvergne, pour me consacrer \u00e0 ma peinture. Ce sont de toiles que j&rsquo;ai peintes \u00e0 l&rsquo;atelier et qui sont impr\u00e9gni\u00e9es de mes p\u00e9r\u00e9grinations mentales et des observations que j&rsquo;ai faites &#8230; <a title=\"Paysages int\u00e9rieurs\" class=\"read-more\" href=\"https:\/\/davidsibieude.art\/index.php\/paysages-interieurs\/\" aria-label=\"En savoir plus sur Paysages int\u00e9rieurs\">Lire la suite<\/a><\/p>\n","protected":false},"author":1,"featured_media":0,"parent":0,"menu_order":0,"comment_status":"closed","ping_status":"closed","template":"","meta":{"footnotes":""},"class_list":["post-188","page","type-page","status-publish"],"yoast_head":"<!-- This site is optimized with the Yoast SEO plugin v26.0 - https:\/\/yoast.com\/wordpress\/plugins\/seo\/ -->\n<title>Paysages int\u00e9rieurs - David Sibieude<\/title>\n<meta name=\"robots\" content=\"index, follow, max-snippet:-1, max-image-preview:large, max-video-preview:-1\" \/>\n<link rel=\"canonical\" href=\"https:\/\/davidsibieude.art\/index.php\/paysages-interieurs\/\" \/>\n<meta property=\"og:locale\" content=\"fr_FR\" \/>\n<meta property=\"og:type\" content=\"article\" \/>\n<meta property=\"og:title\" content=\"Paysages int\u00e9rieurs - David Sibieude\" \/>\n<meta property=\"og:description\" content=\"Paysages int\u00e9rieurs est une s\u00e9rie de peintures \u00e0 l&rsquo;acrylique sur toiles r\u00e9alis\u00e9es en 2017, p\u00e9riode \u00e0 laquelle je suis parti pendant une ann\u00e9e m&rsquo;isoler en Auvergne, pour me consacrer \u00e0 ma peinture. Ce sont de toiles que j&rsquo;ai peintes \u00e0 l&rsquo;atelier et qui sont impr\u00e9gni\u00e9es de mes p\u00e9r\u00e9grinations mentales et des observations que j&rsquo;ai faites ... Lire la suite\" \/>\n<meta property=\"og:url\" content=\"https:\/\/davidsibieude.art\/index.php\/paysages-interieurs\/\" \/>\n<meta property=\"og:site_name\" content=\"David Sibieude\" \/>\n<meta property=\"article:modified_time\" content=\"2022-11-09T20:28:28+00:00\" \/>\n<meta property=\"og:image\" content=\"https:\/\/davidsibieude.art\/wp-content\/uploads\/2022\/10\/paysage-interieur-1-1024x683.jpg\" \/>\n<meta name=\"twitter:card\" content=\"summary_large_image\" \/>\n<meta name=\"twitter:label1\" content=\"Dur\u00e9e de lecture estim\u00e9e\" \/>\n\t<meta name=\"twitter:data1\" content=\"1 minute\" \/>\n<script type=\"application\/ld+json\" class=\"yoast-schema-graph\">{\"@context\":\"https:\/\/schema.org\",\"@graph\":[{\"@type\":\"WebPage\",\"@id\":\"https:\/\/davidsibieude.art\/index.php\/paysages-interieurs\/\",\"url\":\"https:\/\/davidsibieude.art\/index.php\/paysages-interieurs\/\",\"name\":\"Paysages int\u00e9rieurs - David Sibieude\",\"isPartOf\":{\"@id\":\"https:\/\/davidsibieude.art\/#website\"},\"primaryImageOfPage\":{\"@id\":\"https:\/\/davidsibieude.art\/index.php\/paysages-interieurs\/#primaryimage\"},\"image\":{\"@id\":\"https:\/\/davidsibieude.art\/index.php\/paysages-interieurs\/#primaryimage\"},\"thumbnailUrl\":\"https:\/\/davidsibieude.art\/wp-content\/uploads\/2022\/10\/paysage-interieur-1-1024x683.jpg\",\"datePublished\":\"2022-10-10T13:39:23+00:00\",\"dateModified\":\"2022-11-09T20:28:28+00:00\",\"breadcrumb\":{\"@id\":\"https:\/\/davidsibieude.art\/index.php\/paysages-interieurs\/#breadcrumb\"},\"inLanguage\":\"fr-FR\",\"potentialAction\":[{\"@type\":\"ReadAction\",\"target\":[\"https:\/\/davidsibieude.art\/index.php\/paysages-interieurs\/\"]}]},{\"@type\":\"ImageObject\",\"inLanguage\":\"fr-FR\",\"@id\":\"https:\/\/davidsibieude.art\/index.php\/paysages-interieurs\/#primaryimage\",\"url\":\"https:\/\/i0.wp.com\/davidsibieude.art\/wp-content\/uploads\/2022\/10\/paysage-interieur-1.jpg?fit=1170%2C780&ssl=1\",\"contentUrl\":\"https:\/\/i0.wp.com\/davidsibieude.art\/wp-content\/uploads\/2022\/10\/paysage-interieur-1.jpg?fit=1170%2C780&ssl=1\",\"width\":1170,\"height\":780},{\"@type\":\"BreadcrumbList\",\"@id\":\"https:\/\/davidsibieude.art\/index.php\/paysages-interieurs\/#breadcrumb\",\"itemListElement\":[{\"@type\":\"ListItem\",\"position\":1,\"name\":\"Accueil\",\"item\":\"https:\/\/davidsibieude.art\/\"},{\"@type\":\"ListItem\",\"position\":2,\"name\":\"Paysages int\u00e9rieurs\"}]},{\"@type\":\"WebSite\",\"@id\":\"https:\/\/davidsibieude.art\/#website\",\"url\":\"https:\/\/davidsibieude.art\/\",\"name\":\"David Sibieude\",\"description\":\"artiste peintre\",\"potentialAction\":[{\"@type\":\"SearchAction\",\"target\":{\"@type\":\"EntryPoint\",\"urlTemplate\":\"https:\/\/davidsibieude.art\/?s={search_term_string}\"},\"query-input\":{\"@type\":\"PropertyValueSpecification\",\"valueRequired\":true,\"valueName\":\"search_term_string\"}}],\"inLanguage\":\"fr-FR\"}]}<\/script>\n<!-- \/ Yoast SEO plugin. -->","yoast_head_json":{"title":"Paysages int\u00e9rieurs - David Sibieude","robots":{"index":"index","follow":"follow","max-snippet":"max-snippet:-1","max-image-preview":"max-image-preview:large","max-video-preview":"max-video-preview:-1"},"canonical":"https:\/\/davidsibieude.art\/index.php\/paysages-interieurs\/","og_locale":"fr_FR","og_type":"article","og_title":"Paysages int\u00e9rieurs - David Sibieude","og_description":"Paysages int\u00e9rieurs est une s\u00e9rie de peintures \u00e0 l&rsquo;acrylique sur toiles r\u00e9alis\u00e9es en 2017, p\u00e9riode \u00e0 laquelle je suis parti pendant une ann\u00e9e m&rsquo;isoler en Auvergne, pour me consacrer \u00e0 ma peinture. Ce sont de toiles que j&rsquo;ai peintes \u00e0 l&rsquo;atelier et qui sont impr\u00e9gni\u00e9es de mes p\u00e9r\u00e9grinations mentales et des observations que j&rsquo;ai faites ... Lire la suite","og_url":"https:\/\/davidsibieude.art\/index.php\/paysages-interieurs\/","og_site_name":"David Sibieude","article_modified_time":"2022-11-09T20:28:28+00:00","og_image":[{"url":"https:\/\/davidsibieude.art\/wp-content\/uploads\/2022\/10\/paysage-interieur-1-1024x683.jpg","type":"","width":"","height":""}],"twitter_card":"summary_large_image","twitter_misc":{"Dur\u00e9e de lecture estim\u00e9e":"1 minute"},"schema":{"@context":"https:\/\/schema.org","@graph":[{"@type":"WebPage","@id":"https:\/\/davidsibieude.art\/index.php\/paysages-interieurs\/","url":"https:\/\/davidsibieude.art\/index.php\/paysages-interieurs\/","name":"Paysages int\u00e9rieurs - David Sibieude","isPartOf":{"@id":"https:\/\/davidsibieude.art\/#website"},"primaryImageOfPage":{"@id":"https:\/\/davidsibieude.art\/index.php\/paysages-interieurs\/#primaryimage"},"image":{"@id":"https:\/\/davidsibieude.art\/index.php\/paysages-interieurs\/#primaryimage"},"thumbnailUrl":"https:\/\/davidsibieude.art\/wp-content\/uploads\/2022\/10\/paysage-interieur-1-1024x683.jpg","datePublished":"2022-10-10T13:39:23+00:00","dateModified":"2022-11-09T20:28:28+00:00","breadcrumb":{"@id":"https:\/\/davidsibieude.art\/index.php\/paysages-interieurs\/#breadcrumb"},"inLanguage":"fr-FR","potentialAction":[{"@type":"ReadAction","target":["https:\/\/davidsibieude.art\/index.php\/paysages-interieurs\/"]}]},{"@type":"ImageObject","inLanguage":"fr-FR","@id":"https:\/\/davidsibieude.art\/index.php\/paysages-interieurs\/#primaryimage","url":"https:\/\/i0.wp.com\/davidsibieude.art\/wp-content\/uploads\/2022\/10\/paysage-interieur-1.jpg?fit=1170%2C780&ssl=1","contentUrl":"https:\/\/i0.wp.com\/davidsibieude.art\/wp-content\/uploads\/2022\/10\/paysage-interieur-1.jpg?fit=1170%2C780&ssl=1","width":1170,"height":780},{"@type":"BreadcrumbList","@id":"https:\/\/davidsibieude.art\/index.php\/paysages-interieurs\/#breadcrumb","itemListElement":[{"@type":"ListItem","position":1,"name":"Accueil","item":"https:\/\/davidsibieude.art\/"},{"@type":"ListItem","position":2,"name":"Paysages int\u00e9rieurs"}]},{"@type":"WebSite","@id":"https:\/\/davidsibieude.art\/#website","url":"https:\/\/davidsibieude.art\/","name":"David Sibieude","description":"artiste peintre","potentialAction":[{"@type":"SearchAction","target":{"@type":"EntryPoint","urlTemplate":"https:\/\/davidsibieude.art\/?s={search_term_string}"},"query-input":{"@type":"PropertyValueSpecification","valueRequired":true,"valueName":"search_term_string"}}],"inLanguage":"fr-FR"}]}},"jetpack_sharing_enabled":true,"_links":{"self":[{"href":"https:\/\/davidsibieude.art\/index.php\/wp-json\/wp\/v2\/pages\/188","targetHints":{"allow":["GET"]}}],"collection":[{"href":"https:\/\/davidsibieude.art\/index.php\/wp-json\/wp\/v2\/pages"}],"about":[{"href":"https:\/\/davidsibieude.art\/index.php\/wp-json\/wp\/v2\/types\/page"}],"author":[{"embeddable":true,"href":"https:\/\/davidsibieude.art\/index.php\/wp-json\/wp\/v2\/users\/1"}],"replies":[{"embeddable":true,"href":"https:\/\/davidsibieude.art\/index.php\/wp-json\/wp\/v2\/comments?post=188"}],"version-history":[{"count":28,"href":"https:\/\/davidsibieude.art\/index.php\/wp-json\/wp\/v2\/pages\/188\/revisions"}],"predecessor-version":[{"id":2145,"href":"https:\/\/davidsibieude.art\/index.php\/wp-json\/wp\/v2\/pages\/188\/revisions\/2145"}],"wp:attachment":[{"href":"https:\/\/davidsibieude.art\/index.php\/wp-json\/wp\/v2\/media?parent=188"}],"curies":[{"name":"wp","href":"https:\/\/api.w.org\/{rel}","templated":true}]}}