{"id":149,"date":"2022-10-04T10:48:08","date_gmt":"2022-10-04T08:48:08","guid":{"rendered":"https:\/\/davidsibieude.art\/?page_id=149"},"modified":"2022-11-09T22:07:28","modified_gmt":"2022-11-09T21:07:28","slug":"dessin-stylo","status":"publish","type":"page","link":"https:\/\/davidsibieude.art\/index.php\/dessin-stylo\/","title":{"rendered":"Dessin stylo"},"content":{"rendered":"\n<div style=\"height:100px\" aria-hidden=\"true\" class=\"wp-block-spacer\"><\/div>\n\n\n\n<p>Cette s\u00e9rie<strong> <\/strong>r\u00e9unit des dessins r\u00e9alis\u00e9s au stylo bille sans croquis pr\u00e9paratoires. Je dessine toujours sur le motif ou d\u2019apr\u00e8s des croquis r\u00e9alis\u00e9s sur le motif et n\u2019aime pas travailler d\u2019apr\u00e8s photographie.  <\/p>\n\n\n\n<div style=\"height:100px\" aria-hidden=\"true\" class=\"wp-block-spacer\"><\/div>\n\n\n\n<figure class=\"wp-block-image size-full\"><img data-recalc-dims=\"1\" loading=\"lazy\" decoding=\"async\" width=\"1020\" height=\"723\" src=\"https:\/\/i0.wp.com\/davidsibieude.art\/wp-content\/uploads\/2022\/11\/Dessin-stylo-bille-vert-rouge.jpg?resize=1020%2C723&#038;ssl=1\" alt=\"\" class=\"wp-image-1257\" srcset=\"https:\/\/i0.wp.com\/davidsibieude.art\/wp-content\/uploads\/2022\/11\/Dessin-stylo-bille-vert-rouge.jpg?w=1020&amp;ssl=1 1020w, https:\/\/i0.wp.com\/davidsibieude.art\/wp-content\/uploads\/2022\/11\/Dessin-stylo-bille-vert-rouge.jpg?resize=300%2C213&amp;ssl=1 300w, https:\/\/i0.wp.com\/davidsibieude.art\/wp-content\/uploads\/2022\/11\/Dessin-stylo-bille-vert-rouge.jpg?resize=768%2C544&amp;ssl=1 768w\" sizes=\"auto, (max-width: 1020px) 100vw, 1020px\" \/><figcaption class=\"wp-element-caption\"><strong>Dessin stylo<\/strong> \/ Incongruit\u00e9 1 &#8211; 21 cm x 29,7 cm &#8211; 2016<\/figcaption><\/figure>\n\n\n\n<div style=\"height:100px\" aria-hidden=\"true\" class=\"wp-block-spacer\"><\/div>\n\n\n\n<figure class=\"wp-block-image size-full\"><img data-recalc-dims=\"1\" loading=\"lazy\" decoding=\"async\" width=\"911\" height=\"891\" src=\"https:\/\/i0.wp.com\/davidsibieude.art\/wp-content\/uploads\/2022\/11\/Incongruites-1.jpg?resize=911%2C891&#038;ssl=1\" alt=\"\" class=\"wp-image-1842\" srcset=\"https:\/\/i0.wp.com\/davidsibieude.art\/wp-content\/uploads\/2022\/11\/Incongruites-1.jpg?w=911&amp;ssl=1 911w, https:\/\/i0.wp.com\/davidsibieude.art\/wp-content\/uploads\/2022\/11\/Incongruites-1.jpg?resize=300%2C293&amp;ssl=1 300w, https:\/\/i0.wp.com\/davidsibieude.art\/wp-content\/uploads\/2022\/11\/Incongruites-1.jpg?resize=768%2C751&amp;ssl=1 768w\" sizes=\"auto, (max-width: 911px) 100vw, 911px\" \/><figcaption class=\"wp-element-caption\"><strong>Dessin stylo<\/strong> \/ Incongruit\u00e9 2 &#8211; 15 cm x 15 cm &#8211; 2016<\/figcaption><\/figure>\n\n\n\n<div style=\"height:100px\" aria-hidden=\"true\" class=\"wp-block-spacer\"><\/div>\n\n\n\n<figure class=\"wp-block-image size-large\"><img data-recalc-dims=\"1\" loading=\"lazy\" decoding=\"async\" width=\"1024\" height=\"768\" src=\"https:\/\/i0.wp.com\/davidsibieude.art\/wp-content\/uploads\/2022\/11\/DSCN0257-site-internet.jpg?resize=1024%2C768&#038;ssl=1\" alt=\"\" class=\"wp-image-1273\" srcset=\"https:\/\/i0.wp.com\/davidsibieude.art\/wp-content\/uploads\/2022\/11\/DSCN0257-site-internet.jpg?resize=1024%2C768&amp;ssl=1 1024w, https:\/\/i0.wp.com\/davidsibieude.art\/wp-content\/uploads\/2022\/11\/DSCN0257-site-internet.jpg?resize=300%2C225&amp;ssl=1 300w, https:\/\/i0.wp.com\/davidsibieude.art\/wp-content\/uploads\/2022\/11\/DSCN0257-site-internet.jpg?resize=768%2C576&amp;ssl=1 768w, https:\/\/i0.wp.com\/davidsibieude.art\/wp-content\/uploads\/2022\/11\/DSCN0257-site-internet.jpg?w=1515&amp;ssl=1 1515w\" sizes=\"auto, (max-width: 1024px) 100vw, 1024px\" \/><figcaption class=\"wp-element-caption\"><strong>Dessin stylo<\/strong> \/ Sofa atelier &#8211; 21 cm x 29,7 cm &#8211; 2016<\/figcaption><\/figure>\n\n\n\n<div style=\"height:100px\" aria-hidden=\"true\" class=\"wp-block-spacer\"><\/div>\n\n\n\n<figure class=\"wp-block-image size-large\"><img data-recalc-dims=\"1\" loading=\"lazy\" decoding=\"async\" width=\"1024\" height=\"864\" src=\"https:\/\/i0.wp.com\/davidsibieude.art\/wp-content\/uploads\/2022\/11\/DSCN0386.jpg?resize=1024%2C864&#038;ssl=1\" alt=\"\" class=\"wp-image-1844\" srcset=\"https:\/\/i0.wp.com\/davidsibieude.art\/wp-content\/uploads\/2022\/11\/DSCN0386.jpg?resize=1024%2C864&amp;ssl=1 1024w, https:\/\/i0.wp.com\/davidsibieude.art\/wp-content\/uploads\/2022\/11\/DSCN0386.jpg?resize=300%2C253&amp;ssl=1 300w, https:\/\/i0.wp.com\/davidsibieude.art\/wp-content\/uploads\/2022\/11\/DSCN0386.jpg?resize=768%2C648&amp;ssl=1 768w, https:\/\/i0.wp.com\/davidsibieude.art\/wp-content\/uploads\/2022\/11\/DSCN0386.jpg?resize=1536%2C1297&amp;ssl=1 1536w, https:\/\/i0.wp.com\/davidsibieude.art\/wp-content\/uploads\/2022\/11\/DSCN0386.jpg?w=1566&amp;ssl=1 1566w\" sizes=\"auto, (max-width: 1024px) 100vw, 1024px\" \/><figcaption class=\"wp-element-caption\"><strong>Dessin stylo<\/strong> \/ Vue du le pont sur la Voireuze \u00e0 Blesle &#8211; 20 cm x 22 cm &#8211; 2016<\/figcaption><\/figure>\n","protected":false},"excerpt":{"rendered":"<p>Cette s\u00e9rie r\u00e9unit des dessins r\u00e9alis\u00e9s au stylo bille sans croquis pr\u00e9paratoires. Je dessine toujours sur le motif ou d\u2019apr\u00e8s des croquis r\u00e9alis\u00e9s sur le motif et n\u2019aime pas travailler d\u2019apr\u00e8s photographie.<\/p>\n","protected":false},"author":1,"featured_media":0,"parent":0,"menu_order":0,"comment_status":"closed","ping_status":"closed","template":"","meta":{"footnotes":""},"class_list":["post-149","page","type-page","status-publish"],"yoast_head":"<!-- This site is optimized with the Yoast SEO plugin v26.0 - https:\/\/yoast.com\/wordpress\/plugins\/seo\/ -->\n<title>Dessin stylo - David Sibieude<\/title>\n<meta name=\"robots\" content=\"index, follow, max-snippet:-1, max-image-preview:large, max-video-preview:-1\" \/>\n<link rel=\"canonical\" href=\"https:\/\/davidsibieude.art\/index.php\/dessin-stylo\/\" \/>\n<meta property=\"og:locale\" content=\"fr_FR\" \/>\n<meta property=\"og:type\" content=\"article\" \/>\n<meta property=\"og:title\" content=\"Dessin stylo - David Sibieude\" \/>\n<meta property=\"og:description\" content=\"Cette s\u00e9rie r\u00e9unit des dessins r\u00e9alis\u00e9s au stylo bille sans croquis pr\u00e9paratoires. Je dessine toujours sur le motif ou d\u2019apr\u00e8s des croquis r\u00e9alis\u00e9s sur le motif et n\u2019aime pas travailler d\u2019apr\u00e8s photographie.\" \/>\n<meta property=\"og:url\" content=\"https:\/\/davidsibieude.art\/index.php\/dessin-stylo\/\" \/>\n<meta property=\"og:site_name\" content=\"David Sibieude\" \/>\n<meta property=\"article:modified_time\" content=\"2022-11-09T21:07:28+00:00\" \/>\n<meta property=\"og:image\" content=\"https:\/\/davidsibieude.art\/wp-content\/uploads\/2022\/11\/Dessin-stylo-bille-vert-rouge.jpg\" \/>\n<meta name=\"twitter:card\" content=\"summary_large_image\" \/>\n<script type=\"application\/ld+json\" class=\"yoast-schema-graph\">{\"@context\":\"https:\/\/schema.org\",\"@graph\":[{\"@type\":\"WebPage\",\"@id\":\"https:\/\/davidsibieude.art\/index.php\/dessin-stylo\/\",\"url\":\"https:\/\/davidsibieude.art\/index.php\/dessin-stylo\/\",\"name\":\"Dessin stylo - David Sibieude\",\"isPartOf\":{\"@id\":\"https:\/\/davidsibieude.art\/#website\"},\"primaryImageOfPage\":{\"@id\":\"https:\/\/davidsibieude.art\/index.php\/dessin-stylo\/#primaryimage\"},\"image\":{\"@id\":\"https:\/\/davidsibieude.art\/index.php\/dessin-stylo\/#primaryimage\"},\"thumbnailUrl\":\"https:\/\/davidsibieude.art\/wp-content\/uploads\/2022\/11\/Dessin-stylo-bille-vert-rouge.jpg\",\"datePublished\":\"2022-10-04T08:48:08+00:00\",\"dateModified\":\"2022-11-09T21:07:28+00:00\",\"breadcrumb\":{\"@id\":\"https:\/\/davidsibieude.art\/index.php\/dessin-stylo\/#breadcrumb\"},\"inLanguage\":\"fr-FR\",\"potentialAction\":[{\"@type\":\"ReadAction\",\"target\":[\"https:\/\/davidsibieude.art\/index.php\/dessin-stylo\/\"]}]},{\"@type\":\"ImageObject\",\"inLanguage\":\"fr-FR\",\"@id\":\"https:\/\/davidsibieude.art\/index.php\/dessin-stylo\/#primaryimage\",\"url\":\"https:\/\/i0.wp.com\/davidsibieude.art\/wp-content\/uploads\/2022\/11\/Dessin-stylo-bille-vert-rouge.jpg?fit=1020%2C723&ssl=1\",\"contentUrl\":\"https:\/\/i0.wp.com\/davidsibieude.art\/wp-content\/uploads\/2022\/11\/Dessin-stylo-bille-vert-rouge.jpg?fit=1020%2C723&ssl=1\",\"width\":1020,\"height\":723},{\"@type\":\"BreadcrumbList\",\"@id\":\"https:\/\/davidsibieude.art\/index.php\/dessin-stylo\/#breadcrumb\",\"itemListElement\":[{\"@type\":\"ListItem\",\"position\":1,\"name\":\"Accueil\",\"item\":\"https:\/\/davidsibieude.art\/\"},{\"@type\":\"ListItem\",\"position\":2,\"name\":\"Dessin stylo\"}]},{\"@type\":\"WebSite\",\"@id\":\"https:\/\/davidsibieude.art\/#website\",\"url\":\"https:\/\/davidsibieude.art\/\",\"name\":\"David Sibieude\",\"description\":\"artiste peintre\",\"potentialAction\":[{\"@type\":\"SearchAction\",\"target\":{\"@type\":\"EntryPoint\",\"urlTemplate\":\"https:\/\/davidsibieude.art\/?s={search_term_string}\"},\"query-input\":{\"@type\":\"PropertyValueSpecification\",\"valueRequired\":true,\"valueName\":\"search_term_string\"}}],\"inLanguage\":\"fr-FR\"}]}<\/script>\n<!-- \/ Yoast SEO plugin. -->","yoast_head_json":{"title":"Dessin stylo - David Sibieude","robots":{"index":"index","follow":"follow","max-snippet":"max-snippet:-1","max-image-preview":"max-image-preview:large","max-video-preview":"max-video-preview:-1"},"canonical":"https:\/\/davidsibieude.art\/index.php\/dessin-stylo\/","og_locale":"fr_FR","og_type":"article","og_title":"Dessin stylo - David Sibieude","og_description":"Cette s\u00e9rie r\u00e9unit des dessins r\u00e9alis\u00e9s au stylo bille sans croquis pr\u00e9paratoires. Je dessine toujours sur le motif ou d\u2019apr\u00e8s des croquis r\u00e9alis\u00e9s sur le motif et n\u2019aime pas travailler d\u2019apr\u00e8s photographie.","og_url":"https:\/\/davidsibieude.art\/index.php\/dessin-stylo\/","og_site_name":"David Sibieude","article_modified_time":"2022-11-09T21:07:28+00:00","og_image":[{"url":"https:\/\/davidsibieude.art\/wp-content\/uploads\/2022\/11\/Dessin-stylo-bille-vert-rouge.jpg","type":"","width":"","height":""}],"twitter_card":"summary_large_image","schema":{"@context":"https:\/\/schema.org","@graph":[{"@type":"WebPage","@id":"https:\/\/davidsibieude.art\/index.php\/dessin-stylo\/","url":"https:\/\/davidsibieude.art\/index.php\/dessin-stylo\/","name":"Dessin stylo - David Sibieude","isPartOf":{"@id":"https:\/\/davidsibieude.art\/#website"},"primaryImageOfPage":{"@id":"https:\/\/davidsibieude.art\/index.php\/dessin-stylo\/#primaryimage"},"image":{"@id":"https:\/\/davidsibieude.art\/index.php\/dessin-stylo\/#primaryimage"},"thumbnailUrl":"https:\/\/davidsibieude.art\/wp-content\/uploads\/2022\/11\/Dessin-stylo-bille-vert-rouge.jpg","datePublished":"2022-10-04T08:48:08+00:00","dateModified":"2022-11-09T21:07:28+00:00","breadcrumb":{"@id":"https:\/\/davidsibieude.art\/index.php\/dessin-stylo\/#breadcrumb"},"inLanguage":"fr-FR","potentialAction":[{"@type":"ReadAction","target":["https:\/\/davidsibieude.art\/index.php\/dessin-stylo\/"]}]},{"@type":"ImageObject","inLanguage":"fr-FR","@id":"https:\/\/davidsibieude.art\/index.php\/dessin-stylo\/#primaryimage","url":"https:\/\/i0.wp.com\/davidsibieude.art\/wp-content\/uploads\/2022\/11\/Dessin-stylo-bille-vert-rouge.jpg?fit=1020%2C723&ssl=1","contentUrl":"https:\/\/i0.wp.com\/davidsibieude.art\/wp-content\/uploads\/2022\/11\/Dessin-stylo-bille-vert-rouge.jpg?fit=1020%2C723&ssl=1","width":1020,"height":723},{"@type":"BreadcrumbList","@id":"https:\/\/davidsibieude.art\/index.php\/dessin-stylo\/#breadcrumb","itemListElement":[{"@type":"ListItem","position":1,"name":"Accueil","item":"https:\/\/davidsibieude.art\/"},{"@type":"ListItem","position":2,"name":"Dessin stylo"}]},{"@type":"WebSite","@id":"https:\/\/davidsibieude.art\/#website","url":"https:\/\/davidsibieude.art\/","name":"David Sibieude","description":"artiste peintre","potentialAction":[{"@type":"SearchAction","target":{"@type":"EntryPoint","urlTemplate":"https:\/\/davidsibieude.art\/?s={search_term_string}"},"query-input":{"@type":"PropertyValueSpecification","valueRequired":true,"valueName":"search_term_string"}}],"inLanguage":"fr-FR"}]}},"jetpack_sharing_enabled":true,"_links":{"self":[{"href":"https:\/\/davidsibieude.art\/index.php\/wp-json\/wp\/v2\/pages\/149","targetHints":{"allow":["GET"]}}],"collection":[{"href":"https:\/\/davidsibieude.art\/index.php\/wp-json\/wp\/v2\/pages"}],"about":[{"href":"https:\/\/davidsibieude.art\/index.php\/wp-json\/wp\/v2\/types\/page"}],"author":[{"embeddable":true,"href":"https:\/\/davidsibieude.art\/index.php\/wp-json\/wp\/v2\/users\/1"}],"replies":[{"embeddable":true,"href":"https:\/\/davidsibieude.art\/index.php\/wp-json\/wp\/v2\/comments?post=149"}],"version-history":[{"count":20,"href":"https:\/\/davidsibieude.art\/index.php\/wp-json\/wp\/v2\/pages\/149\/revisions"}],"predecessor-version":[{"id":2186,"href":"https:\/\/davidsibieude.art\/index.php\/wp-json\/wp\/v2\/pages\/149\/revisions\/2186"}],"wp:attachment":[{"href":"https:\/\/davidsibieude.art\/index.php\/wp-json\/wp\/v2\/media?parent=149"}],"curies":[{"name":"wp","href":"https:\/\/api.w.org\/{rel}","templated":true}]}}