{"id":1283,"date":"2022-11-03T18:01:51","date_gmt":"2022-11-03T17:01:51","guid":{"rendered":"https:\/\/davidsibieude.art\/?page_id=1283"},"modified":"2022-11-09T21:48:11","modified_gmt":"2022-11-09T20:48:11","slug":"vitrines","status":"publish","type":"page","link":"https:\/\/davidsibieude.art\/index.php\/vitrines\/","title":{"rendered":"Vitrines"},"content":{"rendered":"\n<div style=\"height:100px\" aria-hidden=\"true\" class=\"wp-block-spacer\"><\/div>\n\n\n\n<p><em>Vitrines<\/em> est une installation que j&rsquo;ai r\u00e9alis\u00e9e en 2009. Elle se compose de deux vitrines particuli\u00e8rement basses en bois avec leurs vitrages respectifs en plexiglas. Chaque vitrine est tapiss\u00e9e avec de la moquette bleue. Ces vitrines montrent des empreintes de mon visage et de mes mains en cire . Sous chacune des pi\u00e8ces expos\u00e9es se trouve un cartel m\u00e9tallique anonyme.<br><br>Cette installation force, par ces dimensions inhabituelles, le visiteur a fournir un effort suppl\u00e9mentaire en l&rsquo;obligeant \u00e0 se baisser pour observer ce qu&rsquo;il y a \u00e0 voir dans les vitrines. Cette \u0153uvre est une critique de l&rsquo;attitude d\u00e9sinvolte du public qui majoritairement ne fait que survoler les \u0153uvres pr\u00e9sent\u00e9es dans les expositions, et qui consid\u00e8re cette activit\u00e9 comme un pur divertissement grisant et flatteur, car associ\u00e9 aux coutumes de l&rsquo;\u00e9lite sociale. Parfois, ils ne prennent m\u00eame plus le temps de regarder et ne font que prendre des photographies avec leurs t\u00e9l\u00e9phones \u00ab\u00a0intelligents\u00a0\u00bb . L&rsquo;externalisation de la m\u00e9moire offerte par ces nouveaux dispositifs num\u00e9riques est un leurre dangeureux qui a tendance \u00e0 favoriser l&rsquo;inverse, c&rsquo;est \u00e0 dire la perte pure et simple de m\u00e9moire. <br>Cette \u0153uvre fait \u00e9galement allusion aux diff\u00e9rents scandales de spoliations op\u00e9r\u00e9es et entretenues par les grandes institutions mus\u00e9ales de la plan\u00e8te. L&rsquo;avidit\u00e9 et le d\u00e9sir de puissance en sont les moteurs et permettent aux vainqueurs de l&rsquo;Histoire, sous couvert de pr\u00e9servation et de conservation d&rsquo;un patrimoine de l&rsquo;Humanit\u00e9 qui serait menac\u00e9, de perp\u00e9tuer l&rsquo;humiliation des vaincus et de symboliquement maintenir leur pouvoir en place. <br>C&rsquo;est comme si j&rsquo;avais profan\u00e9 la s\u00e9pulture d&rsquo;une civilisation ancienne et que j&rsquo;avais ramen\u00e9 les objets rituels qu&rsquo;elle contenait en leur conf\u00e9rant, par mon acte pr\u00e9dateur, le statut de tr\u00e9sors pour l&rsquo;Humanit\u00e9. Cette attitude sert essentiellement, selon moi, \u00e0 dissimuler les v\u00e9ritable enjeux li\u00e9s au pouvoir symbolique que conf\u00e8re l&rsquo;accaparement de ces artefacts.<\/p>\n\n\n\n<div style=\"height:100px\" aria-hidden=\"true\" class=\"wp-block-spacer\"><\/div>\n\n\n\n<figure class=\"wp-block-image size-large\"><img data-recalc-dims=\"1\" loading=\"lazy\" decoding=\"async\" width=\"1024\" height=\"768\" src=\"https:\/\/i0.wp.com\/davidsibieude.art\/wp-content\/uploads\/2022\/11\/P1010093.jpg?resize=1024%2C768&#038;ssl=1\" alt=\"\" class=\"wp-image-1291\" srcset=\"https:\/\/i0.wp.com\/davidsibieude.art\/wp-content\/uploads\/2022\/11\/P1010093.jpg?resize=1024%2C768&amp;ssl=1 1024w, https:\/\/i0.wp.com\/davidsibieude.art\/wp-content\/uploads\/2022\/11\/P1010093.jpg?resize=300%2C225&amp;ssl=1 300w, https:\/\/i0.wp.com\/davidsibieude.art\/wp-content\/uploads\/2022\/11\/P1010093.jpg?resize=768%2C576&amp;ssl=1 768w, https:\/\/i0.wp.com\/davidsibieude.art\/wp-content\/uploads\/2022\/11\/P1010093.jpg?resize=1536%2C1152&amp;ssl=1 1536w, https:\/\/i0.wp.com\/davidsibieude.art\/wp-content\/uploads\/2022\/11\/P1010093.jpg?w=2048&amp;ssl=1 2048w\" sizes=\"auto, (max-width: 1024px) 100vw, 1024px\" \/><figcaption class=\"wp-element-caption\"><strong>Vitrines<\/strong> \/ Premi\u00e8re vitrine &#8211; 2009<\/figcaption><\/figure>\n\n\n\n<div style=\"height:100px\" aria-hidden=\"true\" class=\"wp-block-spacer\"><\/div>\n\n\n\n<figure class=\"wp-block-image size-large\"><img data-recalc-dims=\"1\" loading=\"lazy\" decoding=\"async\" width=\"1024\" height=\"768\" src=\"https:\/\/i0.wp.com\/davidsibieude.art\/wp-content\/uploads\/2022\/11\/P1010095.jpg?resize=1024%2C768&#038;ssl=1\" alt=\"\" class=\"wp-image-1292\" srcset=\"https:\/\/i0.wp.com\/davidsibieude.art\/wp-content\/uploads\/2022\/11\/P1010095.jpg?resize=1024%2C768&amp;ssl=1 1024w, https:\/\/i0.wp.com\/davidsibieude.art\/wp-content\/uploads\/2022\/11\/P1010095.jpg?resize=300%2C225&amp;ssl=1 300w, https:\/\/i0.wp.com\/davidsibieude.art\/wp-content\/uploads\/2022\/11\/P1010095.jpg?resize=768%2C576&amp;ssl=1 768w, https:\/\/i0.wp.com\/davidsibieude.art\/wp-content\/uploads\/2022\/11\/P1010095.jpg?resize=1536%2C1152&amp;ssl=1 1536w, https:\/\/i0.wp.com\/davidsibieude.art\/wp-content\/uploads\/2022\/11\/P1010095.jpg?w=2048&amp;ssl=1 2048w\" sizes=\"auto, (max-width: 1024px) 100vw, 1024px\" \/><figcaption class=\"wp-element-caption\"><strong>Vitrines<\/strong> \/ Deuxi\u00e8me vitrine &#8211; 2009<\/figcaption><\/figure>\n\n\n\n<div style=\"height:100px\" aria-hidden=\"true\" class=\"wp-block-spacer\"><\/div>\n\n\n\n<figure class=\"wp-block-image size-large is-resized\"><img data-recalc-dims=\"1\" loading=\"lazy\" decoding=\"async\" src=\"https:\/\/i0.wp.com\/davidsibieude.art\/wp-content\/uploads\/2022\/11\/P1010094.jpg?resize=920%2C1227&#038;ssl=1\" alt=\"\" class=\"wp-image-1293\" width=\"920\" height=\"1227\" srcset=\"https:\/\/i0.wp.com\/davidsibieude.art\/wp-content\/uploads\/2022\/11\/P1010094-rotated.jpg?resize=768%2C1024&amp;ssl=1 768w, https:\/\/i0.wp.com\/davidsibieude.art\/wp-content\/uploads\/2022\/11\/P1010094-rotated.jpg?resize=225%2C300&amp;ssl=1 225w, https:\/\/i0.wp.com\/davidsibieude.art\/wp-content\/uploads\/2022\/11\/P1010094-rotated.jpg?resize=1152%2C1536&amp;ssl=1 1152w, https:\/\/i0.wp.com\/davidsibieude.art\/wp-content\/uploads\/2022\/11\/P1010094-rotated.jpg?w=1536&amp;ssl=1 1536w\" sizes=\"auto, (max-width: 920px) 100vw, 920px\" \/><figcaption class=\"wp-element-caption\"><strong>Vitrines<\/strong> \/ D\u00e9tail &#8211; 2009<\/figcaption><\/figure>\n","protected":false},"excerpt":{"rendered":"<p>Vitrines est une installation que j&rsquo;ai r\u00e9alis\u00e9e en 2009. Elle se compose de deux vitrines particuli\u00e8rement basses en bois avec leurs vitrages respectifs en plexiglas. Chaque vitrine est tapiss\u00e9e avec de la moquette bleue. Ces vitrines montrent des empreintes de mon visage et de mes mains en cire . Sous chacune des pi\u00e8ces expos\u00e9es se &#8230; <a title=\"Vitrines\" class=\"read-more\" href=\"https:\/\/davidsibieude.art\/index.php\/vitrines\/\" aria-label=\"En savoir plus sur Vitrines\">Lire la suite<\/a><\/p>\n","protected":false},"author":1,"featured_media":0,"parent":0,"menu_order":0,"comment_status":"closed","ping_status":"closed","template":"","meta":{"footnotes":""},"class_list":["post-1283","page","type-page","status-publish"],"yoast_head":"<!-- This site is optimized with the Yoast SEO plugin v26.0 - https:\/\/yoast.com\/wordpress\/plugins\/seo\/ -->\n<title>Vitrines - David Sibieude<\/title>\n<meta name=\"robots\" content=\"index, follow, max-snippet:-1, max-image-preview:large, max-video-preview:-1\" \/>\n<link rel=\"canonical\" href=\"https:\/\/davidsibieude.art\/index.php\/vitrines\/\" \/>\n<meta property=\"og:locale\" content=\"fr_FR\" \/>\n<meta property=\"og:type\" content=\"article\" \/>\n<meta property=\"og:title\" content=\"Vitrines - David Sibieude\" \/>\n<meta property=\"og:description\" content=\"Vitrines est une installation que j&rsquo;ai r\u00e9alis\u00e9e en 2009. Elle se compose de deux vitrines particuli\u00e8rement basses en bois avec leurs vitrages respectifs en plexiglas. Chaque vitrine est tapiss\u00e9e avec de la moquette bleue. Ces vitrines montrent des empreintes de mon visage et de mes mains en cire . Sous chacune des pi\u00e8ces expos\u00e9es se ... Lire la suite\" \/>\n<meta property=\"og:url\" content=\"https:\/\/davidsibieude.art\/index.php\/vitrines\/\" \/>\n<meta property=\"og:site_name\" content=\"David Sibieude\" \/>\n<meta property=\"article:modified_time\" content=\"2022-11-09T20:48:11+00:00\" \/>\n<meta property=\"og:image\" content=\"https:\/\/davidsibieude.art\/wp-content\/uploads\/2022\/11\/P1010093-1024x768.jpg\" \/>\n<meta name=\"twitter:card\" content=\"summary_large_image\" \/>\n<meta name=\"twitter:label1\" content=\"Dur\u00e9e de lecture estim\u00e9e\" \/>\n\t<meta name=\"twitter:data1\" content=\"2 minutes\" \/>\n<script type=\"application\/ld+json\" class=\"yoast-schema-graph\">{\"@context\":\"https:\/\/schema.org\",\"@graph\":[{\"@type\":\"WebPage\",\"@id\":\"https:\/\/davidsibieude.art\/index.php\/vitrines\/\",\"url\":\"https:\/\/davidsibieude.art\/index.php\/vitrines\/\",\"name\":\"Vitrines - David Sibieude\",\"isPartOf\":{\"@id\":\"https:\/\/davidsibieude.art\/#website\"},\"primaryImageOfPage\":{\"@id\":\"https:\/\/davidsibieude.art\/index.php\/vitrines\/#primaryimage\"},\"image\":{\"@id\":\"https:\/\/davidsibieude.art\/index.php\/vitrines\/#primaryimage\"},\"thumbnailUrl\":\"https:\/\/davidsibieude.art\/wp-content\/uploads\/2022\/11\/P1010093-1024x768.jpg\",\"datePublished\":\"2022-11-03T17:01:51+00:00\",\"dateModified\":\"2022-11-09T20:48:11+00:00\",\"breadcrumb\":{\"@id\":\"https:\/\/davidsibieude.art\/index.php\/vitrines\/#breadcrumb\"},\"inLanguage\":\"fr-FR\",\"potentialAction\":[{\"@type\":\"ReadAction\",\"target\":[\"https:\/\/davidsibieude.art\/index.php\/vitrines\/\"]}]},{\"@type\":\"ImageObject\",\"inLanguage\":\"fr-FR\",\"@id\":\"https:\/\/davidsibieude.art\/index.php\/vitrines\/#primaryimage\",\"url\":\"https:\/\/i0.wp.com\/davidsibieude.art\/wp-content\/uploads\/2022\/11\/P1010093.jpg?fit=2048%2C1536&ssl=1\",\"contentUrl\":\"https:\/\/i0.wp.com\/davidsibieude.art\/wp-content\/uploads\/2022\/11\/P1010093.jpg?fit=2048%2C1536&ssl=1\",\"width\":2048,\"height\":1536},{\"@type\":\"BreadcrumbList\",\"@id\":\"https:\/\/davidsibieude.art\/index.php\/vitrines\/#breadcrumb\",\"itemListElement\":[{\"@type\":\"ListItem\",\"position\":1,\"name\":\"Accueil\",\"item\":\"https:\/\/davidsibieude.art\/\"},{\"@type\":\"ListItem\",\"position\":2,\"name\":\"Vitrines\"}]},{\"@type\":\"WebSite\",\"@id\":\"https:\/\/davidsibieude.art\/#website\",\"url\":\"https:\/\/davidsibieude.art\/\",\"name\":\"David Sibieude\",\"description\":\"artiste peintre\",\"potentialAction\":[{\"@type\":\"SearchAction\",\"target\":{\"@type\":\"EntryPoint\",\"urlTemplate\":\"https:\/\/davidsibieude.art\/?s={search_term_string}\"},\"query-input\":{\"@type\":\"PropertyValueSpecification\",\"valueRequired\":true,\"valueName\":\"search_term_string\"}}],\"inLanguage\":\"fr-FR\"}]}<\/script>\n<!-- \/ Yoast SEO plugin. -->","yoast_head_json":{"title":"Vitrines - David Sibieude","robots":{"index":"index","follow":"follow","max-snippet":"max-snippet:-1","max-image-preview":"max-image-preview:large","max-video-preview":"max-video-preview:-1"},"canonical":"https:\/\/davidsibieude.art\/index.php\/vitrines\/","og_locale":"fr_FR","og_type":"article","og_title":"Vitrines - David Sibieude","og_description":"Vitrines est une installation que j&rsquo;ai r\u00e9alis\u00e9e en 2009. Elle se compose de deux vitrines particuli\u00e8rement basses en bois avec leurs vitrages respectifs en plexiglas. Chaque vitrine est tapiss\u00e9e avec de la moquette bleue. Ces vitrines montrent des empreintes de mon visage et de mes mains en cire . Sous chacune des pi\u00e8ces expos\u00e9es se ... Lire la suite","og_url":"https:\/\/davidsibieude.art\/index.php\/vitrines\/","og_site_name":"David Sibieude","article_modified_time":"2022-11-09T20:48:11+00:00","og_image":[{"url":"https:\/\/davidsibieude.art\/wp-content\/uploads\/2022\/11\/P1010093-1024x768.jpg","type":"","width":"","height":""}],"twitter_card":"summary_large_image","twitter_misc":{"Dur\u00e9e de lecture estim\u00e9e":"2 minutes"},"schema":{"@context":"https:\/\/schema.org","@graph":[{"@type":"WebPage","@id":"https:\/\/davidsibieude.art\/index.php\/vitrines\/","url":"https:\/\/davidsibieude.art\/index.php\/vitrines\/","name":"Vitrines - David Sibieude","isPartOf":{"@id":"https:\/\/davidsibieude.art\/#website"},"primaryImageOfPage":{"@id":"https:\/\/davidsibieude.art\/index.php\/vitrines\/#primaryimage"},"image":{"@id":"https:\/\/davidsibieude.art\/index.php\/vitrines\/#primaryimage"},"thumbnailUrl":"https:\/\/davidsibieude.art\/wp-content\/uploads\/2022\/11\/P1010093-1024x768.jpg","datePublished":"2022-11-03T17:01:51+00:00","dateModified":"2022-11-09T20:48:11+00:00","breadcrumb":{"@id":"https:\/\/davidsibieude.art\/index.php\/vitrines\/#breadcrumb"},"inLanguage":"fr-FR","potentialAction":[{"@type":"ReadAction","target":["https:\/\/davidsibieude.art\/index.php\/vitrines\/"]}]},{"@type":"ImageObject","inLanguage":"fr-FR","@id":"https:\/\/davidsibieude.art\/index.php\/vitrines\/#primaryimage","url":"https:\/\/i0.wp.com\/davidsibieude.art\/wp-content\/uploads\/2022\/11\/P1010093.jpg?fit=2048%2C1536&ssl=1","contentUrl":"https:\/\/i0.wp.com\/davidsibieude.art\/wp-content\/uploads\/2022\/11\/P1010093.jpg?fit=2048%2C1536&ssl=1","width":2048,"height":1536},{"@type":"BreadcrumbList","@id":"https:\/\/davidsibieude.art\/index.php\/vitrines\/#breadcrumb","itemListElement":[{"@type":"ListItem","position":1,"name":"Accueil","item":"https:\/\/davidsibieude.art\/"},{"@type":"ListItem","position":2,"name":"Vitrines"}]},{"@type":"WebSite","@id":"https:\/\/davidsibieude.art\/#website","url":"https:\/\/davidsibieude.art\/","name":"David Sibieude","description":"artiste peintre","potentialAction":[{"@type":"SearchAction","target":{"@type":"EntryPoint","urlTemplate":"https:\/\/davidsibieude.art\/?s={search_term_string}"},"query-input":{"@type":"PropertyValueSpecification","valueRequired":true,"valueName":"search_term_string"}}],"inLanguage":"fr-FR"}]}},"jetpack_sharing_enabled":true,"_links":{"self":[{"href":"https:\/\/davidsibieude.art\/index.php\/wp-json\/wp\/v2\/pages\/1283","targetHints":{"allow":["GET"]}}],"collection":[{"href":"https:\/\/davidsibieude.art\/index.php\/wp-json\/wp\/v2\/pages"}],"about":[{"href":"https:\/\/davidsibieude.art\/index.php\/wp-json\/wp\/v2\/types\/page"}],"author":[{"embeddable":true,"href":"https:\/\/davidsibieude.art\/index.php\/wp-json\/wp\/v2\/users\/1"}],"replies":[{"embeddable":true,"href":"https:\/\/davidsibieude.art\/index.php\/wp-json\/wp\/v2\/comments?post=1283"}],"version-history":[{"count":16,"href":"https:\/\/davidsibieude.art\/index.php\/wp-json\/wp\/v2\/pages\/1283\/revisions"}],"predecessor-version":[{"id":2167,"href":"https:\/\/davidsibieude.art\/index.php\/wp-json\/wp\/v2\/pages\/1283\/revisions\/2167"}],"wp:attachment":[{"href":"https:\/\/davidsibieude.art\/index.php\/wp-json\/wp\/v2\/media?parent=1283"}],"curies":[{"name":"wp","href":"https:\/\/api.w.org\/{rel}","templated":true}]}}