{"id":1066,"date":"2022-11-03T08:43:25","date_gmt":"2022-11-03T07:43:25","guid":{"rendered":"https:\/\/davidsibieude.art\/?page_id=1066"},"modified":"2022-11-09T22:09:12","modified_gmt":"2022-11-09T21:09:12","slug":"construction-destruction","status":"publish","type":"page","link":"https:\/\/davidsibieude.art\/index.php\/construction-destruction\/","title":{"rendered":"Construction \/ Destruction"},"content":{"rendered":"\n<p><\/p>\n\n\n\n<div style=\"height:100px\" aria-hidden=\"true\" class=\"wp-block-spacer\"><\/div>\n\n\n\n<p><em>Construction \/ Destruction<\/em> est une s\u00e9rie d&rsquo;\u0153uvres r\u00e9alis\u00e9es \u00e0 la peinture acrylique sur feuilles de papier entam\u00e9e en 2017. Dans cette s\u00e9rie ma r\u00e9flexion se concentre sur la repr\u00e9sentation visuelle d&rsquo;un paradoxe naturel et essentiel. <br><br>En observant ces peintures, on peut faire le parall\u00e8le avec l&rsquo;histoire du dieu hindou Shiva Nataraja qui execute sa danse cosmique dite Danse de la f\u00e9licit\u00e9. Celui-ci a quatre bras. Il tient dans sa main droite sup\u00e9rieure un tambour symbolisant le son primordial de la cr\u00e9ation de l&rsquo;univers, dans sa main gauche une flamme symbolisant la destruction du monde. Sa deuxi\u00e8me main droite est en\u00a0abhaya-mudr\u0101, geste de protection. Sa main gauche inf\u00e9rieure montre sa jambe lev\u00e9e symbolisant l&rsquo;espoir de lib\u00e9ration. Il \u00e9crase de sa deuxi\u00e8me jambe le nain\u00a0Apasm\u0101rapuru\u1e63a, aussi appel\u00e9 Muyalaka, qui repr\u00e9sente l\u2019ignorance. (sources Wikip\u00e9dia)<\/p>\n\n\n\n<p>Ici, les bouts de scotch qui ont servis \u00e0 lac\u00e9rer et endomager la feuille de papier sur laquelle j&rsquo;ai peint, sont les m\u00eames qui vont compl\u00e9ter et finalement participer \u00e0 l&rsquo;\u00e9laboration, \u00e0 la cr\u00e9ation de l&rsquo;\u0153uvre. Ils peuvent aussi servir \u00e0 joindre les deux parties constitutives de l&rsquo;\u0153uvre finale ensemble (Sans titre 10). <br>On retrouve ce bin\u00f4me <em>Construction \/ Destruction<\/em> dans le geste que j&rsquo;accompli. Bin\u00f4me paradoxal d&rsquo;un certain point de vue, mais essentiel au cycle de la vie. Ce qui meurt nourrit ce qui vit et ainsi de suite.<\/p>\n\n\n\n<div style=\"height:100px\" aria-hidden=\"true\" class=\"wp-block-spacer\"><\/div>\n\n\n\n<figure class=\"wp-block-image size-large\"><img data-recalc-dims=\"1\" loading=\"lazy\" decoding=\"async\" width=\"1024\" height=\"768\" src=\"https:\/\/i0.wp.com\/davidsibieude.art\/wp-content\/uploads\/2022\/11\/sans-titre-9.jpg?resize=1024%2C768&#038;ssl=1\" alt=\"\" class=\"wp-image-1072\" srcset=\"https:\/\/i0.wp.com\/davidsibieude.art\/wp-content\/uploads\/2022\/11\/sans-titre-9.jpg?resize=1024%2C768&amp;ssl=1 1024w, https:\/\/i0.wp.com\/davidsibieude.art\/wp-content\/uploads\/2022\/11\/sans-titre-9.jpg?resize=300%2C225&amp;ssl=1 300w, https:\/\/i0.wp.com\/davidsibieude.art\/wp-content\/uploads\/2022\/11\/sans-titre-9.jpg?resize=768%2C576&amp;ssl=1 768w, https:\/\/i0.wp.com\/davidsibieude.art\/wp-content\/uploads\/2022\/11\/sans-titre-9.jpg?resize=1536%2C1152&amp;ssl=1 1536w, https:\/\/i0.wp.com\/davidsibieude.art\/wp-content\/uploads\/2022\/11\/sans-titre-9.jpg?resize=2048%2C1536&amp;ssl=1 2048w\" sizes=\"auto, (max-width: 1024px) 100vw, 1024px\" \/><figcaption class=\"wp-element-caption\"><strong>Construction \/ Destrcution<\/strong> \/ Sans titre 9 &#8211; 60 cm x 84 cm &#8211; 2017<\/figcaption><\/figure>\n\n\n\n<div style=\"height:100px\" aria-hidden=\"true\" class=\"wp-block-spacer\"><\/div>\n\n\n\n<figure class=\"wp-block-image size-large\"><img data-recalc-dims=\"1\" loading=\"lazy\" decoding=\"async\" width=\"1024\" height=\"768\" src=\"https:\/\/i0.wp.com\/davidsibieude.art\/wp-content\/uploads\/2022\/11\/sans-titre-10.jpg?resize=1024%2C768&#038;ssl=1\" alt=\"\" class=\"wp-image-1073\" srcset=\"https:\/\/i0.wp.com\/davidsibieude.art\/wp-content\/uploads\/2022\/11\/sans-titre-10.jpg?resize=1024%2C768&amp;ssl=1 1024w, https:\/\/i0.wp.com\/davidsibieude.art\/wp-content\/uploads\/2022\/11\/sans-titre-10.jpg?resize=300%2C225&amp;ssl=1 300w, https:\/\/i0.wp.com\/davidsibieude.art\/wp-content\/uploads\/2022\/11\/sans-titre-10.jpg?resize=768%2C576&amp;ssl=1 768w, https:\/\/i0.wp.com\/davidsibieude.art\/wp-content\/uploads\/2022\/11\/sans-titre-10.jpg?resize=1536%2C1152&amp;ssl=1 1536w, https:\/\/i0.wp.com\/davidsibieude.art\/wp-content\/uploads\/2022\/11\/sans-titre-10.jpg?resize=2048%2C1536&amp;ssl=1 2048w\" sizes=\"auto, (max-width: 1024px) 100vw, 1024px\" \/><figcaption class=\"wp-element-caption\"><strong>Construction \/ Destrcution<\/strong> \/ Sans titre 10 &#8211; 60 cm x 84 cm &#8211; 2017<\/figcaption><\/figure>\n\n\n\n<div style=\"height:100px\" aria-hidden=\"true\" class=\"wp-block-spacer\"><\/div>\n\n\n\n<figure class=\"wp-block-image size-large is-resized\"><img data-recalc-dims=\"1\" loading=\"lazy\" decoding=\"async\" src=\"https:\/\/i0.wp.com\/davidsibieude.art\/wp-content\/uploads\/2022\/11\/sans-titre-11.jpg?resize=921%2C1228&#038;ssl=1\" alt=\"\" class=\"wp-image-1074\" width=\"921\" height=\"1228\" srcset=\"https:\/\/i0.wp.com\/davidsibieude.art\/wp-content\/uploads\/2022\/11\/sans-titre-11.jpg?resize=768%2C1024&amp;ssl=1 768w, https:\/\/i0.wp.com\/davidsibieude.art\/wp-content\/uploads\/2022\/11\/sans-titre-11.jpg?resize=225%2C300&amp;ssl=1 225w, https:\/\/i0.wp.com\/davidsibieude.art\/wp-content\/uploads\/2022\/11\/sans-titre-11.jpg?resize=1152%2C1536&amp;ssl=1 1152w, https:\/\/i0.wp.com\/davidsibieude.art\/wp-content\/uploads\/2022\/11\/sans-titre-11.jpg?resize=1536%2C2048&amp;ssl=1 1536w, https:\/\/i0.wp.com\/davidsibieude.art\/wp-content\/uploads\/2022\/11\/sans-titre-11.jpg?w=1704&amp;ssl=1 1704w\" sizes=\"auto, (max-width: 921px) 100vw, 921px\" \/><figcaption class=\"wp-element-caption\"><strong>Construction \/ Destrcution<\/strong> \/ Sans titre 11 &#8211; 60 cm x 42 cm &#8211; 2017<\/figcaption><\/figure>\n\n\n\n<div style=\"height:100px\" aria-hidden=\"true\" class=\"wp-block-spacer\"><\/div>\n\n\n\n<figure class=\"wp-block-image size-large is-resized\"><img data-recalc-dims=\"1\" loading=\"lazy\" decoding=\"async\" src=\"https:\/\/i0.wp.com\/davidsibieude.art\/wp-content\/uploads\/2022\/11\/sans-titre-12.jpg?resize=920%2C1227&#038;ssl=1\" alt=\"\" class=\"wp-image-1076\" width=\"920\" height=\"1227\" srcset=\"https:\/\/i0.wp.com\/davidsibieude.art\/wp-content\/uploads\/2022\/11\/sans-titre-12.jpg?resize=768%2C1024&amp;ssl=1 768w, https:\/\/i0.wp.com\/davidsibieude.art\/wp-content\/uploads\/2022\/11\/sans-titre-12.jpg?resize=225%2C300&amp;ssl=1 225w, https:\/\/i0.wp.com\/davidsibieude.art\/wp-content\/uploads\/2022\/11\/sans-titre-12.jpg?resize=1152%2C1536&amp;ssl=1 1152w, https:\/\/i0.wp.com\/davidsibieude.art\/wp-content\/uploads\/2022\/11\/sans-titre-12.jpg?resize=1536%2C2048&amp;ssl=1 1536w, https:\/\/i0.wp.com\/davidsibieude.art\/wp-content\/uploads\/2022\/11\/sans-titre-12.jpg?w=1704&amp;ssl=1 1704w\" sizes=\"auto, (max-width: 920px) 100vw, 920px\" \/><figcaption class=\"wp-element-caption\"><strong>Construction \/ Destrcution<\/strong> \/ Sans titre 12 &#8211; 60 cm x 42 cm &#8211; 2017<\/figcaption><\/figure>\n\n\n\n<div style=\"height:100px\" aria-hidden=\"true\" class=\"wp-block-spacer\"><\/div>\n\n\n\n<figure class=\"wp-block-image size-large is-resized\"><img data-recalc-dims=\"1\" loading=\"lazy\" decoding=\"async\" src=\"https:\/\/i0.wp.com\/davidsibieude.art\/wp-content\/uploads\/2022\/11\/sans-titre-13.jpg?resize=922%2C1229&#038;ssl=1\" alt=\"\" class=\"wp-image-1078\" width=\"922\" height=\"1229\" srcset=\"https:\/\/i0.wp.com\/davidsibieude.art\/wp-content\/uploads\/2022\/11\/sans-titre-13.jpg?resize=768%2C1024&amp;ssl=1 768w, https:\/\/i0.wp.com\/davidsibieude.art\/wp-content\/uploads\/2022\/11\/sans-titre-13.jpg?resize=225%2C300&amp;ssl=1 225w, https:\/\/i0.wp.com\/davidsibieude.art\/wp-content\/uploads\/2022\/11\/sans-titre-13.jpg?resize=1152%2C1536&amp;ssl=1 1152w, https:\/\/i0.wp.com\/davidsibieude.art\/wp-content\/uploads\/2022\/11\/sans-titre-13.jpg?resize=1536%2C2048&amp;ssl=1 1536w, https:\/\/i0.wp.com\/davidsibieude.art\/wp-content\/uploads\/2022\/11\/sans-titre-13.jpg?w=1704&amp;ssl=1 1704w\" sizes=\"auto, (max-width: 922px) 100vw, 922px\" \/><figcaption class=\"wp-element-caption\"><strong>Construction \/ Destrcution<\/strong> \/ Sans titre 13 &#8211; 60 cm x 42 cm &#8211; 2017<\/figcaption><\/figure>\n\n\n\n<div style=\"height:100px\" aria-hidden=\"true\" class=\"wp-block-spacer\"><\/div>\n\n\n\n<figure class=\"wp-block-image size-large is-resized\"><img data-recalc-dims=\"1\" loading=\"lazy\" decoding=\"async\" src=\"https:\/\/i0.wp.com\/davidsibieude.art\/wp-content\/uploads\/2022\/11\/sans-titre-14.jpg?resize=920%2C1227&#038;ssl=1\" alt=\"\" class=\"wp-image-1081\" width=\"920\" height=\"1227\" srcset=\"https:\/\/i0.wp.com\/davidsibieude.art\/wp-content\/uploads\/2022\/11\/sans-titre-14.jpg?resize=768%2C1024&amp;ssl=1 768w, https:\/\/i0.wp.com\/davidsibieude.art\/wp-content\/uploads\/2022\/11\/sans-titre-14.jpg?resize=225%2C300&amp;ssl=1 225w, https:\/\/i0.wp.com\/davidsibieude.art\/wp-content\/uploads\/2022\/11\/sans-titre-14.jpg?resize=1152%2C1536&amp;ssl=1 1152w, https:\/\/i0.wp.com\/davidsibieude.art\/wp-content\/uploads\/2022\/11\/sans-titre-14.jpg?resize=1536%2C2048&amp;ssl=1 1536w, https:\/\/i0.wp.com\/davidsibieude.art\/wp-content\/uploads\/2022\/11\/sans-titre-14.jpg?w=1704&amp;ssl=1 1704w\" sizes=\"auto, (max-width: 920px) 100vw, 920px\" \/><figcaption class=\"wp-element-caption\"><strong>Construction \/ Destrcution<\/strong> \/ Sans titre 14 &#8211; 60 cm x 42 cm &#8211; 2017<\/figcaption><\/figure>\n","protected":false},"excerpt":{"rendered":"<p>Construction \/ Destruction est une s\u00e9rie d&rsquo;\u0153uvres r\u00e9alis\u00e9es \u00e0 la peinture acrylique sur feuilles de papier entam\u00e9e en 2017. Dans cette s\u00e9rie ma r\u00e9flexion se concentre sur la repr\u00e9sentation visuelle d&rsquo;un paradoxe naturel et essentiel. En observant ces peintures, on peut faire le parall\u00e8le avec l&rsquo;histoire du dieu hindou Shiva Nataraja qui execute sa danse &#8230; <a title=\"Construction \/ Destruction\" class=\"read-more\" href=\"https:\/\/davidsibieude.art\/index.php\/construction-destruction\/\" aria-label=\"En savoir plus sur Construction \/ Destruction\">Lire la suite<\/a><\/p>\n","protected":false},"author":1,"featured_media":0,"parent":0,"menu_order":0,"comment_status":"closed","ping_status":"closed","template":"","meta":{"footnotes":""},"class_list":["post-1066","page","type-page","status-publish"],"yoast_head":"<!-- This site is optimized with the Yoast SEO plugin v26.0 - https:\/\/yoast.com\/wordpress\/plugins\/seo\/ -->\n<title>Construction \/ Destruction - David Sibieude<\/title>\n<meta name=\"robots\" content=\"index, follow, max-snippet:-1, max-image-preview:large, max-video-preview:-1\" \/>\n<link rel=\"canonical\" href=\"https:\/\/davidsibieude.art\/index.php\/construction-destruction\/\" \/>\n<meta property=\"og:locale\" content=\"fr_FR\" \/>\n<meta property=\"og:type\" content=\"article\" \/>\n<meta property=\"og:title\" content=\"Construction \/ Destruction - David Sibieude\" \/>\n<meta property=\"og:description\" content=\"Construction \/ Destruction est une s\u00e9rie d&rsquo;\u0153uvres r\u00e9alis\u00e9es \u00e0 la peinture acrylique sur feuilles de papier entam\u00e9e en 2017. Dans cette s\u00e9rie ma r\u00e9flexion se concentre sur la repr\u00e9sentation visuelle d&rsquo;un paradoxe naturel et essentiel. En observant ces peintures, on peut faire le parall\u00e8le avec l&rsquo;histoire du dieu hindou Shiva Nataraja qui execute sa danse ... Lire la suite\" \/>\n<meta property=\"og:url\" content=\"https:\/\/davidsibieude.art\/index.php\/construction-destruction\/\" \/>\n<meta property=\"og:site_name\" content=\"David Sibieude\" \/>\n<meta property=\"article:modified_time\" content=\"2022-11-09T21:09:12+00:00\" \/>\n<meta property=\"og:image\" content=\"https:\/\/davidsibieude.art\/wp-content\/uploads\/2022\/11\/sans-titre-9-1024x768.jpg\" \/>\n<meta name=\"twitter:card\" content=\"summary_large_image\" \/>\n<meta name=\"twitter:label1\" content=\"Dur\u00e9e de lecture estim\u00e9e\" \/>\n\t<meta name=\"twitter:data1\" content=\"1 minute\" \/>\n<script type=\"application\/ld+json\" class=\"yoast-schema-graph\">{\"@context\":\"https:\/\/schema.org\",\"@graph\":[{\"@type\":\"WebPage\",\"@id\":\"https:\/\/davidsibieude.art\/index.php\/construction-destruction\/\",\"url\":\"https:\/\/davidsibieude.art\/index.php\/construction-destruction\/\",\"name\":\"Construction \/ Destruction - David Sibieude\",\"isPartOf\":{\"@id\":\"https:\/\/davidsibieude.art\/#website\"},\"primaryImageOfPage\":{\"@id\":\"https:\/\/davidsibieude.art\/index.php\/construction-destruction\/#primaryimage\"},\"image\":{\"@id\":\"https:\/\/davidsibieude.art\/index.php\/construction-destruction\/#primaryimage\"},\"thumbnailUrl\":\"https:\/\/davidsibieude.art\/wp-content\/uploads\/2022\/11\/sans-titre-9-1024x768.jpg\",\"datePublished\":\"2022-11-03T07:43:25+00:00\",\"dateModified\":\"2022-11-09T21:09:12+00:00\",\"breadcrumb\":{\"@id\":\"https:\/\/davidsibieude.art\/index.php\/construction-destruction\/#breadcrumb\"},\"inLanguage\":\"fr-FR\",\"potentialAction\":[{\"@type\":\"ReadAction\",\"target\":[\"https:\/\/davidsibieude.art\/index.php\/construction-destruction\/\"]}]},{\"@type\":\"ImageObject\",\"inLanguage\":\"fr-FR\",\"@id\":\"https:\/\/davidsibieude.art\/index.php\/construction-destruction\/#primaryimage\",\"url\":\"https:\/\/i0.wp.com\/davidsibieude.art\/wp-content\/uploads\/2022\/11\/sans-titre-9.jpg?fit=2272%2C1704&ssl=1\",\"contentUrl\":\"https:\/\/i0.wp.com\/davidsibieude.art\/wp-content\/uploads\/2022\/11\/sans-titre-9.jpg?fit=2272%2C1704&ssl=1\",\"width\":2272,\"height\":1704},{\"@type\":\"BreadcrumbList\",\"@id\":\"https:\/\/davidsibieude.art\/index.php\/construction-destruction\/#breadcrumb\",\"itemListElement\":[{\"@type\":\"ListItem\",\"position\":1,\"name\":\"Accueil\",\"item\":\"https:\/\/davidsibieude.art\/\"},{\"@type\":\"ListItem\",\"position\":2,\"name\":\"Construction \/ Destruction\"}]},{\"@type\":\"WebSite\",\"@id\":\"https:\/\/davidsibieude.art\/#website\",\"url\":\"https:\/\/davidsibieude.art\/\",\"name\":\"David Sibieude\",\"description\":\"artiste peintre\",\"potentialAction\":[{\"@type\":\"SearchAction\",\"target\":{\"@type\":\"EntryPoint\",\"urlTemplate\":\"https:\/\/davidsibieude.art\/?s={search_term_string}\"},\"query-input\":{\"@type\":\"PropertyValueSpecification\",\"valueRequired\":true,\"valueName\":\"search_term_string\"}}],\"inLanguage\":\"fr-FR\"}]}<\/script>\n<!-- \/ Yoast SEO plugin. -->","yoast_head_json":{"title":"Construction \/ Destruction - David Sibieude","robots":{"index":"index","follow":"follow","max-snippet":"max-snippet:-1","max-image-preview":"max-image-preview:large","max-video-preview":"max-video-preview:-1"},"canonical":"https:\/\/davidsibieude.art\/index.php\/construction-destruction\/","og_locale":"fr_FR","og_type":"article","og_title":"Construction \/ Destruction - David Sibieude","og_description":"Construction \/ Destruction est une s\u00e9rie d&rsquo;\u0153uvres r\u00e9alis\u00e9es \u00e0 la peinture acrylique sur feuilles de papier entam\u00e9e en 2017. Dans cette s\u00e9rie ma r\u00e9flexion se concentre sur la repr\u00e9sentation visuelle d&rsquo;un paradoxe naturel et essentiel. En observant ces peintures, on peut faire le parall\u00e8le avec l&rsquo;histoire du dieu hindou Shiva Nataraja qui execute sa danse ... Lire la suite","og_url":"https:\/\/davidsibieude.art\/index.php\/construction-destruction\/","og_site_name":"David Sibieude","article_modified_time":"2022-11-09T21:09:12+00:00","og_image":[{"url":"https:\/\/davidsibieude.art\/wp-content\/uploads\/2022\/11\/sans-titre-9-1024x768.jpg","type":"","width":"","height":""}],"twitter_card":"summary_large_image","twitter_misc":{"Dur\u00e9e de lecture estim\u00e9e":"1 minute"},"schema":{"@context":"https:\/\/schema.org","@graph":[{"@type":"WebPage","@id":"https:\/\/davidsibieude.art\/index.php\/construction-destruction\/","url":"https:\/\/davidsibieude.art\/index.php\/construction-destruction\/","name":"Construction \/ Destruction - David Sibieude","isPartOf":{"@id":"https:\/\/davidsibieude.art\/#website"},"primaryImageOfPage":{"@id":"https:\/\/davidsibieude.art\/index.php\/construction-destruction\/#primaryimage"},"image":{"@id":"https:\/\/davidsibieude.art\/index.php\/construction-destruction\/#primaryimage"},"thumbnailUrl":"https:\/\/davidsibieude.art\/wp-content\/uploads\/2022\/11\/sans-titre-9-1024x768.jpg","datePublished":"2022-11-03T07:43:25+00:00","dateModified":"2022-11-09T21:09:12+00:00","breadcrumb":{"@id":"https:\/\/davidsibieude.art\/index.php\/construction-destruction\/#breadcrumb"},"inLanguage":"fr-FR","potentialAction":[{"@type":"ReadAction","target":["https:\/\/davidsibieude.art\/index.php\/construction-destruction\/"]}]},{"@type":"ImageObject","inLanguage":"fr-FR","@id":"https:\/\/davidsibieude.art\/index.php\/construction-destruction\/#primaryimage","url":"https:\/\/i0.wp.com\/davidsibieude.art\/wp-content\/uploads\/2022\/11\/sans-titre-9.jpg?fit=2272%2C1704&ssl=1","contentUrl":"https:\/\/i0.wp.com\/davidsibieude.art\/wp-content\/uploads\/2022\/11\/sans-titre-9.jpg?fit=2272%2C1704&ssl=1","width":2272,"height":1704},{"@type":"BreadcrumbList","@id":"https:\/\/davidsibieude.art\/index.php\/construction-destruction\/#breadcrumb","itemListElement":[{"@type":"ListItem","position":1,"name":"Accueil","item":"https:\/\/davidsibieude.art\/"},{"@type":"ListItem","position":2,"name":"Construction \/ Destruction"}]},{"@type":"WebSite","@id":"https:\/\/davidsibieude.art\/#website","url":"https:\/\/davidsibieude.art\/","name":"David Sibieude","description":"artiste peintre","potentialAction":[{"@type":"SearchAction","target":{"@type":"EntryPoint","urlTemplate":"https:\/\/davidsibieude.art\/?s={search_term_string}"},"query-input":{"@type":"PropertyValueSpecification","valueRequired":true,"valueName":"search_term_string"}}],"inLanguage":"fr-FR"}]}},"jetpack_sharing_enabled":true,"_links":{"self":[{"href":"https:\/\/davidsibieude.art\/index.php\/wp-json\/wp\/v2\/pages\/1066","targetHints":{"allow":["GET"]}}],"collection":[{"href":"https:\/\/davidsibieude.art\/index.php\/wp-json\/wp\/v2\/pages"}],"about":[{"href":"https:\/\/davidsibieude.art\/index.php\/wp-json\/wp\/v2\/types\/page"}],"author":[{"embeddable":true,"href":"https:\/\/davidsibieude.art\/index.php\/wp-json\/wp\/v2\/users\/1"}],"replies":[{"embeddable":true,"href":"https:\/\/davidsibieude.art\/index.php\/wp-json\/wp\/v2\/comments?post=1066"}],"version-history":[{"count":26,"href":"https:\/\/davidsibieude.art\/index.php\/wp-json\/wp\/v2\/pages\/1066\/revisions"}],"predecessor-version":[{"id":2188,"href":"https:\/\/davidsibieude.art\/index.php\/wp-json\/wp\/v2\/pages\/1066\/revisions\/2188"}],"wp:attachment":[{"href":"https:\/\/davidsibieude.art\/index.php\/wp-json\/wp\/v2\/media?parent=1066"}],"curies":[{"name":"wp","href":"https:\/\/api.w.org\/{rel}","templated":true}]}}